{"id":3858,"date":"2022-03-16T07:25:36","date_gmt":"2022-03-16T06:25:36","guid":{"rendered":"https:\/\/www.tilti.com\/at\/?page_id=3858"},"modified":"2025-12-03T15:28:31","modified_gmt":"2025-12-03T14:28:31","slug":"marketing-und-werbung","status":"publish","type":"page","link":"https:\/\/www.tilti.com\/at\/de\/kompetenzbereiche\/marketing-und-werbung\/","title":{"rendered":"Marketing und Werbung"},"content":{"rendered":"<p>Bei professionellen \u00dcbersetzungen von Marketingtexten und Werbungsinhalten sind nicht nur diverse Sprachkenntnisse erforderlich \u2013 hier ist auch Marketingexpertise gefragt. Unsere \u00dcbersetzer verf\u00fcgen \u00fcber fundierte Sprachkenntnisse sowie ausf\u00fchrliches Fachwissen im Marketingbereich. Somit k\u00f6nnen Ihre Marketinginhalte an den jeweiligen Zielmarkt angepasst und lokalisiert werden.<\/p>\n<h2>Anforderungen und Besonderheiten<\/h2>\n<p data-start=\"383\" data-end=\"765\">Marketinginhalte und Werbetexte sind heute nicht nur vorteilhafte, sondern auch unverzichtbare Werkzeuge, um Dienstleistungen international sichtbar zu machen. Umso wichtiger ist es, Werbebotschaften stilsicher und \u00fcberzeugend in einer anderen Zielsprache zu formulieren. Dabei spielen Kreativit\u00e4t und ein feines Gesp\u00fcr f\u00fcr stilistische und kulturelle Nuancen eine zentrale Rolle.<\/p>\n<p data-start=\"767\" data-end=\"947\">Unsere \u00dcbersetzerinnen und \u00dcbersetzer verf\u00fcgen \u00fcber die sprachliche und kulturelle Kompetenz, um Marketinginhalte angemessen zu \u00fcbertragen und zielgruppenorientiert auszugestalten.<\/p>\n<h2>\u00dcbersetzungsleistungen im Bereich Marketing &amp; Werbung<\/h2>\n<p>&#8211; Werbekampagnen &amp; -slogans<br \/>\n&#8211; Produktbeschreibungen<br \/>\n&#8211; Social-Media-Content<br \/>\n&#8211; Kataloge &amp; Newsletter<br \/>\n&#8211; Pr\u00e4sentationen<\/p>\n<p>Die Werbeinhalte werden nicht nur schriftlich vermittelt. Zu den wichtigsten Marketingtools geh\u00f6rt unter anderem auch die Videoproduktion. In diesem Fall bieten wir Ihnen unsere Untertitelungsdienste an, damit Sie Ihre Werbevideos auf diversen Kan\u00e4len wie YouTube oder Instagram in mehreren Sprachen ver\u00f6ffentlichen k\u00f6nnen.<\/p>\n<h2>Tilti Multilingual \u2013 Ihr Partner<br \/>\nf\u00fcr \u00dcbersetzungen im Marketingbereich<\/h2>\n<p>Vertrauen Sie einem \u00dcbersetzungsexperten mit langj\u00e4hriger Erfahrung im Marketingbereich und profitieren Sie von der Erfahrung sowie dem sprachlichen Knowhow unserer Fach\u00fcbersetzer. Nutzen Sie unser <a href=\"\/at\/de\/angebotsanfrage\/\">Anfrageformular<\/a> f\u00fcr eine einfache und schnelle Bearbeitung Ihrer \u00dcbersetzung. Da viele Projekte unterschiedliche Anspr\u00fcche an den \u00dcbersetzungsprozess haben, beraten wir Sie gern auch individuell und telefonisch.<\/p>\n","protected":false},"excerpt":{"rendered":"<p>Bei professionellen \u00dcbersetzungen von Marketingtexten und Werbungsinhalten sind nicht nur diverse Sprachkenntnisse erforderlich \u2013 hier ist auch Marketingexpertise gefragt. Unsere \u00dcbersetzer verf\u00fcgen \u00fcber fundierte Sprachkenntnisse sowie ausf\u00fchrliches Fachwissen im Marketingbereich. Somit k\u00f6nnen Ihre Marketinginhalte an den jeweiligen Zielmarkt angepasst und lokalisiert werden. Anforderungen und Besonderheiten Marketinginhalte und Werbetexte sind heute nicht nur vorteilhafte, sondern auch [&hellip;]<\/p>\n","protected":false},"author":6,"featured_media":1198,"parent":660,"menu_order":0,"comment_status":"closed","ping_status":"closed","template":"page-competence.php","meta":{"_acf_changed":false,"footnotes":""},"class_list":["post-3858","page","type-page","status-publish","has-post-thumbnail","hentry"],"acf":[],"yoast_head":"<!-- This site is optimized with the Yoast SEO plugin v27.4 - https:\/\/yoast.com\/product\/yoast-seo-wordpress\/ -->\n<title>Marketing und Werbung - Tilti Multilingual<\/title>\n<meta name=\"robots\" content=\"index, follow, max-snippet:-1, max-image-preview:large, max-video-preview:-1\" \/>\n<link rel=\"canonical\" href=\"https:\/\/www.tilti.com\/at\/de\/kompetenzbereiche\/marketing-und-werbung\/\" \/>\n<meta property=\"og:locale\" content=\"de_DE\" \/>\n<meta property=\"og:type\" content=\"article\" \/>\n<meta property=\"og:title\" content=\"Marketing und Werbung - Tilti Multilingual\" \/>\n<meta property=\"og:description\" content=\"Bei professionellen \u00dcbersetzungen von Marketingtexten und Werbungsinhalten sind nicht nur diverse Sprachkenntnisse erforderlich \u2013 hier ist auch Marketingexpertise gefragt. Unsere \u00dcbersetzer verf\u00fcgen \u00fcber fundierte Sprachkenntnisse sowie ausf\u00fchrliches Fachwissen im Marketingbereich. Somit k\u00f6nnen Ihre Marketinginhalte an den jeweiligen Zielmarkt angepasst und lokalisiert werden. Anforderungen und Besonderheiten Marketinginhalte und Werbetexte sind heute nicht nur vorteilhafte, sondern auch [&hellip;]\" \/>\n<meta property=\"og:url\" content=\"https:\/\/www.tilti.com\/at\/de\/kompetenzbereiche\/marketing-und-werbung\/\" \/>\n<meta property=\"og:site_name\" content=\"Tilti Multilingual\" \/>\n<meta property=\"article:modified_time\" content=\"2025-12-03T14:28:31+00:00\" \/>\n<meta property=\"og:image\" content=\"https:\/\/www.tilti.com\/at\/wp-content\/uploads\/2017\/07\/tilti-hero-09.jpg\" \/>\n\t<meta property=\"og:image:width\" content=\"2880\" \/>\n\t<meta property=\"og:image:height\" content=\"1436\" \/>\n\t<meta property=\"og:image:type\" content=\"image\/jpeg\" \/>\n<meta name=\"twitter:card\" content=\"summary_large_image\" \/>\n<meta name=\"twitter:label1\" content=\"Gesch\u00e4tzte Lesezeit\" \/>\n\t<meta name=\"twitter:data1\" content=\"2 Minuten\" \/>\n<script type=\"application\/ld+json\" class=\"yoast-schema-graph\">{\"@context\":\"https:\\\/\\\/schema.org\",\"@graph\":[{\"@type\":\"WebPage\",\"@id\":\"https:\\\/\\\/www.tilti.com\\\/at\\\/de\\\/kompetenzbereiche\\\/marketing-und-werbung\\\/\",\"url\":\"https:\\\/\\\/www.tilti.com\\\/at\\\/de\\\/kompetenzbereiche\\\/marketing-und-werbung\\\/\",\"name\":\"Marketing und Werbung - Tilti Multilingual\",\"isPartOf\":{\"@id\":\"https:\\\/\\\/www.tilti.com\\\/at\\\/en\\\/#website\"},\"primaryImageOfPage\":{\"@id\":\"https:\\\/\\\/www.tilti.com\\\/at\\\/de\\\/kompetenzbereiche\\\/marketing-und-werbung\\\/#primaryimage\"},\"image\":{\"@id\":\"https:\\\/\\\/www.tilti.com\\\/at\\\/de\\\/kompetenzbereiche\\\/marketing-und-werbung\\\/#primaryimage\"},\"thumbnailUrl\":\"https:\\\/\\\/www.tilti.com\\\/at\\\/wp-content\\\/uploads\\\/2017\\\/07\\\/tilti-hero-09.jpg\",\"datePublished\":\"2022-03-16T06:25:36+00:00\",\"dateModified\":\"2025-12-03T14:28:31+00:00\",\"breadcrumb\":{\"@id\":\"https:\\\/\\\/www.tilti.com\\\/at\\\/de\\\/kompetenzbereiche\\\/marketing-und-werbung\\\/#breadcrumb\"},\"inLanguage\":\"de-AT\",\"potentialAction\":[{\"@type\":\"ReadAction\",\"target\":[\"https:\\\/\\\/www.tilti.com\\\/at\\\/de\\\/kompetenzbereiche\\\/marketing-und-werbung\\\/\"]}]},{\"@type\":\"ImageObject\",\"inLanguage\":\"de-AT\",\"@id\":\"https:\\\/\\\/www.tilti.com\\\/at\\\/de\\\/kompetenzbereiche\\\/marketing-und-werbung\\\/#primaryimage\",\"url\":\"https:\\\/\\\/www.tilti.com\\\/at\\\/wp-content\\\/uploads\\\/2017\\\/07\\\/tilti-hero-09.jpg\",\"contentUrl\":\"https:\\\/\\\/www.tilti.com\\\/at\\\/wp-content\\\/uploads\\\/2017\\\/07\\\/tilti-hero-09.jpg\",\"width\":2880,\"height\":1436,\"caption\":\"translation agency translators and project managers meeting\"},{\"@type\":\"BreadcrumbList\",\"@id\":\"https:\\\/\\\/www.tilti.com\\\/at\\\/de\\\/kompetenzbereiche\\\/marketing-und-werbung\\\/#breadcrumb\",\"itemListElement\":[{\"@type\":\"ListItem\",\"position\":1,\"name\":\"Start\",\"item\":\"https:\\\/\\\/www.tilti.com\\\/at\\\/de\\\/\"},{\"@type\":\"ListItem\",\"position\":2,\"name\":\"Kompetenzbereiche\",\"item\":\"https:\\\/\\\/www.tilti.com\\\/at\\\/de\\\/kompetenzbereiche\\\/\"},{\"@type\":\"ListItem\",\"position\":3,\"name\":\"Marketing und Werbung\"}]},{\"@type\":\"WebSite\",\"@id\":\"https:\\\/\\\/www.tilti.com\\\/at\\\/en\\\/#website\",\"url\":\"https:\\\/\\\/www.tilti.com\\\/at\\\/en\\\/\",\"name\":\"Tilti Multilingual\",\"description\":\"Language and Communication Solutions\",\"inLanguage\":\"de-AT\"}]}<\/script>\n<!-- \/ Yoast SEO plugin. -->","yoast_head_json":{"title":"Marketing und Werbung - Tilti Multilingual","robots":{"index":"index","follow":"follow","max-snippet":"max-snippet:-1","max-image-preview":"max-image-preview:large","max-video-preview":"max-video-preview:-1"},"canonical":"https:\/\/www.tilti.com\/at\/de\/kompetenzbereiche\/marketing-und-werbung\/","og_locale":"de_DE","og_type":"article","og_title":"Marketing und Werbung - Tilti Multilingual","og_description":"Bei professionellen \u00dcbersetzungen von Marketingtexten und Werbungsinhalten sind nicht nur diverse Sprachkenntnisse erforderlich \u2013 hier ist auch Marketingexpertise gefragt. Unsere \u00dcbersetzer verf\u00fcgen \u00fcber fundierte Sprachkenntnisse sowie ausf\u00fchrliches Fachwissen im Marketingbereich. Somit k\u00f6nnen Ihre Marketinginhalte an den jeweiligen Zielmarkt angepasst und lokalisiert werden. Anforderungen und Besonderheiten Marketinginhalte und Werbetexte sind heute nicht nur vorteilhafte, sondern auch [&hellip;]","og_url":"https:\/\/www.tilti.com\/at\/de\/kompetenzbereiche\/marketing-und-werbung\/","og_site_name":"Tilti Multilingual","article_modified_time":"2025-12-03T14:28:31+00:00","og_image":[{"width":2880,"height":1436,"url":"https:\/\/www.tilti.com\/at\/wp-content\/uploads\/2017\/07\/tilti-hero-09.jpg","type":"image\/jpeg"}],"twitter_card":"summary_large_image","twitter_misc":{"Gesch\u00e4tzte Lesezeit":"2 Minuten"},"schema":{"@context":"https:\/\/schema.org","@graph":[{"@type":"WebPage","@id":"https:\/\/www.tilti.com\/at\/de\/kompetenzbereiche\/marketing-und-werbung\/","url":"https:\/\/www.tilti.com\/at\/de\/kompetenzbereiche\/marketing-und-werbung\/","name":"Marketing und Werbung - Tilti Multilingual","isPartOf":{"@id":"https:\/\/www.tilti.com\/at\/en\/#website"},"primaryImageOfPage":{"@id":"https:\/\/www.tilti.com\/at\/de\/kompetenzbereiche\/marketing-und-werbung\/#primaryimage"},"image":{"@id":"https:\/\/www.tilti.com\/at\/de\/kompetenzbereiche\/marketing-und-werbung\/#primaryimage"},"thumbnailUrl":"https:\/\/www.tilti.com\/at\/wp-content\/uploads\/2017\/07\/tilti-hero-09.jpg","datePublished":"2022-03-16T06:25:36+00:00","dateModified":"2025-12-03T14:28:31+00:00","breadcrumb":{"@id":"https:\/\/www.tilti.com\/at\/de\/kompetenzbereiche\/marketing-und-werbung\/#breadcrumb"},"inLanguage":"de-AT","potentialAction":[{"@type":"ReadAction","target":["https:\/\/www.tilti.com\/at\/de\/kompetenzbereiche\/marketing-und-werbung\/"]}]},{"@type":"ImageObject","inLanguage":"de-AT","@id":"https:\/\/www.tilti.com\/at\/de\/kompetenzbereiche\/marketing-und-werbung\/#primaryimage","url":"https:\/\/www.tilti.com\/at\/wp-content\/uploads\/2017\/07\/tilti-hero-09.jpg","contentUrl":"https:\/\/www.tilti.com\/at\/wp-content\/uploads\/2017\/07\/tilti-hero-09.jpg","width":2880,"height":1436,"caption":"translation agency translators and project managers meeting"},{"@type":"BreadcrumbList","@id":"https:\/\/www.tilti.com\/at\/de\/kompetenzbereiche\/marketing-und-werbung\/#breadcrumb","itemListElement":[{"@type":"ListItem","position":1,"name":"Start","item":"https:\/\/www.tilti.com\/at\/de\/"},{"@type":"ListItem","position":2,"name":"Kompetenzbereiche","item":"https:\/\/www.tilti.com\/at\/de\/kompetenzbereiche\/"},{"@type":"ListItem","position":3,"name":"Marketing und Werbung"}]},{"@type":"WebSite","@id":"https:\/\/www.tilti.com\/at\/en\/#website","url":"https:\/\/www.tilti.com\/at\/en\/","name":"Tilti Multilingual","description":"Language and Communication Solutions","inLanguage":"de-AT"}]}},"_links":{"self":[{"href":"https:\/\/www.tilti.com\/at\/de\/wp-json\/wp\/v2\/pages\/3858","targetHints":{"allow":["GET"]}}],"collection":[{"href":"https:\/\/www.tilti.com\/at\/de\/wp-json\/wp\/v2\/pages"}],"about":[{"href":"https:\/\/www.tilti.com\/at\/de\/wp-json\/wp\/v2\/types\/page"}],"author":[{"embeddable":true,"href":"https:\/\/www.tilti.com\/at\/de\/wp-json\/wp\/v2\/users\/6"}],"replies":[{"embeddable":true,"href":"https:\/\/www.tilti.com\/at\/de\/wp-json\/wp\/v2\/comments?post=3858"}],"version-history":[{"count":6,"href":"https:\/\/www.tilti.com\/at\/de\/wp-json\/wp\/v2\/pages\/3858\/revisions"}],"predecessor-version":[{"id":4201,"href":"https:\/\/www.tilti.com\/at\/de\/wp-json\/wp\/v2\/pages\/3858\/revisions\/4201"}],"up":[{"embeddable":true,"href":"https:\/\/www.tilti.com\/at\/de\/wp-json\/wp\/v2\/pages\/660"}],"wp:featuredmedia":[{"embeddable":true,"href":"https:\/\/www.tilti.com\/at\/de\/wp-json\/wp\/v2\/media\/1198"}],"wp:attachment":[{"href":"https:\/\/www.tilti.com\/at\/de\/wp-json\/wp\/v2\/media?parent=3858"}],"curies":[{"name":"wp","href":"https:\/\/api.w.org\/{rel}","templated":true}]}}