{"id":453,"date":"2017-07-11T16:29:20","date_gmt":"2017-07-11T14:29:20","guid":{"rendered":"http:\/\/www.tilti.com\/at\/?page_id=453\/"},"modified":"2025-12-03T17:36:44","modified_gmt":"2025-12-03T16:36:44","slug":"home","status":"publish","type":"page","link":"https:\/\/www.tilti.com\/at\/de\/","title":{"rendered":"Startseite"},"content":{"rendered":"<p>Tilti Multilingual \u2013 Ihr \u00dcbersetzungsb\u00fcro f\u00fcr professionelle Sprach- und Lokalisierungsdienstleistungen. Mit unserem Netzwerk aus \u00fcber 3.000 muttersprachlichen Fach\u00fcbersetzerinnen und Fach\u00fcbersetzern geh\u00f6ren wir zu den etablierten Anbietern in Europa und unterst\u00fctzen Sie mit sprachlich pr\u00e4zisen und effizient umgesetzten \u00dcbersetzungsprojekten. Vertrauen Sie auf einen erfahrenen Partner und profitieren Sie von unserer langj\u00e4hrigen Expertise.<\/p>\n","protected":false},"excerpt":{"rendered":"<p>Tilti Multilingual \u2013 Ihr \u00dcbersetzungsb\u00fcro f\u00fcr professionelle Sprach- und Lokalisierungsdienstleistungen. Mit unserem Netzwerk aus \u00fcber 3.000 muttersprachlichen Fach\u00fcbersetzerinnen und Fach\u00fcbersetzern geh\u00f6ren wir zu den etablierten Anbietern in Europa und unterst\u00fctzen Sie mit sprachlich pr\u00e4zisen und effizient umgesetzten \u00dcbersetzungsprojekten. Vertrauen Sie auf einen erfahrenen Partner und profitieren Sie von unserer langj\u00e4hrigen Expertise.<\/p>\n","protected":false},"author":1,"featured_media":1142,"parent":0,"menu_order":0,"comment_status":"closed","ping_status":"closed","template":"","meta":{"_acf_changed":false,"footnotes":""},"class_list":["post-453","page","type-page","status-publish","has-post-thumbnail","hentry"],"acf":[],"yoast_head":"<!-- This site is optimized with the Yoast SEO plugin v27.2 - https:\/\/yoast.com\/product\/yoast-seo-wordpress\/ -->\n<title>\u00dcbersetzungsb\u00fcro mit weltweitem Sprachangebot - Tilti Multilingual<\/title>\n<meta name=\"description\" content=\"\u00dcbersetzungsb\u00fcro f\u00fcr vielf\u00e4ltige Sprachdienstleistungen \u00bb Dolmetschen, Fach\u00fcbersetzungen uvm. \u2713 internationales Netzwerk qualifizierter Sprachexpert:innen \u2713 seit 1999!\" \/>\n<meta name=\"robots\" content=\"index, follow, max-snippet:-1, max-image-preview:large, max-video-preview:-1\" \/>\n<link rel=\"canonical\" href=\"https:\/\/www.tilti.com\/at\/de\/\" \/>\n<meta property=\"og:locale\" content=\"de_DE\" \/>\n<meta property=\"og:type\" content=\"article\" \/>\n<meta property=\"og:title\" content=\"\u00dcbersetzungsb\u00fcro mit weltweitem Sprachangebot - Tilti Multilingual\" \/>\n<meta property=\"og:description\" content=\"\u00dcbersetzungsb\u00fcro f\u00fcr vielf\u00e4ltige Sprachdienstleistungen \u00bb Dolmetschen, Fach\u00fcbersetzungen uvm. \u2713 internationales Netzwerk qualifizierter Sprachexpert:innen \u2713 seit 1999!\" \/>\n<meta property=\"og:url\" content=\"https:\/\/www.tilti.com\/at\/de\/\" \/>\n<meta property=\"og:site_name\" content=\"Tilti Multilingual\" \/>\n<meta property=\"article:modified_time\" content=\"2025-12-03T16:36:44+00:00\" \/>\n<meta property=\"og:image\" content=\"https:\/\/www.tilti.com\/at\/wp-content\/uploads\/2017\/08\/tilti-hero-03.jpg\" \/>\n\t<meta property=\"og:image:width\" content=\"2880\" \/>\n\t<meta property=\"og:image:height\" content=\"720\" \/>\n\t<meta property=\"og:image:type\" content=\"image\/jpeg\" \/>\n<meta name=\"twitter:card\" content=\"summary_large_image\" \/>\n<meta name=\"twitter:label1\" content=\"Gesch\u00e4tzte Lesezeit\" \/>\n\t<meta name=\"twitter:data1\" content=\"1 Minute\" \/>\n<script type=\"application\/ld+json\" class=\"yoast-schema-graph\">{\"@context\":\"https:\/\/schema.org\",\"@graph\":[{\"@type\":\"WebPage\",\"@id\":\"https:\/\/www.tilti.com\/at\/de\/\",\"url\":\"https:\/\/www.tilti.com\/at\/de\/\",\"name\":\"\u00dcbersetzungsb\u00fcro mit weltweitem Sprachangebot - Tilti Multilingual\",\"isPartOf\":{\"@id\":\"https:\/\/www.tilti.com\/at\/en\/#website\"},\"primaryImageOfPage\":{\"@id\":\"https:\/\/www.tilti.com\/at\/de\/#primaryimage\"},\"image\":{\"@id\":\"https:\/\/www.tilti.com\/at\/de\/#primaryimage\"},\"thumbnailUrl\":\"https:\/\/www.tilti.com\/at\/wp-content\/uploads\/2017\/08\/tilti-hero-03.jpg\",\"datePublished\":\"2017-07-11T14:29:20+00:00\",\"dateModified\":\"2025-12-03T16:36:44+00:00\",\"description\":\"\u00dcbersetzungsb\u00fcro f\u00fcr vielf\u00e4ltige Sprachdienstleistungen \u00bb Dolmetschen, Fach\u00fcbersetzungen uvm. \u2713 internationales Netzwerk qualifizierter Sprachexpert:innen \u2713 seit 1999!\",\"breadcrumb\":{\"@id\":\"https:\/\/www.tilti.com\/at\/de\/#breadcrumb\"},\"inLanguage\":\"de-AT\",\"potentialAction\":[{\"@type\":\"ReadAction\",\"target\":[\"https:\/\/www.tilti.com\/at\/de\/\"]}]},{\"@type\":\"ImageObject\",\"inLanguage\":\"de-AT\",\"@id\":\"https:\/\/www.tilti.com\/at\/de\/#primaryimage\",\"url\":\"https:\/\/www.tilti.com\/at\/wp-content\/uploads\/2017\/08\/tilti-hero-03.jpg\",\"contentUrl\":\"https:\/\/www.tilti.com\/at\/wp-content\/uploads\/2017\/08\/tilti-hero-03.jpg\",\"width\":2880,\"height\":720,\"caption\":\"translators in translation agency\"},{\"@type\":\"BreadcrumbList\",\"@id\":\"https:\/\/www.tilti.com\/at\/de\/#breadcrumb\",\"itemListElement\":[{\"@type\":\"ListItem\",\"position\":1,\"name\":\"Start\",\"item\":\"https:\/\/www.tilti.com\/at\/de\/\"},{\"@type\":\"ListItem\",\"position\":2,\"name\":\"Startseite\"}]},{\"@type\":\"WebSite\",\"@id\":\"https:\/\/www.tilti.com\/at\/en\/#website\",\"url\":\"https:\/\/www.tilti.com\/at\/en\/\",\"name\":\"Tilti Multilingual\",\"description\":\"Language and Communication Solutions\",\"inLanguage\":\"de-AT\"}]}<\/script>\n<!-- \/ Yoast SEO plugin. -->","yoast_head_json":{"title":"\u00dcbersetzungsb\u00fcro mit weltweitem Sprachangebot - Tilti Multilingual","description":"\u00dcbersetzungsb\u00fcro f\u00fcr vielf\u00e4ltige Sprachdienstleistungen \u00bb Dolmetschen, Fach\u00fcbersetzungen uvm. \u2713 internationales Netzwerk qualifizierter Sprachexpert:innen \u2713 seit 1999!","robots":{"index":"index","follow":"follow","max-snippet":"max-snippet:-1","max-image-preview":"max-image-preview:large","max-video-preview":"max-video-preview:-1"},"canonical":"https:\/\/www.tilti.com\/at\/de\/","og_locale":"de_DE","og_type":"article","og_title":"\u00dcbersetzungsb\u00fcro mit weltweitem Sprachangebot - Tilti Multilingual","og_description":"\u00dcbersetzungsb\u00fcro f\u00fcr vielf\u00e4ltige Sprachdienstleistungen \u00bb Dolmetschen, Fach\u00fcbersetzungen uvm. \u2713 internationales Netzwerk qualifizierter Sprachexpert:innen \u2713 seit 1999!","og_url":"https:\/\/www.tilti.com\/at\/de\/","og_site_name":"Tilti Multilingual","article_modified_time":"2025-12-03T16:36:44+00:00","og_image":[{"width":2880,"height":720,"url":"https:\/\/www.tilti.com\/at\/wp-content\/uploads\/2017\/08\/tilti-hero-03.jpg","type":"image\/jpeg"}],"twitter_card":"summary_large_image","twitter_misc":{"Gesch\u00e4tzte Lesezeit":"1 Minute"},"schema":{"@context":"https:\/\/schema.org","@graph":[{"@type":"WebPage","@id":"https:\/\/www.tilti.com\/at\/de\/","url":"https:\/\/www.tilti.com\/at\/de\/","name":"\u00dcbersetzungsb\u00fcro mit weltweitem Sprachangebot - Tilti Multilingual","isPartOf":{"@id":"https:\/\/www.tilti.com\/at\/en\/#website"},"primaryImageOfPage":{"@id":"https:\/\/www.tilti.com\/at\/de\/#primaryimage"},"image":{"@id":"https:\/\/www.tilti.com\/at\/de\/#primaryimage"},"thumbnailUrl":"https:\/\/www.tilti.com\/at\/wp-content\/uploads\/2017\/08\/tilti-hero-03.jpg","datePublished":"2017-07-11T14:29:20+00:00","dateModified":"2025-12-03T16:36:44+00:00","description":"\u00dcbersetzungsb\u00fcro f\u00fcr vielf\u00e4ltige Sprachdienstleistungen \u00bb Dolmetschen, Fach\u00fcbersetzungen uvm. \u2713 internationales Netzwerk qualifizierter Sprachexpert:innen \u2713 seit 1999!","breadcrumb":{"@id":"https:\/\/www.tilti.com\/at\/de\/#breadcrumb"},"inLanguage":"de-AT","potentialAction":[{"@type":"ReadAction","target":["https:\/\/www.tilti.com\/at\/de\/"]}]},{"@type":"ImageObject","inLanguage":"de-AT","@id":"https:\/\/www.tilti.com\/at\/de\/#primaryimage","url":"https:\/\/www.tilti.com\/at\/wp-content\/uploads\/2017\/08\/tilti-hero-03.jpg","contentUrl":"https:\/\/www.tilti.com\/at\/wp-content\/uploads\/2017\/08\/tilti-hero-03.jpg","width":2880,"height":720,"caption":"translators in translation agency"},{"@type":"BreadcrumbList","@id":"https:\/\/www.tilti.com\/at\/de\/#breadcrumb","itemListElement":[{"@type":"ListItem","position":1,"name":"Start","item":"https:\/\/www.tilti.com\/at\/de\/"},{"@type":"ListItem","position":2,"name":"Startseite"}]},{"@type":"WebSite","@id":"https:\/\/www.tilti.com\/at\/en\/#website","url":"https:\/\/www.tilti.com\/at\/en\/","name":"Tilti Multilingual","description":"Language and Communication Solutions","inLanguage":"de-AT"}]}},"_links":{"self":[{"href":"https:\/\/www.tilti.com\/at\/de\/wp-json\/wp\/v2\/pages\/453","targetHints":{"allow":["GET"]}}],"collection":[{"href":"https:\/\/www.tilti.com\/at\/de\/wp-json\/wp\/v2\/pages"}],"about":[{"href":"https:\/\/www.tilti.com\/at\/de\/wp-json\/wp\/v2\/types\/page"}],"author":[{"embeddable":true,"href":"https:\/\/www.tilti.com\/at\/de\/wp-json\/wp\/v2\/users\/1"}],"replies":[{"embeddable":true,"href":"https:\/\/www.tilti.com\/at\/de\/wp-json\/wp\/v2\/comments?post=453"}],"version-history":[{"count":19,"href":"https:\/\/www.tilti.com\/at\/de\/wp-json\/wp\/v2\/pages\/453\/revisions"}],"predecessor-version":[{"id":4188,"href":"https:\/\/www.tilti.com\/at\/de\/wp-json\/wp\/v2\/pages\/453\/revisions\/4188"}],"wp:featuredmedia":[{"embeddable":true,"href":"https:\/\/www.tilti.com\/at\/de\/wp-json\/wp\/v2\/media\/1142"}],"wp:attachment":[{"href":"https:\/\/www.tilti.com\/at\/de\/wp-json\/wp\/v2\/media?parent=453"}],"curies":[{"name":"wp","href":"https:\/\/api.w.org\/{rel}","templated":true}]}}