{"id":584,"date":"2017-07-11T18:02:48","date_gmt":"2017-07-11T16:02:48","guid":{"rendered":"http:\/\/www.tilti.com\/at\/?page_id=584\/"},"modified":"2025-12-03T16:07:44","modified_gmt":"2025-12-03T15:07:44","slug":"impressum","status":"publish","type":"page","link":"https:\/\/www.tilti.com\/at\/de\/impressum\/","title":{"rendered":"Impressum"},"content":{"rendered":"<p><strong>Anbieter<\/strong><\/p>\n<p>Tilti Multilingual GmbH<br \/>\nZirkusgasse 20\/7<br \/>\nA-1020 Wien<br \/>\n\u00d6sterreich<\/p>\n<p>Tel.: +43 1 2120277<\/p>\n<p>Gesch\u00e4ftsf\u00fchrer: Martins Dauksts<br \/>\nRegistergericht\/Handelsregister: Handelsgericht Wien<br \/>\nRegisternummer: FN 244116 w<br \/>\nUSt-IdNr.: ATU57699119<\/p>\n<p><strong>Sonstiges<\/strong><\/p>\n<p>Gesch\u00e4ftsbedingungen: <a href=\"https:\/\/www.tilti.com\/at\/de\/allgemeine-geschaftsbedingungen\/\">hier finden Sie die AGB<\/a>.<\/p>\n","protected":false},"excerpt":{"rendered":"<p>Anbieter Tilti Multilingual GmbH Zirkusgasse 20\/7 A-1020 Wien \u00d6sterreich Tel.: +43 1 2120277 Gesch\u00e4ftsf\u00fchrer: Martins Dauksts Registergericht\/Handelsregister: Handelsgericht Wien Registernummer: FN 244116 w USt-IdNr.: ATU57699119 Sonstiges Gesch\u00e4ftsbedingungen: hier finden Sie die AGB.<\/p>\n","protected":false},"author":1,"featured_media":1125,"parent":0,"menu_order":6,"comment_status":"closed","ping_status":"closed","template":"page-default-alternate.php","meta":{"_acf_changed":false,"footnotes":""},"class_list":["post-584","page","type-page","status-publish","has-post-thumbnail","hentry"],"acf":[],"yoast_head":"<!-- This site is optimized with the Yoast SEO plugin v27.4 - https:\/\/yoast.com\/product\/yoast-seo-wordpress\/ -->\n<title>Impressum - Tilti Multilingual<\/title>\n<meta name=\"description\" content=\"Tilti Multilingual GmbH Zirkusgasse 20\/7 A-1020 Wien \u00d6sterreich Tel.: +43 1 2120277 Fax: +43 1 212027711 Gesch\u00e4ftsf\u00fchrer: Martins Dauksts Registergericht\/Handelsregister: Handelsgericht Wien Registernummer: FN 244116 w USt-IdNr.: ATU57699119\" \/>\n<meta name=\"robots\" content=\"noindex, nofollow\" \/>\n<meta property=\"og:locale\" content=\"de_DE\" \/>\n<meta property=\"og:type\" content=\"article\" \/>\n<meta property=\"og:title\" content=\"Impressum - Tilti Multilingual\" \/>\n<meta property=\"og:description\" content=\"Tilti Multilingual GmbH Zirkusgasse 20\/7 A-1020 Wien \u00d6sterreich Tel.: +43 1 2120277 Fax: +43 1 212027711 Gesch\u00e4ftsf\u00fchrer: Martins Dauksts Registergericht\/Handelsregister: Handelsgericht Wien Registernummer: FN 244116 w USt-IdNr.: ATU57699119\" \/>\n<meta property=\"og:url\" content=\"https:\/\/www.tilti.com\/at\/de\/impressum\/\" \/>\n<meta property=\"og:site_name\" content=\"Tilti Multilingual\" \/>\n<meta property=\"article:modified_time\" content=\"2025-12-03T15:07:44+00:00\" \/>\n<meta property=\"og:image\" content=\"https:\/\/www.tilti.com\/at\/wp-content\/uploads\/2017\/08\/background-geometric.jpg\" \/>\n\t<meta property=\"og:image:width\" content=\"3840\" \/>\n\t<meta property=\"og:image:height\" content=\"1229\" \/>\n\t<meta property=\"og:image:type\" content=\"image\/jpeg\" \/>\n<meta name=\"twitter:card\" content=\"summary_large_image\" \/>\n<meta name=\"twitter:label1\" content=\"Gesch\u00e4tzte Lesezeit\" \/>\n\t<meta name=\"twitter:data1\" content=\"1 Minute\" \/>\n<script type=\"application\/ld+json\" class=\"yoast-schema-graph\">{\"@context\":\"https:\\\/\\\/schema.org\",\"@graph\":[{\"@type\":\"WebPage\",\"@id\":\"https:\\\/\\\/www.tilti.com\\\/at\\\/de\\\/impressum\\\/\",\"url\":\"https:\\\/\\\/www.tilti.com\\\/at\\\/de\\\/impressum\\\/\",\"name\":\"Impressum - Tilti Multilingual\",\"isPartOf\":{\"@id\":\"https:\\\/\\\/www.tilti.com\\\/at\\\/en\\\/#website\"},\"primaryImageOfPage\":{\"@id\":\"https:\\\/\\\/www.tilti.com\\\/at\\\/de\\\/impressum\\\/#primaryimage\"},\"image\":{\"@id\":\"https:\\\/\\\/www.tilti.com\\\/at\\\/de\\\/impressum\\\/#primaryimage\"},\"thumbnailUrl\":\"https:\\\/\\\/www.tilti.com\\\/at\\\/wp-content\\\/uploads\\\/2017\\\/08\\\/background-geometric.jpg\",\"datePublished\":\"2017-07-11T16:02:48+00:00\",\"dateModified\":\"2025-12-03T15:07:44+00:00\",\"description\":\"Tilti Multilingual GmbH Zirkusgasse 20\\\/7 A-1020 Wien \u00d6sterreich Tel.: +43 1 2120277 Fax: +43 1 212027711 Gesch\u00e4ftsf\u00fchrer: Martins Dauksts Registergericht\\\/Handelsregister: Handelsgericht Wien Registernummer: FN 244116 w USt-IdNr.: ATU57699119\",\"breadcrumb\":{\"@id\":\"https:\\\/\\\/www.tilti.com\\\/at\\\/de\\\/impressum\\\/#breadcrumb\"},\"inLanguage\":\"de-AT\",\"potentialAction\":[{\"@type\":\"ReadAction\",\"target\":[\"https:\\\/\\\/www.tilti.com\\\/at\\\/de\\\/impressum\\\/\"]}]},{\"@type\":\"ImageObject\",\"inLanguage\":\"de-AT\",\"@id\":\"https:\\\/\\\/www.tilti.com\\\/at\\\/de\\\/impressum\\\/#primaryimage\",\"url\":\"https:\\\/\\\/www.tilti.com\\\/at\\\/wp-content\\\/uploads\\\/2017\\\/08\\\/background-geometric.jpg\",\"contentUrl\":\"https:\\\/\\\/www.tilti.com\\\/at\\\/wp-content\\\/uploads\\\/2017\\\/08\\\/background-geometric.jpg\",\"width\":3840,\"height\":1229,\"caption\":\"grey background\"},{\"@type\":\"BreadcrumbList\",\"@id\":\"https:\\\/\\\/www.tilti.com\\\/at\\\/de\\\/impressum\\\/#breadcrumb\",\"itemListElement\":[{\"@type\":\"ListItem\",\"position\":1,\"name\":\"Start\",\"item\":\"https:\\\/\\\/www.tilti.com\\\/at\\\/de\\\/\"},{\"@type\":\"ListItem\",\"position\":2,\"name\":\"Impressum\"}]},{\"@type\":\"WebSite\",\"@id\":\"https:\\\/\\\/www.tilti.com\\\/at\\\/en\\\/#website\",\"url\":\"https:\\\/\\\/www.tilti.com\\\/at\\\/en\\\/\",\"name\":\"Tilti Multilingual\",\"description\":\"Language and Communication Solutions\",\"inLanguage\":\"de-AT\"}]}<\/script>\n<!-- \/ Yoast SEO plugin. -->","yoast_head_json":{"title":"Impressum - Tilti Multilingual","description":"Tilti Multilingual GmbH Zirkusgasse 20\/7 A-1020 Wien \u00d6sterreich Tel.: +43 1 2120277 Fax: +43 1 212027711 Gesch\u00e4ftsf\u00fchrer: Martins Dauksts Registergericht\/Handelsregister: Handelsgericht Wien Registernummer: FN 244116 w USt-IdNr.: ATU57699119","robots":{"index":"noindex","follow":"nofollow"},"og_locale":"de_DE","og_type":"article","og_title":"Impressum - Tilti Multilingual","og_description":"Tilti Multilingual GmbH Zirkusgasse 20\/7 A-1020 Wien \u00d6sterreich Tel.: +43 1 2120277 Fax: +43 1 212027711 Gesch\u00e4ftsf\u00fchrer: Martins Dauksts Registergericht\/Handelsregister: Handelsgericht Wien Registernummer: FN 244116 w USt-IdNr.: ATU57699119","og_url":"https:\/\/www.tilti.com\/at\/de\/impressum\/","og_site_name":"Tilti Multilingual","article_modified_time":"2025-12-03T15:07:44+00:00","og_image":[{"width":3840,"height":1229,"url":"https:\/\/www.tilti.com\/at\/wp-content\/uploads\/2017\/08\/background-geometric.jpg","type":"image\/jpeg"}],"twitter_card":"summary_large_image","twitter_misc":{"Gesch\u00e4tzte Lesezeit":"1 Minute"},"schema":{"@context":"https:\/\/schema.org","@graph":[{"@type":"WebPage","@id":"https:\/\/www.tilti.com\/at\/de\/impressum\/","url":"https:\/\/www.tilti.com\/at\/de\/impressum\/","name":"Impressum - Tilti Multilingual","isPartOf":{"@id":"https:\/\/www.tilti.com\/at\/en\/#website"},"primaryImageOfPage":{"@id":"https:\/\/www.tilti.com\/at\/de\/impressum\/#primaryimage"},"image":{"@id":"https:\/\/www.tilti.com\/at\/de\/impressum\/#primaryimage"},"thumbnailUrl":"https:\/\/www.tilti.com\/at\/wp-content\/uploads\/2017\/08\/background-geometric.jpg","datePublished":"2017-07-11T16:02:48+00:00","dateModified":"2025-12-03T15:07:44+00:00","description":"Tilti Multilingual GmbH Zirkusgasse 20\/7 A-1020 Wien \u00d6sterreich Tel.: +43 1 2120277 Fax: +43 1 212027711 Gesch\u00e4ftsf\u00fchrer: Martins Dauksts Registergericht\/Handelsregister: Handelsgericht Wien Registernummer: FN 244116 w USt-IdNr.: ATU57699119","breadcrumb":{"@id":"https:\/\/www.tilti.com\/at\/de\/impressum\/#breadcrumb"},"inLanguage":"de-AT","potentialAction":[{"@type":"ReadAction","target":["https:\/\/www.tilti.com\/at\/de\/impressum\/"]}]},{"@type":"ImageObject","inLanguage":"de-AT","@id":"https:\/\/www.tilti.com\/at\/de\/impressum\/#primaryimage","url":"https:\/\/www.tilti.com\/at\/wp-content\/uploads\/2017\/08\/background-geometric.jpg","contentUrl":"https:\/\/www.tilti.com\/at\/wp-content\/uploads\/2017\/08\/background-geometric.jpg","width":3840,"height":1229,"caption":"grey background"},{"@type":"BreadcrumbList","@id":"https:\/\/www.tilti.com\/at\/de\/impressum\/#breadcrumb","itemListElement":[{"@type":"ListItem","position":1,"name":"Start","item":"https:\/\/www.tilti.com\/at\/de\/"},{"@type":"ListItem","position":2,"name":"Impressum"}]},{"@type":"WebSite","@id":"https:\/\/www.tilti.com\/at\/en\/#website","url":"https:\/\/www.tilti.com\/at\/en\/","name":"Tilti Multilingual","description":"Language and Communication Solutions","inLanguage":"de-AT"}]}},"_links":{"self":[{"href":"https:\/\/www.tilti.com\/at\/de\/wp-json\/wp\/v2\/pages\/584","targetHints":{"allow":["GET"]}}],"collection":[{"href":"https:\/\/www.tilti.com\/at\/de\/wp-json\/wp\/v2\/pages"}],"about":[{"href":"https:\/\/www.tilti.com\/at\/de\/wp-json\/wp\/v2\/types\/page"}],"author":[{"embeddable":true,"href":"https:\/\/www.tilti.com\/at\/de\/wp-json\/wp\/v2\/users\/1"}],"replies":[{"embeddable":true,"href":"https:\/\/www.tilti.com\/at\/de\/wp-json\/wp\/v2\/comments?post=584"}],"version-history":[{"count":9,"href":"https:\/\/www.tilti.com\/at\/de\/wp-json\/wp\/v2\/pages\/584\/revisions"}],"predecessor-version":[{"id":4213,"href":"https:\/\/www.tilti.com\/at\/de\/wp-json\/wp\/v2\/pages\/584\/revisions\/4213"}],"wp:featuredmedia":[{"embeddable":true,"href":"https:\/\/www.tilti.com\/at\/de\/wp-json\/wp\/v2\/media\/1125"}],"wp:attachment":[{"href":"https:\/\/www.tilti.com\/at\/de\/wp-json\/wp\/v2\/media?parent=584"}],"curies":[{"name":"wp","href":"https:\/\/api.w.org\/{rel}","templated":true}]}}