{"id":636,"date":"2017-07-12T11:26:30","date_gmt":"2017-07-12T09:26:30","guid":{"rendered":"http:\/\/www.tilti.com\/at\/?page_id=636\/"},"modified":"2025-12-03T17:24:34","modified_gmt":"2025-12-03T16:24:34","slug":"sap-uebersetzung","status":"publish","type":"page","link":"https:\/\/www.tilti.com\/at\/de\/dienstleistungen\/uebersetzungsservice\/sap-uebersetzung\/","title":{"rendered":"SAP-\u00dcbersetzungen"},"content":{"rendered":"<p>SAP ist eine weltweit f\u00fchrende integrierte Unternehmenssoftware und eines der effizientesten Hilfsmittel um alle wichtigen Unternehmensprozesse zusammenzuf\u00fchren. Die Aufgaben des Tagesgesch\u00e4fts in den Bereichen Finanzen, Materialwirtschaft, Herstellung, Lagerung, Einkauf, Verkauf, HR und Marketing werden so optimal und abteilungs\u00fcbergreifend organisiert.<\/p>\n<p>M\u00f6chten Sie Ihre SAP Inhalte mit Hilfe der Transaktion SE63 und SLXT international verf\u00fcgbar machen und ben\u00f6tigen die entsprechenden \u00dcbersetzungen in gleich mehrere Sprachen? Wir bieten Ihnen die fachspezifische und professionelle \u00dcbersetzung aller Ihrer SAP Inhalte \u2013 von Muttersprachlern schnell und in Top-Qualit\u00e4t \u00fcbersetzt.<\/p>\n<h2><b>Profitieren Sie von den Vorteilen einer <\/b><b>SAP-\u00dcbersetzung<\/b><\/h2>\n<ul>\n<li>Einheitlichkeit der Terminologie Ihrer Inhalte durch eine professionelle \u00dcbersetzungsumgebung<\/li>\n<li>zunehmende Transparenz durch Mehrsprachigkeit<\/li>\n<li>Professionalit\u00e4t durch hochwertige \u00dcbersetzungen<\/li>\n<li>Schnelligkeit und Flexibilit\u00e4t Ihrer internationalen Mitarbeiter, Dienstleister und Partner<\/li>\n<\/ul>\n<h2><b>Ein professionelles Team<\/b><\/h2>\n<p data-start=\"324\" data-end=\"720\">SAP-\u00dcbersetzungen umfassen h\u00e4ufig gro\u00dfe Textmengen und inhaltlich komplexe Inhalte aus verschiedenen Bereichen des Unternehmens. Durch den Einsatz der Transaktion SE63 k\u00f6nnen umfangreiche Inhalte innerhalb eines Projekts effizient bearbeitet werden. F\u00fcr solche Projekte stellen wir ein geeignetes Team qualifizierter \u00dcbersetzerinnen und \u00dcbersetzer bereit, um eine z\u00fcgige Umsetzung zu erm\u00f6glichen.<\/p>\n<p data-start=\"722\" data-end=\"1147\">Wir greifen auf ein professionelles, erfahrenes und international vernetztes Team zuverl\u00e4ssiger Fach\u00fcbersetzer und Lektorinnen zur\u00fcck. Unsere Kompetenzbereiche umfassen unter anderem technische, softwarebezogene, medizinische und juristische Fach\u00fcbersetzungen. Eine sorgf\u00e4ltige Analyse, die gezielte Vorbereitung des Projektteams sowie eine strukturierte Durchf\u00fchrung sind zentrale Bestandteile unseres \u00dcbersetzungsprozesses.<\/p>\n<p data-start=\"1149\" data-end=\"1605\">F\u00fcr Softwarelokalisierungen stellen wir \u2013 abh\u00e4ngig vom Projektbedarf \u2013 qualifizierte Ressourcen zur Verf\u00fcgung. Unser weltweites Netzwerk umfasst \u00fcber 3.000 erfahrene Fach\u00fcbersetzerinnen und -\u00fcbersetzer mit muttersprachlicher Kompetenz in der jeweiligen Zielsprache, darunter Sprachen wie Englisch, Franz\u00f6sisch, Deutsch, Italienisch und Spanisch. Unsere Linguisten arbeiten mit hoher fachlicher Pr\u00e4zision und Verl\u00e4sslichkeit an der Umsetzung Ihrer Projekte.<\/p>\n<h2><b>\u00dcberzeugende Qualit\u00e4t dank umfangreichem Knowhow<\/b><\/h2>\n<p>Jeder Teilschritt im \u00dcbersetzungsprozess unterliegt den Richtlinien dieses Standards, von der Auswahl muttersprachlicher Fach\u00fcbersetzer und Lektoren, \u00fcber den korrekten Einsatz des Terminologiemanagements, bis hin zum sicheren Umgang mit sensiblen Kundendaten. Unsere \u00dcbersetzer sind zudem bestens mit SE63 und SLXT vertraut. Sie k\u00f6nnen Sie deshalb optimal bei der Handhabung des SLXT Transportauftrags unterst\u00fctzen, um die \u00dcbersetzungsdaten zu \u00fcbertragen. Dar\u00fcber hinaus erhalten Sie die M\u00f6glichkeit im Anschluss an jede \u00dcbersetzung und im Rahmen der j\u00e4hrlichen Evaluierung, die Qualit\u00e4t unserer Dienstleistungen zu bewerten. Ihr Feedback dient uns als wichtige Grundlage zur Verbesserung unseres Services.<\/p>\n<h2><b>Weiterf\u00fchrende Leistungen f\u00fcr den Erfolg Ihrer <\/b><b>SAP-\u00dcbersetzung<\/b><\/h2>\n<p><b>Lokalisierung: <\/b>Softwareprogramme haben besondere Anforderungen, f\u00fcr die eine konventionelle \u00dcbersetzung oft nicht ausreicht. Die Lokalisierung umfasst eine umfangreiche Betrachtung aller Inhalte die Einfluss auf die Funktionalit\u00e4t und die Verst\u00e4ndlichkeit der Software im Zielland haben (wie z. B. Wort- und Silbentrennung, Adressformate, W\u00e4hrungen und Einheiten, sowie weitere lokale Gegebenheiten). Erfahren Sie mehr zum Thema <a href=\"https:\/\/www.tilti.com\/at\/de\/dienstleistungen\/lokalisierung-uebersetzung\/\">Lokalisierung<\/a>.<\/p>\n<p><b>Terminologiemanagement: <\/b>Unser Team aus qualifizierten Terminologiespezialisten k\u00fcmmert sich um die Aktualisierung und Pflege individueller Terminologiedatenbanken und firmenspezifischer Glossare. In Zusammenarbeit mit Ihnen, integrieren wir bestehende Terminologie bereits bei der ersten \u00dcbersetzung und bauen diese als unternehmensspezifisches W\u00f6rterbuch weiter aus, indem wir relevante Termini aus Folgeprojekten zu der bestehenden Datenbank erg\u00e4nzen. Ausf\u00fchrliche Informationen zum Thema <a href=\"https:\/\/www.tilti.com\/at\/de\/dienstleistungen\/uebersetzungsservice\/terminologiemanagement\/\">Terminologiemanagement<\/a>.<\/p>\n<p><strong>Leistungsstarke Tools:<\/strong> Im Bereich \u00dcbersetzung und Lokalisierung ist oft von CAT-Tools (computer assisted translation) die Rede. Diese Hilfswerkzeuge verschiedener Kategorien unterst\u00fctzen unsere Experten im Rahmen der Terminologieverwaltung, sprachlicher \u00dcberpr\u00fcfungen und f\u00fcr Lokalisierungsprojekte. Der Einsatz von CAT-Tools ist keineswegs mit maschinellen \u00dcbersetzungen zu verwechseln. Sie unterst\u00fctzen die Kompetenz unserer \u00dcbersetzer und optimieren den \u00dcbersetzungsprozess. Lesen Sie mehr zu unseren <a href=\"https:\/\/www.tilti.com\/at\/de\/cat-tools\/\">CAT-Tools<\/a>.<\/p>\n<h2><b>Mit Tilti Multilingual ans Ziel<\/b><\/h2>\n<p data-start=\"249\" data-end=\"524\">M\u00f6chten Sie Ihre SAP-Software mehrsprachig weiterentwickeln? Gern unterst\u00fctzen wir Sie bei der Planung und Umsetzung Ihres Projekts. Der Schutz Ihrer Daten hat f\u00fcr uns hohe Priorit\u00e4t, und wir behandeln alle Informationen vertraulich und nach aktuellen Sicherheitsstandards.<\/p>\n<p data-start=\"526\" data-end=\"671\">Kontaktieren Sie uns telefonisch oder \u00fcber unser Anfrageformular \u2013 wir begleiten Sie mit professionellen und sorgf\u00e4ltigen \u00dcbersetzungsleistungen.<\/p>\n","protected":false},"excerpt":{"rendered":"<p>SAP ist eine weltweit f\u00fchrende integrierte Unternehmenssoftware und eines der effizientesten Hilfsmittel um alle wichtigen Unternehmensprozesse zusammenzuf\u00fchren. Die Aufgaben des Tagesgesch\u00e4fts in den Bereichen Finanzen, Materialwirtschaft, Herstellung, Lagerung, Einkauf, Verkauf, HR und Marketing werden so optimal und abteilungs\u00fcbergreifend organisiert. M\u00f6chten Sie Ihre SAP Inhalte mit Hilfe der Transaktion SE63 und SLXT international verf\u00fcgbar machen und [&hellip;]<\/p>\n","protected":false},"author":1,"featured_media":1175,"parent":815,"menu_order":6,"comment_status":"closed","ping_status":"closed","template":"page-service.php","meta":{"_acf_changed":false,"footnotes":""},"class_list":["post-636","page","type-page","status-publish","has-post-thumbnail","hentry"],"acf":[],"yoast_head":"<!-- This site is optimized with the Yoast SEO plugin v27.5 - https:\/\/yoast.com\/product\/yoast-seo-wordpress\/ -->\n<title>SAP-\u00dcbersetzung nach Ma\u00df - Tilti Multilingual<\/title>\n<meta name=\"description\" content=\"Professionelle \u00dcbersetzung Ihrer SAP-Software \u00bb Fach\u00fcbersetzer:innen mit spezialisierter Expertise \u2713 effizienter Ablauf \u2713 in \u00fcber 50 internationalen Sprachen!\" \/>\n<meta name=\"robots\" content=\"index, follow, max-snippet:-1, max-image-preview:large, max-video-preview:-1\" \/>\n<link rel=\"canonical\" href=\"https:\/\/www.tilti.com\/at\/de\/dienstleistungen\/uebersetzungsservice\/sap-uebersetzung\/\" \/>\n<meta property=\"og:locale\" content=\"de_DE\" \/>\n<meta property=\"og:type\" content=\"article\" \/>\n<meta property=\"og:title\" content=\"SAP-\u00dcbersetzung nach Ma\u00df - Tilti Multilingual\" \/>\n<meta property=\"og:description\" content=\"Professionelle \u00dcbersetzung Ihrer SAP-Software \u00bb Fach\u00fcbersetzer:innen mit spezialisierter Expertise \u2713 effizienter Ablauf \u2713 in \u00fcber 50 internationalen Sprachen!\" \/>\n<meta property=\"og:url\" content=\"https:\/\/www.tilti.com\/at\/de\/dienstleistungen\/uebersetzungsservice\/sap-uebersetzung\/\" \/>\n<meta property=\"og:site_name\" content=\"Tilti Multilingual\" \/>\n<meta property=\"article:modified_time\" content=\"2025-12-03T16:24:34+00:00\" \/>\n<meta property=\"og:image\" content=\"https:\/\/www.tilti.com\/at\/wp-content\/uploads\/2017\/07\/tilti-hero-04-1.jpg\" \/>\n\t<meta property=\"og:image:width\" content=\"2793\" \/>\n\t<meta property=\"og:image:height\" content=\"1533\" \/>\n\t<meta property=\"og:image:type\" content=\"image\/jpeg\" \/>\n<meta name=\"twitter:card\" content=\"summary_large_image\" \/>\n<meta name=\"twitter:label1\" content=\"Gesch\u00e4tzte Lesezeit\" \/>\n\t<meta name=\"twitter:data1\" content=\"4 Minuten\" \/>\n<script type=\"application\/ld+json\" class=\"yoast-schema-graph\">{\"@context\":\"https:\\\/\\\/schema.org\",\"@graph\":[{\"@type\":\"WebPage\",\"@id\":\"https:\\\/\\\/www.tilti.com\\\/at\\\/de\\\/dienstleistungen\\\/uebersetzungsservice\\\/sap-uebersetzung\\\/\",\"url\":\"https:\\\/\\\/www.tilti.com\\\/at\\\/de\\\/dienstleistungen\\\/uebersetzungsservice\\\/sap-uebersetzung\\\/\",\"name\":\"SAP-\u00dcbersetzung nach Ma\u00df - Tilti Multilingual\",\"isPartOf\":{\"@id\":\"https:\\\/\\\/www.tilti.com\\\/at\\\/en\\\/#website\"},\"primaryImageOfPage\":{\"@id\":\"https:\\\/\\\/www.tilti.com\\\/at\\\/de\\\/dienstleistungen\\\/uebersetzungsservice\\\/sap-uebersetzung\\\/#primaryimage\"},\"image\":{\"@id\":\"https:\\\/\\\/www.tilti.com\\\/at\\\/de\\\/dienstleistungen\\\/uebersetzungsservice\\\/sap-uebersetzung\\\/#primaryimage\"},\"thumbnailUrl\":\"https:\\\/\\\/www.tilti.com\\\/at\\\/wp-content\\\/uploads\\\/2017\\\/07\\\/tilti-hero-04-1.jpg\",\"datePublished\":\"2017-07-12T09:26:30+00:00\",\"dateModified\":\"2025-12-03T16:24:34+00:00\",\"description\":\"Professionelle \u00dcbersetzung Ihrer SAP-Software \u00bb Fach\u00fcbersetzer:innen mit spezialisierter Expertise \u2713 effizienter Ablauf \u2713 in \u00fcber 50 internationalen Sprachen!\",\"breadcrumb\":{\"@id\":\"https:\\\/\\\/www.tilti.com\\\/at\\\/de\\\/dienstleistungen\\\/uebersetzungsservice\\\/sap-uebersetzung\\\/#breadcrumb\"},\"inLanguage\":\"de-AT\",\"potentialAction\":[{\"@type\":\"ReadAction\",\"target\":[\"https:\\\/\\\/www.tilti.com\\\/at\\\/de\\\/dienstleistungen\\\/uebersetzungsservice\\\/sap-uebersetzung\\\/\"]}]},{\"@type\":\"ImageObject\",\"inLanguage\":\"de-AT\",\"@id\":\"https:\\\/\\\/www.tilti.com\\\/at\\\/de\\\/dienstleistungen\\\/uebersetzungsservice\\\/sap-uebersetzung\\\/#primaryimage\",\"url\":\"https:\\\/\\\/www.tilti.com\\\/at\\\/wp-content\\\/uploads\\\/2017\\\/07\\\/tilti-hero-04-1.jpg\",\"contentUrl\":\"https:\\\/\\\/www.tilti.com\\\/at\\\/wp-content\\\/uploads\\\/2017\\\/07\\\/tilti-hero-04-1.jpg\",\"width\":2793,\"height\":1533,\"caption\":\"modern new translation agency office\"},{\"@type\":\"BreadcrumbList\",\"@id\":\"https:\\\/\\\/www.tilti.com\\\/at\\\/de\\\/dienstleistungen\\\/uebersetzungsservice\\\/sap-uebersetzung\\\/#breadcrumb\",\"itemListElement\":[{\"@type\":\"ListItem\",\"position\":1,\"name\":\"Start\",\"item\":\"https:\\\/\\\/www.tilti.com\\\/at\\\/de\\\/\"},{\"@type\":\"ListItem\",\"position\":2,\"name\":\"Dienstleistungen\",\"item\":\"https:\\\/\\\/www.tilti.com\\\/at\\\/de\\\/dienstleistungen\\\/\"},{\"@type\":\"ListItem\",\"position\":3,\"name\":\"\u00dcbersetzung\",\"item\":\"https:\\\/\\\/www.tilti.com\\\/at\\\/de\\\/dienstleistungen\\\/uebersetzungsservice\\\/\"},{\"@type\":\"ListItem\",\"position\":4,\"name\":\"SAP-\u00dcbersetzungen\"}]},{\"@type\":\"WebSite\",\"@id\":\"https:\\\/\\\/www.tilti.com\\\/at\\\/en\\\/#website\",\"url\":\"https:\\\/\\\/www.tilti.com\\\/at\\\/en\\\/\",\"name\":\"Tilti Multilingual\",\"description\":\"Language and Communication Solutions\",\"inLanguage\":\"de-AT\"}]}<\/script>\n<!-- \/ Yoast SEO plugin. -->","yoast_head_json":{"title":"SAP-\u00dcbersetzung nach Ma\u00df - Tilti Multilingual","description":"Professionelle \u00dcbersetzung Ihrer SAP-Software \u00bb Fach\u00fcbersetzer:innen mit spezialisierter Expertise \u2713 effizienter Ablauf \u2713 in \u00fcber 50 internationalen Sprachen!","robots":{"index":"index","follow":"follow","max-snippet":"max-snippet:-1","max-image-preview":"max-image-preview:large","max-video-preview":"max-video-preview:-1"},"canonical":"https:\/\/www.tilti.com\/at\/de\/dienstleistungen\/uebersetzungsservice\/sap-uebersetzung\/","og_locale":"de_DE","og_type":"article","og_title":"SAP-\u00dcbersetzung nach Ma\u00df - Tilti Multilingual","og_description":"Professionelle \u00dcbersetzung Ihrer SAP-Software \u00bb Fach\u00fcbersetzer:innen mit spezialisierter Expertise \u2713 effizienter Ablauf \u2713 in \u00fcber 50 internationalen Sprachen!","og_url":"https:\/\/www.tilti.com\/at\/de\/dienstleistungen\/uebersetzungsservice\/sap-uebersetzung\/","og_site_name":"Tilti Multilingual","article_modified_time":"2025-12-03T16:24:34+00:00","og_image":[{"width":2793,"height":1533,"url":"https:\/\/www.tilti.com\/at\/wp-content\/uploads\/2017\/07\/tilti-hero-04-1.jpg","type":"image\/jpeg"}],"twitter_card":"summary_large_image","twitter_misc":{"Gesch\u00e4tzte Lesezeit":"4 Minuten"},"schema":{"@context":"https:\/\/schema.org","@graph":[{"@type":"WebPage","@id":"https:\/\/www.tilti.com\/at\/de\/dienstleistungen\/uebersetzungsservice\/sap-uebersetzung\/","url":"https:\/\/www.tilti.com\/at\/de\/dienstleistungen\/uebersetzungsservice\/sap-uebersetzung\/","name":"SAP-\u00dcbersetzung nach Ma\u00df - Tilti Multilingual","isPartOf":{"@id":"https:\/\/www.tilti.com\/at\/en\/#website"},"primaryImageOfPage":{"@id":"https:\/\/www.tilti.com\/at\/de\/dienstleistungen\/uebersetzungsservice\/sap-uebersetzung\/#primaryimage"},"image":{"@id":"https:\/\/www.tilti.com\/at\/de\/dienstleistungen\/uebersetzungsservice\/sap-uebersetzung\/#primaryimage"},"thumbnailUrl":"https:\/\/www.tilti.com\/at\/wp-content\/uploads\/2017\/07\/tilti-hero-04-1.jpg","datePublished":"2017-07-12T09:26:30+00:00","dateModified":"2025-12-03T16:24:34+00:00","description":"Professionelle \u00dcbersetzung Ihrer SAP-Software \u00bb Fach\u00fcbersetzer:innen mit spezialisierter Expertise \u2713 effizienter Ablauf \u2713 in \u00fcber 50 internationalen Sprachen!","breadcrumb":{"@id":"https:\/\/www.tilti.com\/at\/de\/dienstleistungen\/uebersetzungsservice\/sap-uebersetzung\/#breadcrumb"},"inLanguage":"de-AT","potentialAction":[{"@type":"ReadAction","target":["https:\/\/www.tilti.com\/at\/de\/dienstleistungen\/uebersetzungsservice\/sap-uebersetzung\/"]}]},{"@type":"ImageObject","inLanguage":"de-AT","@id":"https:\/\/www.tilti.com\/at\/de\/dienstleistungen\/uebersetzungsservice\/sap-uebersetzung\/#primaryimage","url":"https:\/\/www.tilti.com\/at\/wp-content\/uploads\/2017\/07\/tilti-hero-04-1.jpg","contentUrl":"https:\/\/www.tilti.com\/at\/wp-content\/uploads\/2017\/07\/tilti-hero-04-1.jpg","width":2793,"height":1533,"caption":"modern new translation agency office"},{"@type":"BreadcrumbList","@id":"https:\/\/www.tilti.com\/at\/de\/dienstleistungen\/uebersetzungsservice\/sap-uebersetzung\/#breadcrumb","itemListElement":[{"@type":"ListItem","position":1,"name":"Start","item":"https:\/\/www.tilti.com\/at\/de\/"},{"@type":"ListItem","position":2,"name":"Dienstleistungen","item":"https:\/\/www.tilti.com\/at\/de\/dienstleistungen\/"},{"@type":"ListItem","position":3,"name":"\u00dcbersetzung","item":"https:\/\/www.tilti.com\/at\/de\/dienstleistungen\/uebersetzungsservice\/"},{"@type":"ListItem","position":4,"name":"SAP-\u00dcbersetzungen"}]},{"@type":"WebSite","@id":"https:\/\/www.tilti.com\/at\/en\/#website","url":"https:\/\/www.tilti.com\/at\/en\/","name":"Tilti Multilingual","description":"Language and Communication Solutions","inLanguage":"de-AT"}]}},"_links":{"self":[{"href":"https:\/\/www.tilti.com\/at\/de\/wp-json\/wp\/v2\/pages\/636","targetHints":{"allow":["GET"]}}],"collection":[{"href":"https:\/\/www.tilti.com\/at\/de\/wp-json\/wp\/v2\/pages"}],"about":[{"href":"https:\/\/www.tilti.com\/at\/de\/wp-json\/wp\/v2\/types\/page"}],"author":[{"embeddable":true,"href":"https:\/\/www.tilti.com\/at\/de\/wp-json\/wp\/v2\/users\/1"}],"replies":[{"embeddable":true,"href":"https:\/\/www.tilti.com\/at\/de\/wp-json\/wp\/v2\/comments?post=636"}],"version-history":[{"count":17,"href":"https:\/\/www.tilti.com\/at\/de\/wp-json\/wp\/v2\/pages\/636\/revisions"}],"predecessor-version":[{"id":4175,"href":"https:\/\/www.tilti.com\/at\/de\/wp-json\/wp\/v2\/pages\/636\/revisions\/4175"}],"up":[{"embeddable":true,"href":"https:\/\/www.tilti.com\/at\/de\/wp-json\/wp\/v2\/pages\/815"}],"wp:featuredmedia":[{"embeddable":true,"href":"https:\/\/www.tilti.com\/at\/de\/wp-json\/wp\/v2\/media\/1175"}],"wp:attachment":[{"href":"https:\/\/www.tilti.com\/at\/de\/wp-json\/wp\/v2\/media?parent=636"}],"curies":[{"name":"wp","href":"https:\/\/api.w.org\/{rel}","templated":true}]}}