{"id":650,"date":"2017-07-12T11:30:13","date_gmt":"2017-07-12T09:30:13","guid":{"rendered":"http:\/\/www.tilti.com\/at\/?page_id=650\/"},"modified":"2025-12-03T17:30:51","modified_gmt":"2025-12-03T16:30:51","slug":"online-shop-uebersetzung","status":"publish","type":"page","link":"https:\/\/www.tilti.com\/at\/de\/dienstleistungen\/lokalisierung-uebersetzung\/online-shop-uebersetzung\/","title":{"rendered":"E-Commerce \u00dcbersetzung"},"content":{"rendered":"<p>Als Online-Shop-Betreiber m\u00fcssen Sie Ihren Nutzern den Weg zur Conversion erleichtern und ihnen allem voran eine unkomplizierte Handhabung bieten. Daf\u00fcr ist die mehrsprachige Betreuung Ihrer Online-Kunden elementar. Die meisten User f\u00fchlen sich in ihrer Muttersprache am sichersten \u2013 was am Ende das ausschlaggebende Argument f\u00fcr die Kaufentscheidung sein kann. Um Ihren Onlineshop zielgerichtet zu nutzen, sollten Sie die Inhalte und Funktionen f\u00fcr alle ihre internationalen Besucher einfach und verst\u00e4ndlich zug\u00e4nglich machen. Um langfristig Ihren Umsatz zu steigern, ist es also wichtig, Ihren Shop sowohl sprachlich als auch technisch an Ihre gesamte Kundschaft, deren Sprachen und lokale Gegebenheiten anzupassen.<\/p>\n<p>Unser Team aus Experten wei\u00df um die Herausforderung einer Onlineshop-\u00dcbersetzung und ist in der Lage, Ihre Shop-Inhalte professionell und mit viel Knowhow in mehr als 50 Sprachen zu \u00fcbersetzen \u2013 zielgruppenorientiert und schnell.<\/p>\n<h2>Alle Leistungen im Rahmen einer Onlineshop \u00dcbersetzung<\/h2>\n<p>Unsere Leistungen, die die Wirkung Ihres Onlineshops und somit Ihres gesamten Unternehmens zunehmend steigern, sind als \u00fcbergreifender Prozess zu verstehen. Wir k\u00f6nnen Ihnen aufgrund unserer weitreichenden Expertise folgende Leistungen anbieten:<\/p>\n<ul>\n<li><strong>Lokalisierung:<\/strong> Die sprachliche \u00dcbertragung Ihrer Inhalte unter Ber\u00fccksichtigung aller technologischen und kulturellen Aspekte und Gegebenheiten sowie aller Besonderheiten der Sprache \u2013 f\u00fcr eine optimale Funktionalit\u00e4t Ihrer Website im Zielland. Mehr zum Thema <a href=\"https:\/\/www.tilti.com\/at\/de\/dienstleistungen\/lokalisierung-uebersetzung\/\">Lokalisierung<\/a>.<\/li>\n<li><strong>Fach\u00fcbersetzung:<\/strong> Wir verf\u00fcgen \u00fcber ein professionelles und international vernetztes Team zuverl\u00e4ssiger Fach\u00fcbersetzer aus verschiedenen Kompetenzbereichen. Sie sind in ihren jeweiligen Fachgebieten spezialisiert und tragen dazu bei, qualitativ hochwertige und branchengerechte Ergebnisse bei Website-\u00dcbersetzungen zu erzielen. Alles rund um unsere <a href=\"https:\/\/www.tilti.com\/at\/de\/dienstleistungen\/uebersetzungsservice\/fachuebersetzung\/\">Fach\u00fcbersetzungen<\/a> erfahren Sie hier.<\/li>\n<li><strong>SEO \u00dcbersetzung:<\/strong> Wir \u00fcbersetzen alle Ihre Webinhalte auf Anfrage gern auch suchmaschinenoptimiert, um Ihrer Online-Pr\u00e4senz einen zus\u00e4tzlichen Vorteil zu verschaffen. Mehr zur erfolgreichen Umsetzung von <a href=\"https:\/\/www.tilti.com\/at\/de\/dienstleistungen\/lokalisierung-uebersetzung\/seo-uebersetzung\/\">SEO \u00dcbersetzungen<\/a>.<\/li>\n<li><strong>Terminologiemanagement:<\/strong> \u00dcberzeugen Sie mit Ihrem Online-Auftritt und einer starken Kommunikation mit Hilfe einheitlicher Terminologien \u00fcber alle Kommunikationskan\u00e4le hinweg. Unsere Terminologieexperten sichern so zus\u00e4tzlich Ihre Corporate Identity auch im Web. Informieren Sie sich \u00fcber unser <a href=\"https:\/\/www.tilti.com\/at\/de\/dienstleistungen\/uebersetzungsservice\/terminologiemanagement\/\">Terminologiemanagement<\/a>.<\/li>\n<li><strong>DTP-Femdsprachensatz:<\/strong> Er beinhaltet die umfassende Arbeit an Dokumenten oder Webseiten, die aus Texten, Bildern und einem individuellen Layout bestehen \u2013 f\u00fcr \u00fcberzeugende und \u00fcbergreifende Ergebnisse. Erfahren Sie mehr zum <a href=\"https:\/\/www.tilti.com\/at\/de\/dienstleistungen\/uebersetzungsservice\/dtpfremdsprachensatz\/\">DTP-Fremdsprachensatz<\/a>.<\/li>\n<li><strong>Multimedia-Dienstleistungen:<\/strong> betreffen die \u00dcbersetzung und Bearbeitung verschiedener audiovisueller Inhalte. Lesen Sie hier alles zum Thema <a href=\"https:\/\/www.tilti.com\/at\/de\/dienstleistungen\/uebersetzungsservice\/untertitelung\/\">Untertitelung<\/a>.<\/li>\n<li><strong>Softwarelokalisierung:<\/strong> ber\u00fccksichtigt neben der \u00dcbersetzung und Anpassung der Software viele weitere sprachliche und technische Ma\u00dfnahmen. Ausf\u00fchrliche Informationen zum Thema <a href=\"https:\/\/www.tilti.com\/at\/de\/dienstleistungen\/lokalisierung-uebersetzung\/softwarelokalisierung\/\">Softwarelokalisierung<\/a>.<\/li>\n<\/ul>\n<p><a href=\"https:\/\/www.tilti.com\/at\/de\/ueber-uns\/\">Unser Team<\/a> aus professionellen Sprachexperten wird Sie rundum betreuen und Ihren Shop mehr als nur multilingual verf\u00fcgbar machen. Denn es reicht meist nicht, Inhalte konventionell zu \u00fcbersetzen. F\u00fcr weitreichenden Erfolg m\u00fcssen Sie nicht nur die wichtigsten Faktoren f\u00fcr Suchmaschinen auch international optimieren, sondern die Funktionalit\u00e4t des Onlineshops auch im Zielland pr\u00fcfen und sicherstellen sowie die Konsistenz Ihrer Terminologie gew\u00e4hrleisten. All diese Elemente verhelfen Ihnen zu einer nachhaltig starken und \u00fcberzeugenden Wirkung bei Ihren Kunden. Um Ihren Onlineshop \u00fcber alle L\u00e4ndergrenzen hinaus verf\u00fcgbar und erfolgreich zu machen, unterst\u00fctzen wir Sie zuverl\u00e4ssig und schnell.<\/p>\n<h2>Online Shop \u00dcbersetzungen in mehr als 50 Sprachen<\/h2>\n<p>Wir bieten Ihnen die fachgerechte \u00dcbersetzung in mehr als 50 Fremdsprachen. Darunter auch anspruchsvolle Sprachen wie Chinesisch oder Rechts-nach-Links-Sprachen wie Arabisch und Hebr\u00e4isch. Alle g\u00e4ngigen Weltsprachen \u00fcbertragen unsere \u00dcbersetzer, die gleichzeitig Muttersprachler und Fachexperten in unseren <a href=\"https:\/\/www.tilti.com\/at\/de\/kompetenzbereiche\/\">Kompetenzbereichen<\/a> sind \u2013 zuverl\u00e4ssig und schnell.<\/p>\n<p>M\u00f6chten Sie die Sprache Ihrer Kunden sprechen und den Umsatz Ihres Onlineshops verbessern? Dann lassen Sie uns gemeinsam Ihr Projekt angehen und nutzen Sie f\u00fcr einen ersten Kontakt unser <a href=\"https:\/\/www.tilti.com\/at\/de\/angebotsanfrage\/\">Anfrageformular<\/a>. Da die Anforderungen einer Onlineshop \u00dcbersetzung sehr variieren k\u00f6nnen, beraten wir Sie selbstverst\u00e4ndlich gern auch individuell und kostenlos.<\/p>\n","protected":false},"excerpt":{"rendered":"<p>Als Online-Shop-Betreiber m\u00fcssen Sie Ihren Nutzern den Weg zur Conversion erleichtern und ihnen allem voran eine unkomplizierte Handhabung bieten. Daf\u00fcr ist die mehrsprachige Betreuung Ihrer Online-Kunden elementar. Die meisten User f\u00fchlen sich in ihrer Muttersprache am sichersten \u2013 was am Ende das ausschlaggebende Argument f\u00fcr die Kaufentscheidung sein kann. Um Ihren Onlineshop zielgerichtet zu nutzen, [&hellip;]<\/p>\n","protected":false},"author":1,"featured_media":1210,"parent":644,"menu_order":2,"comment_status":"closed","ping_status":"closed","template":"page-service.php","meta":{"_acf_changed":false,"footnotes":""},"class_list":["post-650","page","type-page","status-publish","has-post-thumbnail","hentry"],"acf":[],"yoast_head":"<!-- This site is optimized with the Yoast SEO plugin v27.5 - https:\/\/yoast.com\/product\/yoast-seo-wordpress\/ -->\n<title>Online Shop \u00dcbersetzung - Tilti Multilingual<\/title>\n<meta name=\"description\" content=\"Geben Sie die \u00dcbersetzung Ihres Webshops in professionelle H\u00e4nde \u00bb internationale Online-Pr\u00e4senz \u2713 sorgf\u00e4ltige Umsetzung \u2713 Expertise seit 1999!\" \/>\n<meta name=\"robots\" content=\"index, follow, max-snippet:-1, max-image-preview:large, max-video-preview:-1\" \/>\n<link rel=\"canonical\" href=\"https:\/\/www.tilti.com\/at\/de\/dienstleistungen\/lokalisierung-uebersetzung\/online-shop-uebersetzung\/\" \/>\n<meta property=\"og:locale\" content=\"de_DE\" \/>\n<meta property=\"og:type\" content=\"article\" \/>\n<meta property=\"og:title\" content=\"Online Shop \u00dcbersetzung - Tilti Multilingual\" \/>\n<meta property=\"og:description\" content=\"Geben Sie die \u00dcbersetzung Ihres Webshops in professionelle H\u00e4nde \u00bb internationale Online-Pr\u00e4senz \u2713 sorgf\u00e4ltige Umsetzung \u2713 Expertise seit 1999!\" \/>\n<meta property=\"og:url\" content=\"https:\/\/www.tilti.com\/at\/de\/dienstleistungen\/lokalisierung-uebersetzung\/online-shop-uebersetzung\/\" \/>\n<meta property=\"og:site_name\" content=\"Tilti Multilingual\" \/>\n<meta property=\"article:modified_time\" content=\"2025-12-03T16:30:51+00:00\" \/>\n<meta property=\"og:image\" content=\"https:\/\/www.tilti.com\/at\/wp-content\/uploads\/2017\/07\/tilti-hero-13-1.jpg\" \/>\n\t<meta property=\"og:image:width\" content=\"2880\" \/>\n\t<meta property=\"og:image:height\" content=\"1597\" \/>\n\t<meta property=\"og:image:type\" content=\"image\/jpeg\" \/>\n<meta name=\"twitter:card\" content=\"summary_large_image\" \/>\n<meta name=\"twitter:label1\" content=\"Gesch\u00e4tzte Lesezeit\" \/>\n\t<meta name=\"twitter:data1\" content=\"4 Minuten\" \/>\n<script type=\"application\/ld+json\" class=\"yoast-schema-graph\">{\"@context\":\"https:\\\/\\\/schema.org\",\"@graph\":[{\"@type\":\"WebPage\",\"@id\":\"https:\\\/\\\/www.tilti.com\\\/at\\\/de\\\/dienstleistungen\\\/lokalisierung-uebersetzung\\\/online-shop-uebersetzung\\\/\",\"url\":\"https:\\\/\\\/www.tilti.com\\\/at\\\/de\\\/dienstleistungen\\\/lokalisierung-uebersetzung\\\/online-shop-uebersetzung\\\/\",\"name\":\"Online Shop \u00dcbersetzung - Tilti Multilingual\",\"isPartOf\":{\"@id\":\"https:\\\/\\\/www.tilti.com\\\/at\\\/en\\\/#website\"},\"primaryImageOfPage\":{\"@id\":\"https:\\\/\\\/www.tilti.com\\\/at\\\/de\\\/dienstleistungen\\\/lokalisierung-uebersetzung\\\/online-shop-uebersetzung\\\/#primaryimage\"},\"image\":{\"@id\":\"https:\\\/\\\/www.tilti.com\\\/at\\\/de\\\/dienstleistungen\\\/lokalisierung-uebersetzung\\\/online-shop-uebersetzung\\\/#primaryimage\"},\"thumbnailUrl\":\"https:\\\/\\\/www.tilti.com\\\/at\\\/wp-content\\\/uploads\\\/2017\\\/07\\\/tilti-hero-13-1.jpg\",\"datePublished\":\"2017-07-12T09:30:13+00:00\",\"dateModified\":\"2025-12-03T16:30:51+00:00\",\"description\":\"Geben Sie die \u00dcbersetzung Ihres Webshops in professionelle H\u00e4nde \u00bb internationale Online-Pr\u00e4senz \u2713 sorgf\u00e4ltige Umsetzung \u2713 Expertise seit 1999!\",\"breadcrumb\":{\"@id\":\"https:\\\/\\\/www.tilti.com\\\/at\\\/de\\\/dienstleistungen\\\/lokalisierung-uebersetzung\\\/online-shop-uebersetzung\\\/#breadcrumb\"},\"inLanguage\":\"de-AT\",\"potentialAction\":[{\"@type\":\"ReadAction\",\"target\":[\"https:\\\/\\\/www.tilti.com\\\/at\\\/de\\\/dienstleistungen\\\/lokalisierung-uebersetzung\\\/online-shop-uebersetzung\\\/\"]}]},{\"@type\":\"ImageObject\",\"inLanguage\":\"de-AT\",\"@id\":\"https:\\\/\\\/www.tilti.com\\\/at\\\/de\\\/dienstleistungen\\\/lokalisierung-uebersetzung\\\/online-shop-uebersetzung\\\/#primaryimage\",\"url\":\"https:\\\/\\\/www.tilti.com\\\/at\\\/wp-content\\\/uploads\\\/2017\\\/07\\\/tilti-hero-13-1.jpg\",\"contentUrl\":\"https:\\\/\\\/www.tilti.com\\\/at\\\/wp-content\\\/uploads\\\/2017\\\/07\\\/tilti-hero-13-1.jpg\",\"width\":2880,\"height\":1597,\"caption\":\"translation agency tilti multilingual project manager\"},{\"@type\":\"BreadcrumbList\",\"@id\":\"https:\\\/\\\/www.tilti.com\\\/at\\\/de\\\/dienstleistungen\\\/lokalisierung-uebersetzung\\\/online-shop-uebersetzung\\\/#breadcrumb\",\"itemListElement\":[{\"@type\":\"ListItem\",\"position\":1,\"name\":\"Start\",\"item\":\"https:\\\/\\\/www.tilti.com\\\/at\\\/de\\\/\"},{\"@type\":\"ListItem\",\"position\":2,\"name\":\"Dienstleistungen\",\"item\":\"https:\\\/\\\/www.tilti.com\\\/at\\\/de\\\/dienstleistungen\\\/\"},{\"@type\":\"ListItem\",\"position\":3,\"name\":\"Lokalisierung\",\"item\":\"https:\\\/\\\/www.tilti.com\\\/at\\\/de\\\/dienstleistungen\\\/lokalisierung-uebersetzung\\\/\"},{\"@type\":\"ListItem\",\"position\":4,\"name\":\"E-Commerce \u00dcbersetzung\"}]},{\"@type\":\"WebSite\",\"@id\":\"https:\\\/\\\/www.tilti.com\\\/at\\\/en\\\/#website\",\"url\":\"https:\\\/\\\/www.tilti.com\\\/at\\\/en\\\/\",\"name\":\"Tilti Multilingual\",\"description\":\"Language and Communication Solutions\",\"inLanguage\":\"de-AT\"}]}<\/script>\n<!-- \/ Yoast SEO plugin. -->","yoast_head_json":{"title":"Online Shop \u00dcbersetzung - Tilti Multilingual","description":"Geben Sie die \u00dcbersetzung Ihres Webshops in professionelle H\u00e4nde \u00bb internationale Online-Pr\u00e4senz \u2713 sorgf\u00e4ltige Umsetzung \u2713 Expertise seit 1999!","robots":{"index":"index","follow":"follow","max-snippet":"max-snippet:-1","max-image-preview":"max-image-preview:large","max-video-preview":"max-video-preview:-1"},"canonical":"https:\/\/www.tilti.com\/at\/de\/dienstleistungen\/lokalisierung-uebersetzung\/online-shop-uebersetzung\/","og_locale":"de_DE","og_type":"article","og_title":"Online Shop \u00dcbersetzung - Tilti Multilingual","og_description":"Geben Sie die \u00dcbersetzung Ihres Webshops in professionelle H\u00e4nde \u00bb internationale Online-Pr\u00e4senz \u2713 sorgf\u00e4ltige Umsetzung \u2713 Expertise seit 1999!","og_url":"https:\/\/www.tilti.com\/at\/de\/dienstleistungen\/lokalisierung-uebersetzung\/online-shop-uebersetzung\/","og_site_name":"Tilti Multilingual","article_modified_time":"2025-12-03T16:30:51+00:00","og_image":[{"width":2880,"height":1597,"url":"https:\/\/www.tilti.com\/at\/wp-content\/uploads\/2017\/07\/tilti-hero-13-1.jpg","type":"image\/jpeg"}],"twitter_card":"summary_large_image","twitter_misc":{"Gesch\u00e4tzte Lesezeit":"4 Minuten"},"schema":{"@context":"https:\/\/schema.org","@graph":[{"@type":"WebPage","@id":"https:\/\/www.tilti.com\/at\/de\/dienstleistungen\/lokalisierung-uebersetzung\/online-shop-uebersetzung\/","url":"https:\/\/www.tilti.com\/at\/de\/dienstleistungen\/lokalisierung-uebersetzung\/online-shop-uebersetzung\/","name":"Online Shop \u00dcbersetzung - Tilti Multilingual","isPartOf":{"@id":"https:\/\/www.tilti.com\/at\/en\/#website"},"primaryImageOfPage":{"@id":"https:\/\/www.tilti.com\/at\/de\/dienstleistungen\/lokalisierung-uebersetzung\/online-shop-uebersetzung\/#primaryimage"},"image":{"@id":"https:\/\/www.tilti.com\/at\/de\/dienstleistungen\/lokalisierung-uebersetzung\/online-shop-uebersetzung\/#primaryimage"},"thumbnailUrl":"https:\/\/www.tilti.com\/at\/wp-content\/uploads\/2017\/07\/tilti-hero-13-1.jpg","datePublished":"2017-07-12T09:30:13+00:00","dateModified":"2025-12-03T16:30:51+00:00","description":"Geben Sie die \u00dcbersetzung Ihres Webshops in professionelle H\u00e4nde \u00bb internationale Online-Pr\u00e4senz \u2713 sorgf\u00e4ltige Umsetzung \u2713 Expertise seit 1999!","breadcrumb":{"@id":"https:\/\/www.tilti.com\/at\/de\/dienstleistungen\/lokalisierung-uebersetzung\/online-shop-uebersetzung\/#breadcrumb"},"inLanguage":"de-AT","potentialAction":[{"@type":"ReadAction","target":["https:\/\/www.tilti.com\/at\/de\/dienstleistungen\/lokalisierung-uebersetzung\/online-shop-uebersetzung\/"]}]},{"@type":"ImageObject","inLanguage":"de-AT","@id":"https:\/\/www.tilti.com\/at\/de\/dienstleistungen\/lokalisierung-uebersetzung\/online-shop-uebersetzung\/#primaryimage","url":"https:\/\/www.tilti.com\/at\/wp-content\/uploads\/2017\/07\/tilti-hero-13-1.jpg","contentUrl":"https:\/\/www.tilti.com\/at\/wp-content\/uploads\/2017\/07\/tilti-hero-13-1.jpg","width":2880,"height":1597,"caption":"translation agency tilti multilingual project manager"},{"@type":"BreadcrumbList","@id":"https:\/\/www.tilti.com\/at\/de\/dienstleistungen\/lokalisierung-uebersetzung\/online-shop-uebersetzung\/#breadcrumb","itemListElement":[{"@type":"ListItem","position":1,"name":"Start","item":"https:\/\/www.tilti.com\/at\/de\/"},{"@type":"ListItem","position":2,"name":"Dienstleistungen","item":"https:\/\/www.tilti.com\/at\/de\/dienstleistungen\/"},{"@type":"ListItem","position":3,"name":"Lokalisierung","item":"https:\/\/www.tilti.com\/at\/de\/dienstleistungen\/lokalisierung-uebersetzung\/"},{"@type":"ListItem","position":4,"name":"E-Commerce \u00dcbersetzung"}]},{"@type":"WebSite","@id":"https:\/\/www.tilti.com\/at\/en\/#website","url":"https:\/\/www.tilti.com\/at\/en\/","name":"Tilti Multilingual","description":"Language and Communication Solutions","inLanguage":"de-AT"}]}},"_links":{"self":[{"href":"https:\/\/www.tilti.com\/at\/de\/wp-json\/wp\/v2\/pages\/650","targetHints":{"allow":["GET"]}}],"collection":[{"href":"https:\/\/www.tilti.com\/at\/de\/wp-json\/wp\/v2\/pages"}],"about":[{"href":"https:\/\/www.tilti.com\/at\/de\/wp-json\/wp\/v2\/types\/page"}],"author":[{"embeddable":true,"href":"https:\/\/www.tilti.com\/at\/de\/wp-json\/wp\/v2\/users\/1"}],"replies":[{"embeddable":true,"href":"https:\/\/www.tilti.com\/at\/de\/wp-json\/wp\/v2\/comments?post=650"}],"version-history":[{"count":25,"href":"https:\/\/www.tilti.com\/at\/de\/wp-json\/wp\/v2\/pages\/650\/revisions"}],"predecessor-version":[{"id":4185,"href":"https:\/\/www.tilti.com\/at\/de\/wp-json\/wp\/v2\/pages\/650\/revisions\/4185"}],"up":[{"embeddable":true,"href":"https:\/\/www.tilti.com\/at\/de\/wp-json\/wp\/v2\/pages\/644"}],"wp:featuredmedia":[{"embeddable":true,"href":"https:\/\/www.tilti.com\/at\/de\/wp-json\/wp\/v2\/media\/1210"}],"wp:attachment":[{"href":"https:\/\/www.tilti.com\/at\/de\/wp-json\/wp\/v2\/media?parent=650"}],"curies":[{"name":"wp","href":"https:\/\/api.w.org\/{rel}","templated":true}]}}