{"id":652,"date":"2017-07-12T11:30:39","date_gmt":"2017-07-12T09:30:39","guid":{"rendered":"http:\/\/www.tilti.com\/at\/?page_id=652\/"},"modified":"2025-12-03T17:32:47","modified_gmt":"2025-12-03T16:32:47","slug":"seo-uebersetzung","status":"publish","type":"page","link":"https:\/\/www.tilti.com\/at\/de\/dienstleistungen\/lokalisierung-uebersetzung\/seo-uebersetzung\/","title":{"rendered":"SEO \u00dcbersetzung"},"content":{"rendered":"<p>Suchen eigentlich Ihre Kunden in Deutschland die gleichen Begriffe bzw. Keywords wie beispielsweise in den USA oder in China? Um das herauszufinden, nutzen wir gemeinsam die sprachlichen M\u00f6glichkeiten der SEO-\u00dcbersetzung und steigern effizient Ihre Onlinepr\u00e4senz.<\/p>\n<p>Suchmaschinenoptimierung (SEO) ist die Schl\u00fcsselrolle eines erfolgreichen Online-Auftritts. Sowohl auf Ihrem Heimatmarkt als auch in den Ziell\u00e4ndern Ihrer verf\u00fcgbaren Sprachen spielt der zielgruppenorientierte Einsatz Ihrer Keywords eine gro\u00dfe Rolle. So m\u00f6chten Sie sicher auch von den Suchmaschinen Ihrer internationalen Kunden zielgerichtet gefunden werden. Wir helfen Ihnen dabei zuverl\u00e4ssig und \u00fcbersetzen Ihre Websiteinhalte suchmaschinenoptimiert.<\/p>\n<h2>Optimierte Inhalte mit Mehrwert<\/h2>\n<p>Die Zahl der Menschen, die ihre Eink\u00e4ufe zunehmend online t\u00e4tigen steigt stetig und um in der gro\u00dfen Welt des World Wide Web Erfolg zu haben, m\u00fcssen Sie Ihre Website multilingual verf\u00fcgbar machen. Dabei reicht es jedoch nich, die Inhalte konventionell zu \u00fcbersetzen, sondern Sie m\u00fcssen die lokalen SEO-Gegebenheiten erkennen und f\u00fcr sich nutzen. So sind die wichtigen Schl\u00fcsselworte in Ihrer SEO-\u00dcbersetzung im Zielland nicht immer gleichwertig. Um Ihre Website-Inhalte \u00fcberregional und auch f\u00fcr internationale Suchmaschinen wie Google, Bing, Yahoo, AOL etc. verf\u00fcgbar und vor allem relevant zu gestalten, \u00fcbersetzen wir Ihre Texte suchmaschinenoptimiert, sodass Ihre Sichtbarkeit oder auch die SEO-Visibility steigt und immer die passenden Kunden erreicht.<\/p>\n<h2>Globale Vernetzung optimal nutzen<\/h2>\n<p>Die meisten Internet-User und Online-Shopper bevorzugen den Kauf ihrer Produkte in ihrer jeweiligen Muttersprache. So erh\u00f6hen Sie als Unternehmen das Vertrauen und bauen zielgerichtet Verst\u00e4ndnisbarrieren ab. Damit Sie allerdings von Ihrer Zielgruppe \u00fcberregional und \u00fcber L\u00e4ndergrenzen hinaus gefunden werden, muss Ihre Seite einigen SEO-Richtlinien entsprechen. Diese Ma\u00dfnahmen setzen unsere Fach\u00fcbersetzer und SEO-Experten in mehr als 50 Weltsprachen f\u00fcr Sie um. Egal ob Website Content, Keyword\u00fcbersetzung und -analyse oder die Anpassung Ihrer Metadaten. Unser <a href=\"https:\/\/www.tilti.com\/at\/de\/ueber-uns\/team\/\">Team<\/a> bestehend aus muttersprachlichen \u00dcbersetzern, Online-Marketing-Managern, Lektoren, Terminologieexperten und Projektmanagern wei\u00df genau um die Besonderheiten und lokalen Gegebenheiten ihres Ziellandes und ist immer bem\u00fcht, Ihre Platzierung in den Suchmaschinen und somit Ihre Onlinepr\u00e4senz zu optimieren.<\/p>\n<h2>\u00dcbersicht \u00fcber unsere Leistungen im Bereich SEO-\u00dcbersetzung<\/h2>\n<ul>\n<li>Keywordanalyse<\/li>\n<li>Verwendung nat\u00fcrlicher Phrasen<\/li>\n<li>optimierte Keyworddichte<\/li>\n<li>Anpassung aller Haupt und Zwischen\u00fcberschriften<\/li>\n<li>Synonyme der Haupt- und Nebenkeywords<\/li>\n<li>nat\u00fcrliche Formulierungen f\u00fcr optimale Lesbarkeit<\/li>\n<li>Anpassung der Metadaten unter Ber\u00fccksichtigung der Zeichenzahlen<\/li>\n<\/ul>\n<p>Der \u00dcbersetzungsprozess einer SEO-\u00dcbersetzung beinhaltet neben der zielgruppenorientierten \u00dcbersetzung unter anderem auch die Ber\u00fccksichtigung des Textaufbaus und der Keyworddichte (WDF*IDF), eine <a href=\"https:\/\/www.tilti.com\/at\/de\/dienstleistungen\/lokalisierung-uebersetzung\/\">Lokalisierung<\/a> Ihrer Website mittels Orientierung an kulturellen und sprachlichen Besonderheiten des Ziellandes sowie die individuelle und zielgerichtete Keywordanalyse. Alle \u00dcbersetzungen werden von einem zweiten Muttersprachler und unserem Qualit\u00e4tsmanagement genau gepr\u00fcft \u2013 f\u00fcr Ergebnisse, die Ihrer Website weltweit eine Top-Platzierung verschaffen.<\/p>\n<p>Zudem k\u00f6nnen wir Sie auch bei der Planung und Umsetzung von mehrsprachigen Anzeigen-Kampagnen wie z. B. in Google Adwords unterst\u00fctzen.<\/p>\n<p>Z\u00f6gern Sie nicht und geben Sie Ihrer Website auch international die Aufmerksamkeit, die sie verdient. Nutzen Sie f\u00fcr einen ersten Kontakt unser <a href=\"https:\/\/www.tilti.com\/at\/de\/angebotsanfrage\/\">Anfrageformular<\/a>. Da jede Website unterschiedliche Anforderungen hat, beraten wir Sie gern auch individuell und kostenlos zu Ihrer SEO-\u00dcbersetzung.<\/p>\n","protected":false},"excerpt":{"rendered":"<p>Suchen eigentlich Ihre Kunden in Deutschland die gleichen Begriffe bzw. Keywords wie beispielsweise in den USA oder in China? Um das herauszufinden, nutzen wir gemeinsam die sprachlichen M\u00f6glichkeiten der SEO-\u00dcbersetzung und steigern effizient Ihre Onlinepr\u00e4senz. Suchmaschinenoptimierung (SEO) ist die Schl\u00fcsselrolle eines erfolgreichen Online-Auftritts. Sowohl auf Ihrem Heimatmarkt als auch in den Ziell\u00e4ndern Ihrer verf\u00fcgbaren Sprachen [&hellip;]<\/p>\n","protected":false},"author":1,"featured_media":1192,"parent":644,"menu_order":3,"comment_status":"closed","ping_status":"closed","template":"page-service.php","meta":{"_acf_changed":false,"footnotes":""},"class_list":["post-652","page","type-page","status-publish","has-post-thumbnail","hentry"],"acf":[],"yoast_head":"<!-- This site is optimized with the Yoast SEO plugin v27.4 - https:\/\/yoast.com\/product\/yoast-seo-wordpress\/ -->\n<title>SEO-\u00dcbersetzung \u2013 Inhalte 1A optimiert - Tilti Multilingual<\/title>\n<meta name=\"description\" content=\"Multilinguale Suchmaschinenoptimierung (SEO) \u00bb \u00dcbersetzung von Websiteinhalten \u2713 Analyse, Beratung &amp; Umsetzung \u2713 internationales Netzwerk erfahrener Sprachexpert:innen!\" \/>\n<meta name=\"robots\" content=\"index, follow, max-snippet:-1, max-image-preview:large, max-video-preview:-1\" \/>\n<link rel=\"canonical\" href=\"https:\/\/www.tilti.com\/at\/de\/dienstleistungen\/lokalisierung-uebersetzung\/seo-uebersetzung\/\" \/>\n<meta property=\"og:locale\" content=\"de_DE\" \/>\n<meta property=\"og:type\" content=\"article\" \/>\n<meta property=\"og:title\" content=\"SEO-\u00dcbersetzung \u2013 Inhalte 1A optimiert - Tilti Multilingual\" \/>\n<meta property=\"og:description\" content=\"Multilinguale Suchmaschinenoptimierung (SEO) \u00bb \u00dcbersetzung von Websiteinhalten \u2713 Analyse, Beratung &amp; Umsetzung \u2713 internationales Netzwerk erfahrener Sprachexpert:innen!\" \/>\n<meta property=\"og:url\" content=\"https:\/\/www.tilti.com\/at\/de\/dienstleistungen\/lokalisierung-uebersetzung\/seo-uebersetzung\/\" \/>\n<meta property=\"og:site_name\" content=\"Tilti Multilingual\" \/>\n<meta property=\"article:modified_time\" content=\"2025-12-03T16:32:47+00:00\" \/>\n<meta property=\"og:image\" content=\"https:\/\/www.tilti.com\/at\/wp-content\/uploads\/2017\/07\/tilti-hero-07.jpg\" \/>\n\t<meta property=\"og:image:width\" content=\"2880\" \/>\n\t<meta property=\"og:image:height\" content=\"1280\" \/>\n\t<meta property=\"og:image:type\" content=\"image\/jpeg\" \/>\n<meta name=\"twitter:card\" content=\"summary_large_image\" \/>\n<meta name=\"twitter:label1\" content=\"Gesch\u00e4tzte Lesezeit\" \/>\n\t<meta name=\"twitter:data1\" content=\"3 Minuten\" \/>\n<script type=\"application\/ld+json\" class=\"yoast-schema-graph\">{\"@context\":\"https:\\\/\\\/schema.org\",\"@graph\":[{\"@type\":\"WebPage\",\"@id\":\"https:\\\/\\\/www.tilti.com\\\/at\\\/de\\\/dienstleistungen\\\/lokalisierung-uebersetzung\\\/seo-uebersetzung\\\/\",\"url\":\"https:\\\/\\\/www.tilti.com\\\/at\\\/de\\\/dienstleistungen\\\/lokalisierung-uebersetzung\\\/seo-uebersetzung\\\/\",\"name\":\"SEO-\u00dcbersetzung \u2013 Inhalte 1A optimiert - Tilti Multilingual\",\"isPartOf\":{\"@id\":\"https:\\\/\\\/www.tilti.com\\\/at\\\/en\\\/#website\"},\"primaryImageOfPage\":{\"@id\":\"https:\\\/\\\/www.tilti.com\\\/at\\\/de\\\/dienstleistungen\\\/lokalisierung-uebersetzung\\\/seo-uebersetzung\\\/#primaryimage\"},\"image\":{\"@id\":\"https:\\\/\\\/www.tilti.com\\\/at\\\/de\\\/dienstleistungen\\\/lokalisierung-uebersetzung\\\/seo-uebersetzung\\\/#primaryimage\"},\"thumbnailUrl\":\"https:\\\/\\\/www.tilti.com\\\/at\\\/wp-content\\\/uploads\\\/2017\\\/07\\\/tilti-hero-07.jpg\",\"datePublished\":\"2017-07-12T09:30:39+00:00\",\"dateModified\":\"2025-12-03T16:32:47+00:00\",\"description\":\"Multilinguale Suchmaschinenoptimierung (SEO) \u00bb \u00dcbersetzung von Websiteinhalten \u2713 Analyse, Beratung & Umsetzung \u2713 internationales Netzwerk erfahrener Sprachexpert:innen!\",\"breadcrumb\":{\"@id\":\"https:\\\/\\\/www.tilti.com\\\/at\\\/de\\\/dienstleistungen\\\/lokalisierung-uebersetzung\\\/seo-uebersetzung\\\/#breadcrumb\"},\"inLanguage\":\"de-AT\",\"potentialAction\":[{\"@type\":\"ReadAction\",\"target\":[\"https:\\\/\\\/www.tilti.com\\\/at\\\/de\\\/dienstleistungen\\\/lokalisierung-uebersetzung\\\/seo-uebersetzung\\\/\"]}]},{\"@type\":\"ImageObject\",\"inLanguage\":\"de-AT\",\"@id\":\"https:\\\/\\\/www.tilti.com\\\/at\\\/de\\\/dienstleistungen\\\/lokalisierung-uebersetzung\\\/seo-uebersetzung\\\/#primaryimage\",\"url\":\"https:\\\/\\\/www.tilti.com\\\/at\\\/wp-content\\\/uploads\\\/2017\\\/07\\\/tilti-hero-07.jpg\",\"contentUrl\":\"https:\\\/\\\/www.tilti.com\\\/at\\\/wp-content\\\/uploads\\\/2017\\\/07\\\/tilti-hero-07.jpg\",\"width\":2880,\"height\":1280,\"caption\":\"translation business in office\"},{\"@type\":\"BreadcrumbList\",\"@id\":\"https:\\\/\\\/www.tilti.com\\\/at\\\/de\\\/dienstleistungen\\\/lokalisierung-uebersetzung\\\/seo-uebersetzung\\\/#breadcrumb\",\"itemListElement\":[{\"@type\":\"ListItem\",\"position\":1,\"name\":\"Start\",\"item\":\"https:\\\/\\\/www.tilti.com\\\/at\\\/de\\\/\"},{\"@type\":\"ListItem\",\"position\":2,\"name\":\"Dienstleistungen\",\"item\":\"https:\\\/\\\/www.tilti.com\\\/at\\\/de\\\/dienstleistungen\\\/\"},{\"@type\":\"ListItem\",\"position\":3,\"name\":\"Lokalisierung\",\"item\":\"https:\\\/\\\/www.tilti.com\\\/at\\\/de\\\/dienstleistungen\\\/lokalisierung-uebersetzung\\\/\"},{\"@type\":\"ListItem\",\"position\":4,\"name\":\"SEO \u00dcbersetzung\"}]},{\"@type\":\"WebSite\",\"@id\":\"https:\\\/\\\/www.tilti.com\\\/at\\\/en\\\/#website\",\"url\":\"https:\\\/\\\/www.tilti.com\\\/at\\\/en\\\/\",\"name\":\"Tilti Multilingual\",\"description\":\"Language and Communication Solutions\",\"inLanguage\":\"de-AT\"}]}<\/script>\n<!-- \/ Yoast SEO plugin. -->","yoast_head_json":{"title":"SEO-\u00dcbersetzung \u2013 Inhalte 1A optimiert - Tilti Multilingual","description":"Multilinguale Suchmaschinenoptimierung (SEO) \u00bb \u00dcbersetzung von Websiteinhalten \u2713 Analyse, Beratung & Umsetzung \u2713 internationales Netzwerk erfahrener Sprachexpert:innen!","robots":{"index":"index","follow":"follow","max-snippet":"max-snippet:-1","max-image-preview":"max-image-preview:large","max-video-preview":"max-video-preview:-1"},"canonical":"https:\/\/www.tilti.com\/at\/de\/dienstleistungen\/lokalisierung-uebersetzung\/seo-uebersetzung\/","og_locale":"de_DE","og_type":"article","og_title":"SEO-\u00dcbersetzung \u2013 Inhalte 1A optimiert - Tilti Multilingual","og_description":"Multilinguale Suchmaschinenoptimierung (SEO) \u00bb \u00dcbersetzung von Websiteinhalten \u2713 Analyse, Beratung & Umsetzung \u2713 internationales Netzwerk erfahrener Sprachexpert:innen!","og_url":"https:\/\/www.tilti.com\/at\/de\/dienstleistungen\/lokalisierung-uebersetzung\/seo-uebersetzung\/","og_site_name":"Tilti Multilingual","article_modified_time":"2025-12-03T16:32:47+00:00","og_image":[{"width":2880,"height":1280,"url":"https:\/\/www.tilti.com\/at\/wp-content\/uploads\/2017\/07\/tilti-hero-07.jpg","type":"image\/jpeg"}],"twitter_card":"summary_large_image","twitter_misc":{"Gesch\u00e4tzte Lesezeit":"3 Minuten"},"schema":{"@context":"https:\/\/schema.org","@graph":[{"@type":"WebPage","@id":"https:\/\/www.tilti.com\/at\/de\/dienstleistungen\/lokalisierung-uebersetzung\/seo-uebersetzung\/","url":"https:\/\/www.tilti.com\/at\/de\/dienstleistungen\/lokalisierung-uebersetzung\/seo-uebersetzung\/","name":"SEO-\u00dcbersetzung \u2013 Inhalte 1A optimiert - Tilti Multilingual","isPartOf":{"@id":"https:\/\/www.tilti.com\/at\/en\/#website"},"primaryImageOfPage":{"@id":"https:\/\/www.tilti.com\/at\/de\/dienstleistungen\/lokalisierung-uebersetzung\/seo-uebersetzung\/#primaryimage"},"image":{"@id":"https:\/\/www.tilti.com\/at\/de\/dienstleistungen\/lokalisierung-uebersetzung\/seo-uebersetzung\/#primaryimage"},"thumbnailUrl":"https:\/\/www.tilti.com\/at\/wp-content\/uploads\/2017\/07\/tilti-hero-07.jpg","datePublished":"2017-07-12T09:30:39+00:00","dateModified":"2025-12-03T16:32:47+00:00","description":"Multilinguale Suchmaschinenoptimierung (SEO) \u00bb \u00dcbersetzung von Websiteinhalten \u2713 Analyse, Beratung & Umsetzung \u2713 internationales Netzwerk erfahrener Sprachexpert:innen!","breadcrumb":{"@id":"https:\/\/www.tilti.com\/at\/de\/dienstleistungen\/lokalisierung-uebersetzung\/seo-uebersetzung\/#breadcrumb"},"inLanguage":"de-AT","potentialAction":[{"@type":"ReadAction","target":["https:\/\/www.tilti.com\/at\/de\/dienstleistungen\/lokalisierung-uebersetzung\/seo-uebersetzung\/"]}]},{"@type":"ImageObject","inLanguage":"de-AT","@id":"https:\/\/www.tilti.com\/at\/de\/dienstleistungen\/lokalisierung-uebersetzung\/seo-uebersetzung\/#primaryimage","url":"https:\/\/www.tilti.com\/at\/wp-content\/uploads\/2017\/07\/tilti-hero-07.jpg","contentUrl":"https:\/\/www.tilti.com\/at\/wp-content\/uploads\/2017\/07\/tilti-hero-07.jpg","width":2880,"height":1280,"caption":"translation business in office"},{"@type":"BreadcrumbList","@id":"https:\/\/www.tilti.com\/at\/de\/dienstleistungen\/lokalisierung-uebersetzung\/seo-uebersetzung\/#breadcrumb","itemListElement":[{"@type":"ListItem","position":1,"name":"Start","item":"https:\/\/www.tilti.com\/at\/de\/"},{"@type":"ListItem","position":2,"name":"Dienstleistungen","item":"https:\/\/www.tilti.com\/at\/de\/dienstleistungen\/"},{"@type":"ListItem","position":3,"name":"Lokalisierung","item":"https:\/\/www.tilti.com\/at\/de\/dienstleistungen\/lokalisierung-uebersetzung\/"},{"@type":"ListItem","position":4,"name":"SEO \u00dcbersetzung"}]},{"@type":"WebSite","@id":"https:\/\/www.tilti.com\/at\/en\/#website","url":"https:\/\/www.tilti.com\/at\/en\/","name":"Tilti Multilingual","description":"Language and Communication Solutions","inLanguage":"de-AT"}]}},"_links":{"self":[{"href":"https:\/\/www.tilti.com\/at\/de\/wp-json\/wp\/v2\/pages\/652","targetHints":{"allow":["GET"]}}],"collection":[{"href":"https:\/\/www.tilti.com\/at\/de\/wp-json\/wp\/v2\/pages"}],"about":[{"href":"https:\/\/www.tilti.com\/at\/de\/wp-json\/wp\/v2\/types\/page"}],"author":[{"embeddable":true,"href":"https:\/\/www.tilti.com\/at\/de\/wp-json\/wp\/v2\/users\/1"}],"replies":[{"embeddable":true,"href":"https:\/\/www.tilti.com\/at\/de\/wp-json\/wp\/v2\/comments?post=652"}],"version-history":[{"count":11,"href":"https:\/\/www.tilti.com\/at\/de\/wp-json\/wp\/v2\/pages\/652\/revisions"}],"predecessor-version":[{"id":2798,"href":"https:\/\/www.tilti.com\/at\/de\/wp-json\/wp\/v2\/pages\/652\/revisions\/2798"}],"up":[{"embeddable":true,"href":"https:\/\/www.tilti.com\/at\/de\/wp-json\/wp\/v2\/pages\/644"}],"wp:featuredmedia":[{"embeddable":true,"href":"https:\/\/www.tilti.com\/at\/de\/wp-json\/wp\/v2\/media\/1192"}],"wp:attachment":[{"href":"https:\/\/www.tilti.com\/at\/de\/wp-json\/wp\/v2\/media?parent=652"}],"curies":[{"name":"wp","href":"https:\/\/api.w.org\/{rel}","templated":true}]}}