{"id":658,"date":"2017-07-12T11:31:57","date_gmt":"2017-07-12T09:31:57","guid":{"rendered":"http:\/\/www.tilti.com\/at\/?page_id=658\/"},"modified":"2025-12-09T18:29:56","modified_gmt":"2025-12-09T17:29:56","slug":"simultandolmetschen","status":"publish","type":"page","link":"https:\/\/www.tilti.com\/at\/de\/dienstleistungen\/dolmetschen\/simultandolmetschen\/","title":{"rendered":"Simultandolmetschen"},"content":{"rendered":"<p>Simultandolmetschen gilt nicht ohne Grund als K\u00f6nigsdisziplin des \u00dcbersetzens. Die Dolmetscher ben\u00f6tigen absolute Konzentration und eine \u00fcberdurchschnittliche Auffassungsgabe, da sie mehrere anspruchsvolle Prozesse der \u00dcbersetzung zeitgleich abwickeln m\u00fcssen.<\/p>\n<p>Suchen Sie einen Simultandolmetscher oder ben\u00f6tigen Sie mehr Information dar\u00fcber? Wir helfen Ihnen gern und garantieren Ihnen kompetente Simultan\u00fcbersetzungen entsprechend Ihres Anlasses.<\/p>\n<h2>Die Besonderheiten des Simultandolmetschens<\/h2>\n<p>Die Dolmetscher sitzen meistens separat in einer speziellen schalldichten Dolmetscherkabine, die sie vor s\u00e4mtlichen Ablenkungen sch\u00fctzt. Sie verfolgen alle zu \u00fcbersetzenden Inhalte aufmerksam mit einem Headset, \u00fcbersetzen dabei das Gesprochene und tragen zeitgleich zum Redner alle Inhalte in der Zielsprache vor. Diese anspruchsvolle Art des \u00dcbersetzens erfordert perfekte Sprachkenntnisse sowohl der Ausgangs- als auch der Zielsprache \u2013 f\u00fcr den sicheren Einsatz auch themenspezifischer Fachbegriffe.<br \/>\nDar\u00fcber hinaus muss der Dolmetscher mehrere Aufgaben gleichzeitig souver\u00e4n erf\u00fcllen und darf dabei niemals den Faden verlieren. Dieser sehr komplizierte Prozess und der Umgang mit meist komplexen Inhalten verlangt Dolmetscher mit langj\u00e4hriger Erfahrung und h\u00f6chstem fachlichem Knowhow. Unsere Simultandolmetscher sind Fach\u00fcbersetzer, Muttersprachler und qualifizierte Experten mit verschiedenen Spezialisierungen unserer <a href=\"https:\/\/www.tilti.com\/at\/de\/kompetenzbereiche\/\">Kompetenzbereiche<\/a>.<\/p>\n<p>\u00dcblicherweise werden Simultan\u00fcbersetzungen bei Konferenzen, Galas, Versammlungen, Veranstaltungen, Tagungen, Gerichts- und anderen Verhandlungen aber auch TV-Shows und Live-\u00dcbertragungen eingesetzt.<\/p>\n<h2>Die Arten des Simultandolmetschens<\/h2>\n<p>So viele verschiedene Anforderungen es beim Dolmetschen gibt, so viele Einsatzm\u00f6glichkeiten gibt es auch. Der Anlass Ihrer Veranstaltung entscheidet \u00fcber die Art des Dolmetschens, das dann entweder simultan oder konsekutiv umgesetzt wird.<\/p>\n<ul>\n<li><strong>Konferenzdolmetschen:<\/strong> Konferenzen, Tagungen und Kongresse<\/li>\n<li><strong>Verhandlungsdolmetschen:<\/strong> Gerichtsverhandlungen, Besprechungen und s\u00e4mtliche Gespr\u00e4chsverhandlungen<\/li>\n<li><strong>Begleitdolmetschen:<\/strong> F\u00fchrungen, Besichtigungen und Betreuung internationaler Besucher, Kunden o. \u00e4.<\/li>\n<li><strong>Telefondolmetschen:<\/strong> Telefonkonferenzen und s\u00e4mtliche telefonischen Meetings, Termine oder Vortr\u00e4ge<\/li>\n<\/ul>\n<h2>Internationales Verst\u00e4ndnis w\u00e4hrend Ihrer Veranstaltung<\/h2>\n<p>Wir bieten Ihnen Simultan\u00fcbersetzungen in mehr als 50 verschiedene Weltsprachen darunter Chinesisch oder Rechts-nach-Links-Sprachen wie Arabisch und Hebr\u00e4isch. Sicher und zuverl\u00e4ssig \u00fcbersetzen unsere Dolmetscher Ihre Veranstaltung fachgerecht in Echtzeit und in alle g\u00e4ngigen Sprachen unserer Welt. \u00dcberzeugen Sie sich selbst von unserer Sprachauswahl.<\/p>\n<h2>Perfekte Ergebnisse \u2013 Simultandolmetschen mit Tilti Multilingual<\/h2>\n<p>Sie suchen einen Simultandolmetscher oder ben\u00f6tigen weiter Informationen zum Thema <a href=\"https:\/\/www.tilti.com\/at\/de\/dienstleistungen\/dolmetschen\/\">Dolmetschen<\/a>? Wir helfen Ihnen bei der richtigen Wahl Ihres Dolmetschers und k\u00f6nnen Sie auch bei weiteren Sprach- und \u00dcbersetzungsdiensten Ihrer Veranstaltung unterst\u00fctzen. Nutzen Sie unser <a href=\"https:\/\/www.tilti.com\/at\/de\/angebotsanfrage\/\">Anfrageformular<\/a> oder sprechen Sie uns direkt an \u2013 wir beraten Sie gern individuell und kostenlos.<\/p>\n","protected":false},"excerpt":{"rendered":"<p>Simultandolmetschen gilt nicht ohne Grund als K\u00f6nigsdisziplin des \u00dcbersetzens. Die Dolmetscher ben\u00f6tigen absolute Konzentration und eine \u00fcberdurchschnittliche Auffassungsgabe, da sie mehrere anspruchsvolle Prozesse der \u00dcbersetzung zeitgleich abwickeln m\u00fcssen. Suchen Sie einen Simultandolmetscher oder ben\u00f6tigen Sie mehr Information dar\u00fcber? Wir helfen Ihnen gern und garantieren Ihnen kompetente Simultan\u00fcbersetzungen entsprechend Ihres Anlasses. Die Besonderheiten des Simultandolmetschens Die [&hellip;]<\/p>\n","protected":false},"author":1,"featured_media":1216,"parent":654,"menu_order":1,"comment_status":"closed","ping_status":"closed","template":"page-service.php","meta":{"_acf_changed":false,"footnotes":""},"class_list":["post-658","page","type-page","status-publish","has-post-thumbnail","hentry"],"acf":[],"yoast_head":"<!-- This site is optimized with the Yoast SEO plugin v27.4 - https:\/\/yoast.com\/product\/yoast-seo-wordpress\/ -->\n<title>Simultandolmetschen - Tilti Multilingual<\/title>\n<meta name=\"description\" content=\"Kompetente Simultan\u00fcbersetzung, basierend auf langj\u00e4hriger Erfahrung \u00bb f\u00fcr viele Bereiche \u2713 f\u00fcr Vortr\u00e4ge, Seminare &amp; mehr \u2713 in \u00fcber 50 Sprachen!\" \/>\n<meta name=\"robots\" content=\"index, follow, max-snippet:-1, max-image-preview:large, max-video-preview:-1\" \/>\n<link rel=\"canonical\" href=\"https:\/\/www.tilti.com\/at\/de\/dienstleistungen\/dolmetschen\/simultandolmetschen\/\" \/>\n<meta property=\"og:locale\" content=\"de_DE\" \/>\n<meta property=\"og:type\" content=\"article\" \/>\n<meta property=\"og:title\" content=\"Simultandolmetschen - Tilti Multilingual\" \/>\n<meta property=\"og:description\" content=\"Kompetente Simultan\u00fcbersetzung, basierend auf langj\u00e4hriger Erfahrung \u00bb f\u00fcr viele Bereiche \u2713 f\u00fcr Vortr\u00e4ge, Seminare &amp; mehr \u2713 in \u00fcber 50 Sprachen!\" \/>\n<meta property=\"og:url\" content=\"https:\/\/www.tilti.com\/at\/de\/dienstleistungen\/dolmetschen\/simultandolmetschen\/\" \/>\n<meta property=\"og:site_name\" content=\"Tilti Multilingual\" \/>\n<meta property=\"article:modified_time\" content=\"2025-12-09T17:29:56+00:00\" \/>\n<meta property=\"og:image\" content=\"https:\/\/www.tilti.com\/at\/wp-content\/uploads\/2017\/07\/tilti-hero-16.jpg\" \/>\n\t<meta property=\"og:image:width\" content=\"2880\" \/>\n\t<meta property=\"og:image:height\" content=\"1454\" \/>\n\t<meta property=\"og:image:type\" content=\"image\/jpeg\" \/>\n<meta name=\"twitter:card\" content=\"summary_large_image\" \/>\n<meta name=\"twitter:label1\" content=\"Gesch\u00e4tzte Lesezeit\" \/>\n\t<meta name=\"twitter:data1\" content=\"2 Minuten\" \/>\n<script type=\"application\/ld+json\" class=\"yoast-schema-graph\">{\"@context\":\"https:\\\/\\\/schema.org\",\"@graph\":[{\"@type\":\"WebPage\",\"@id\":\"https:\\\/\\\/www.tilti.com\\\/at\\\/de\\\/dienstleistungen\\\/dolmetschen\\\/simultandolmetschen\\\/\",\"url\":\"https:\\\/\\\/www.tilti.com\\\/at\\\/de\\\/dienstleistungen\\\/dolmetschen\\\/simultandolmetschen\\\/\",\"name\":\"Simultandolmetschen - Tilti Multilingual\",\"isPartOf\":{\"@id\":\"https:\\\/\\\/www.tilti.com\\\/at\\\/en\\\/#website\"},\"primaryImageOfPage\":{\"@id\":\"https:\\\/\\\/www.tilti.com\\\/at\\\/de\\\/dienstleistungen\\\/dolmetschen\\\/simultandolmetschen\\\/#primaryimage\"},\"image\":{\"@id\":\"https:\\\/\\\/www.tilti.com\\\/at\\\/de\\\/dienstleistungen\\\/dolmetschen\\\/simultandolmetschen\\\/#primaryimage\"},\"thumbnailUrl\":\"https:\\\/\\\/www.tilti.com\\\/at\\\/wp-content\\\/uploads\\\/2017\\\/07\\\/tilti-hero-16.jpg\",\"datePublished\":\"2017-07-12T09:31:57+00:00\",\"dateModified\":\"2025-12-09T17:29:56+00:00\",\"description\":\"Kompetente Simultan\u00fcbersetzung, basierend auf langj\u00e4hriger Erfahrung \u00bb f\u00fcr viele Bereiche \u2713 f\u00fcr Vortr\u00e4ge, Seminare & mehr \u2713 in \u00fcber 50 Sprachen!\",\"breadcrumb\":{\"@id\":\"https:\\\/\\\/www.tilti.com\\\/at\\\/de\\\/dienstleistungen\\\/dolmetschen\\\/simultandolmetschen\\\/#breadcrumb\"},\"inLanguage\":\"de-AT\",\"potentialAction\":[{\"@type\":\"ReadAction\",\"target\":[\"https:\\\/\\\/www.tilti.com\\\/at\\\/de\\\/dienstleistungen\\\/dolmetschen\\\/simultandolmetschen\\\/\"]}]},{\"@type\":\"ImageObject\",\"inLanguage\":\"de-AT\",\"@id\":\"https:\\\/\\\/www.tilti.com\\\/at\\\/de\\\/dienstleistungen\\\/dolmetschen\\\/simultandolmetschen\\\/#primaryimage\",\"url\":\"https:\\\/\\\/www.tilti.com\\\/at\\\/wp-content\\\/uploads\\\/2017\\\/07\\\/tilti-hero-16.jpg\",\"contentUrl\":\"https:\\\/\\\/www.tilti.com\\\/at\\\/wp-content\\\/uploads\\\/2017\\\/07\\\/tilti-hero-16.jpg\",\"width\":2880,\"height\":1454,\"caption\":\"translation agency translators and it staff working on project\"},{\"@type\":\"BreadcrumbList\",\"@id\":\"https:\\\/\\\/www.tilti.com\\\/at\\\/de\\\/dienstleistungen\\\/dolmetschen\\\/simultandolmetschen\\\/#breadcrumb\",\"itemListElement\":[{\"@type\":\"ListItem\",\"position\":1,\"name\":\"Start\",\"item\":\"https:\\\/\\\/www.tilti.com\\\/at\\\/de\\\/\"},{\"@type\":\"ListItem\",\"position\":2,\"name\":\"Dienstleistungen\",\"item\":\"https:\\\/\\\/www.tilti.com\\\/at\\\/de\\\/dienstleistungen\\\/\"},{\"@type\":\"ListItem\",\"position\":3,\"name\":\"Dolmetschen\",\"item\":\"https:\\\/\\\/www.tilti.com\\\/at\\\/de\\\/dienstleistungen\\\/dolmetschen\\\/\"},{\"@type\":\"ListItem\",\"position\":4,\"name\":\"Simultandolmetschen\"}]},{\"@type\":\"WebSite\",\"@id\":\"https:\\\/\\\/www.tilti.com\\\/at\\\/en\\\/#website\",\"url\":\"https:\\\/\\\/www.tilti.com\\\/at\\\/en\\\/\",\"name\":\"Tilti Multilingual\",\"description\":\"Language and Communication Solutions\",\"inLanguage\":\"de-AT\"}]}<\/script>\n<!-- \/ Yoast SEO plugin. -->","yoast_head_json":{"title":"Simultandolmetschen - Tilti Multilingual","description":"Kompetente Simultan\u00fcbersetzung, basierend auf langj\u00e4hriger Erfahrung \u00bb f\u00fcr viele Bereiche \u2713 f\u00fcr Vortr\u00e4ge, Seminare & mehr \u2713 in \u00fcber 50 Sprachen!","robots":{"index":"index","follow":"follow","max-snippet":"max-snippet:-1","max-image-preview":"max-image-preview:large","max-video-preview":"max-video-preview:-1"},"canonical":"https:\/\/www.tilti.com\/at\/de\/dienstleistungen\/dolmetschen\/simultandolmetschen\/","og_locale":"de_DE","og_type":"article","og_title":"Simultandolmetschen - Tilti Multilingual","og_description":"Kompetente Simultan\u00fcbersetzung, basierend auf langj\u00e4hriger Erfahrung \u00bb f\u00fcr viele Bereiche \u2713 f\u00fcr Vortr\u00e4ge, Seminare & mehr \u2713 in \u00fcber 50 Sprachen!","og_url":"https:\/\/www.tilti.com\/at\/de\/dienstleistungen\/dolmetschen\/simultandolmetschen\/","og_site_name":"Tilti Multilingual","article_modified_time":"2025-12-09T17:29:56+00:00","og_image":[{"width":2880,"height":1454,"url":"https:\/\/www.tilti.com\/at\/wp-content\/uploads\/2017\/07\/tilti-hero-16.jpg","type":"image\/jpeg"}],"twitter_card":"summary_large_image","twitter_misc":{"Gesch\u00e4tzte Lesezeit":"2 Minuten"},"schema":{"@context":"https:\/\/schema.org","@graph":[{"@type":"WebPage","@id":"https:\/\/www.tilti.com\/at\/de\/dienstleistungen\/dolmetschen\/simultandolmetschen\/","url":"https:\/\/www.tilti.com\/at\/de\/dienstleistungen\/dolmetschen\/simultandolmetschen\/","name":"Simultandolmetschen - Tilti Multilingual","isPartOf":{"@id":"https:\/\/www.tilti.com\/at\/en\/#website"},"primaryImageOfPage":{"@id":"https:\/\/www.tilti.com\/at\/de\/dienstleistungen\/dolmetschen\/simultandolmetschen\/#primaryimage"},"image":{"@id":"https:\/\/www.tilti.com\/at\/de\/dienstleistungen\/dolmetschen\/simultandolmetschen\/#primaryimage"},"thumbnailUrl":"https:\/\/www.tilti.com\/at\/wp-content\/uploads\/2017\/07\/tilti-hero-16.jpg","datePublished":"2017-07-12T09:31:57+00:00","dateModified":"2025-12-09T17:29:56+00:00","description":"Kompetente Simultan\u00fcbersetzung, basierend auf langj\u00e4hriger Erfahrung \u00bb f\u00fcr viele Bereiche \u2713 f\u00fcr Vortr\u00e4ge, Seminare & mehr \u2713 in \u00fcber 50 Sprachen!","breadcrumb":{"@id":"https:\/\/www.tilti.com\/at\/de\/dienstleistungen\/dolmetschen\/simultandolmetschen\/#breadcrumb"},"inLanguage":"de-AT","potentialAction":[{"@type":"ReadAction","target":["https:\/\/www.tilti.com\/at\/de\/dienstleistungen\/dolmetschen\/simultandolmetschen\/"]}]},{"@type":"ImageObject","inLanguage":"de-AT","@id":"https:\/\/www.tilti.com\/at\/de\/dienstleistungen\/dolmetschen\/simultandolmetschen\/#primaryimage","url":"https:\/\/www.tilti.com\/at\/wp-content\/uploads\/2017\/07\/tilti-hero-16.jpg","contentUrl":"https:\/\/www.tilti.com\/at\/wp-content\/uploads\/2017\/07\/tilti-hero-16.jpg","width":2880,"height":1454,"caption":"translation agency translators and it staff working on project"},{"@type":"BreadcrumbList","@id":"https:\/\/www.tilti.com\/at\/de\/dienstleistungen\/dolmetschen\/simultandolmetschen\/#breadcrumb","itemListElement":[{"@type":"ListItem","position":1,"name":"Start","item":"https:\/\/www.tilti.com\/at\/de\/"},{"@type":"ListItem","position":2,"name":"Dienstleistungen","item":"https:\/\/www.tilti.com\/at\/de\/dienstleistungen\/"},{"@type":"ListItem","position":3,"name":"Dolmetschen","item":"https:\/\/www.tilti.com\/at\/de\/dienstleistungen\/dolmetschen\/"},{"@type":"ListItem","position":4,"name":"Simultandolmetschen"}]},{"@type":"WebSite","@id":"https:\/\/www.tilti.com\/at\/en\/#website","url":"https:\/\/www.tilti.com\/at\/en\/","name":"Tilti Multilingual","description":"Language and Communication Solutions","inLanguage":"de-AT"}]}},"_links":{"self":[{"href":"https:\/\/www.tilti.com\/at\/de\/wp-json\/wp\/v2\/pages\/658","targetHints":{"allow":["GET"]}}],"collection":[{"href":"https:\/\/www.tilti.com\/at\/de\/wp-json\/wp\/v2\/pages"}],"about":[{"href":"https:\/\/www.tilti.com\/at\/de\/wp-json\/wp\/v2\/types\/page"}],"author":[{"embeddable":true,"href":"https:\/\/www.tilti.com\/at\/de\/wp-json\/wp\/v2\/users\/1"}],"replies":[{"embeddable":true,"href":"https:\/\/www.tilti.com\/at\/de\/wp-json\/wp\/v2\/comments?post=658"}],"version-history":[{"count":10,"href":"https:\/\/www.tilti.com\/at\/de\/wp-json\/wp\/v2\/pages\/658\/revisions"}],"predecessor-version":[{"id":4236,"href":"https:\/\/www.tilti.com\/at\/de\/wp-json\/wp\/v2\/pages\/658\/revisions\/4236"}],"up":[{"embeddable":true,"href":"https:\/\/www.tilti.com\/at\/de\/wp-json\/wp\/v2\/pages\/654"}],"wp:featuredmedia":[{"embeddable":true,"href":"https:\/\/www.tilti.com\/at\/de\/wp-json\/wp\/v2\/media\/1216"}],"wp:attachment":[{"href":"https:\/\/www.tilti.com\/at\/de\/wp-json\/wp\/v2\/media?parent=658"}],"curies":[{"name":"wp","href":"https:\/\/api.w.org\/{rel}","templated":true}]}}