{"id":664,"date":"2017-07-12T11:33:30","date_gmt":"2017-07-12T09:33:30","guid":{"rendered":"http:\/\/www.tilti.com\/at\/?page_id=664\/"},"modified":"2025-12-03T15:34:03","modified_gmt":"2025-12-03T14:34:03","slug":"medizinische-uebersetzungen","status":"publish","type":"page","link":"https:\/\/www.tilti.com\/at\/de\/kompetenzbereiche\/medizinische-uebersetzungen\/","title":{"rendered":"Medizin"},"content":{"rendered":"<p data-start=\"329\" data-end=\"648\">\u00dcbersetzungen in den Bereichen Medizin und Pharma erfordern ein hohes Ma\u00df an Fachwissen, Sorgfalt und Verantwortungsbewusstsein. Tilti Multilingual ist sich diesen Anforderungen bewusst und setzt qualifizierte Fach\u00fcbersetzerinnen und Fach\u00fcbersetzer ein, die mit den Besonderheiten medizinischer Inhalte vertraut sind.<\/p>\n<p data-start=\"650\" data-end=\"880\">Durch abgestimmte Prozesse und die Unterst\u00fctzung durch erfahrene Sprachexpertinnen und Sprachexperten gew\u00e4hrleisten wir einen sorgf\u00e4ltigen Umgang mit Ihren Dokumenten und eine fachorientierte \u00dcbertragung in mehr als 50 Sprachen.<\/p>\n<p data-start=\"882\" data-end=\"975\">Unsere medizinischen Fach\u00fcbersetzungen finden unter anderem in folgenden Bereichen Anwendung:<\/p>\n<ul>\n<li>Gesundheitswesen<\/li>\n<li>Medizintechnik<\/li>\n<li>Pharmaindustrie<\/li>\n<li>Labore und Forschungsinstitute<\/li>\n<li>Biowissenschaften<\/li>\n<li>Biotechnologie<\/li>\n<li>O\u0308kologie<\/li>\n<\/ul>\n<h2>Sorgf\u00e4ltige medizinische Fach\u00fcbersetzungen<\/h2>\n<p data-start=\"488\" data-end=\"972\">Im medizinischen Bereich ist es besonders wichtig, dass \u00dcbersetzungen pr\u00e4zise und fachlich korrekt formuliert werden. Die \u00dcbertragung von Beipackzetteln, Etiketten oder Produktanleitungen ist eine verantwortungsvolle Aufgabe, da diese Informationen in vielen F\u00e4llen direkten Einfluss auf die sichere Anwendung eines Produkts haben. Daher sollten medizinische \u00dcbersetzungen ausschlie\u00dflich von qualifizierten Fachpersonen erstellt werden, die mit medizinischen Textsorten vertraut sind.<\/p>\n<p data-start=\"974\" data-end=\"1358\">Als professioneller Sprachdienstleister legen wir gro\u00dfen Wert auf eine sorgf\u00e4ltige und fachorientierte Umsetzung Ihrer medizinischen Inhalte. Unsere Prozesse unterst\u00fctzen eine konsistente Arbeitsweise \u2013 von der detaillierten Analyse der Ausgangstexte \u00fcber die Auswahl geeigneter Fach\u00fcbersetzerinnen und Fach\u00fcbersetzer bis hin zum verantwortungsvollen Umgang mit vertraulichen Daten.<\/p>\n<p data-start=\"1360\" data-end=\"1512\">Unsere Sprachexpertinnen und Sprachexperten werden regelm\u00e4\u00dfig evaluiert, um kontinuierlich eine professionelle und fachgerechte Arbeitsweise zu f\u00f6rdern.<\/p>\n<h2>Anforderungen<\/h2>\n<p data-start=\"404\" data-end=\"706\">Unterschiedliche internationale Anforderungen und Richtlinien erh\u00f6hen die Komplexit\u00e4t des \u00dcbersetzungsprozesses. Die erforderliche Integrit\u00e4t und R\u00fcckverfolgbarkeit vieler Produkte macht eine pr\u00e4zise Arbeitsweise sowie fundierte Kenntnisse der regulatorischen Vorgaben im jeweiligen Zielland notwendig.<\/p>\n<p data-start=\"708\" data-end=\"1195\">Die Pharmabranche arbeitet zudem in einem dynamischen Umfeld mit steigender Vielfalt an Marktteilnehmern und hohen Erwartungen hinsichtlich Qualit\u00e4t und Wirtschaftlichkeit. Vor diesem Hintergrund ist eine effiziente und sorgf\u00e4ltige Bearbeitung medizinischer \u00dcbersetzungen besonders wichtig. Eine fachorientierte Anpassung an die sprachlichen und regulatorischen Besonderheiten des Ziellandes unterst\u00fctzt strukturierte Arbeitsabl\u00e4ufe und kann zur Entlastung interner Ressourcen beitragen.<\/p>\n<h2>\u00dcbliche \u00dcbersetzungsleistungen im Bereich Medizin<\/h2>\n<ul>\n<li>Packungsbeilagen und Etikettierung<\/li>\n<li>Fachartikel und Forschungspublikationen<\/li>\n<li>Unterlagen von Fachtagungen<\/li>\n<li>Patente und Zertifikate<\/li>\n<li>Medizinische Dokumentationen<\/li>\n<li>klinische Berichte<\/li>\n<li>Protokolle<\/li>\n<li>Produktbroschu\u0308ren<\/li>\n<li>beglaubigte Rechts- und Versicherungsunterlagen<\/li>\n<li>Marketingunterlagen<\/li>\n<\/ul>\n<p data-start=\"475\" data-end=\"849\">Unsere Fach\u00fcbersetzerinnen und Fach\u00fcbersetzer verf\u00fcgen \u00fcber muttersprachliche Kompetenz in der jeweiligen Zielsprache und sind mit den gesellschaftlichen und rechtlichen Besonderheiten der Zielregion vertraut. F\u00fcr medizinische \u00dcbersetzungen setzen wir qualifizierte Sprachexpertinnen und -experten ein, die \u00fcber fundierte Fachkenntnisse und langj\u00e4hrige Erfahrung verf\u00fcgen.<\/p>\n<p data-start=\"851\" data-end=\"1071\">Wir unterst\u00fctzen Sie als verl\u00e4sslicher Partner bei \u00dcbersetzungen im Bereich Medizin und Pharma. Sorgf\u00e4ltig und fachorientiert bearbeiten wir medizinische und pharmazeutische Inhalte in mehr als 50 verschiedenen Sprachen.<\/p>\n<h2>Erh\u00f6hte Datensensibilit\u00e4t im medizinischen Bereich<\/h2>\n<p data-start=\"1133\" data-end=\"1378\">Der Schutz vertraulicher Daten hat im medizinischen Umfeld besondere Bedeutung \u2013 insbesondere bei sensiblen Informationen aus Patientendaten, Forschung oder Entwicklung. Zugleich ist eine pr\u00e4zise Dokumentation in vielen Projekten unerl\u00e4sslich.<\/p>\n<p data-start=\"1380\" data-end=\"1781\">Daher hat der verantwortungsvolle Umgang mit vertraulichen Informationen bei Tilti Multilingual hohe Priorit\u00e4t. Unsere internen Datenschutzrichtlinien und Vertraulichkeitsvereinbarungen bilden die Grundlage unserer Arbeit. Der gesamte Dokumentenverkehr erfolgt \u00fcber eine 256-Bit-Verschl\u00fcsselung. Zudem k\u00f6nnen Dokumente \u00fcber unser Projektmanagement-Tool AGORA\u00ae sicher und ohne E-Mail \u00fcbertragen werden.<\/p>\n<h2>Profitieren Sie von umfangreichem medizinischem Knowhow<\/h2>\n<p>W\u00fcnschen Sie eine medizinische \u00dcbersetzung? Wir stehen Ihnen t\u00e4glich zur Verf\u00fcgung und beraten und unterst\u00fctzen Sie gern in allen Bereichen der Medizin. Rufen Sie uns an oder nutzen Sie unser <a href=\"https:\/\/www.tilti.com\/at\/de\/angebotsanfrage\/\">Anfrageformular<\/a> f\u00fcr einen ersten Kontakt.<\/p>\n","protected":false},"excerpt":{"rendered":"<p>\u00dcbersetzungen in den Bereichen Medizin und Pharma erfordern ein hohes Ma\u00df an Fachwissen, Sorgfalt und Verantwortungsbewusstsein. Tilti Multilingual ist sich diesen Anforderungen bewusst und setzt qualifizierte Fach\u00fcbersetzerinnen und Fach\u00fcbersetzer ein, die mit den Besonderheiten medizinischer Inhalte vertraut sind. Durch abgestimmte Prozesse und die Unterst\u00fctzung durch erfahrene Sprachexpertinnen und Sprachexperten gew\u00e4hrleisten wir einen sorgf\u00e4ltigen Umgang mit [&hellip;]<\/p>\n","protected":false},"author":1,"featured_media":1214,"parent":660,"menu_order":1,"comment_status":"closed","ping_status":"closed","template":"page-competence.php","meta":{"_acf_changed":false,"footnotes":""},"class_list":["post-664","page","type-page","status-publish","has-post-thumbnail","hentry"],"acf":[],"yoast_head":"<!-- This site is optimized with the Yoast SEO plugin v27.5 - https:\/\/yoast.com\/product\/yoast-seo-wordpress\/ -->\n<title>Medizinische \u00dcbersetzung - Tilti Multilingual<\/title>\n<meta name=\"description\" content=\"Ihr Partner f\u00fcr medizinische Fach\u00fcbersetzungen \u00bb Packungsbeilagen, med. Dokumentationen &amp; mehr \u2713 hohe Qualit\u00e4tnormen \u2713 zertifiziert nach ISO 9001!\" \/>\n<meta name=\"robots\" content=\"index, follow, max-snippet:-1, max-image-preview:large, max-video-preview:-1\" \/>\n<link rel=\"canonical\" href=\"https:\/\/www.tilti.com\/at\/de\/kompetenzbereiche\/medizinische-uebersetzungen\/\" \/>\n<meta property=\"og:locale\" content=\"de_DE\" \/>\n<meta property=\"og:type\" content=\"article\" \/>\n<meta property=\"og:title\" content=\"Medizinische \u00dcbersetzung - Tilti Multilingual\" \/>\n<meta property=\"og:description\" content=\"Ihr Partner f\u00fcr medizinische Fach\u00fcbersetzungen \u00bb Packungsbeilagen, med. Dokumentationen &amp; mehr \u2713 hohe Qualit\u00e4tnormen \u2713 zertifiziert nach ISO 9001!\" \/>\n<meta property=\"og:url\" content=\"https:\/\/www.tilti.com\/at\/de\/kompetenzbereiche\/medizinische-uebersetzungen\/\" \/>\n<meta property=\"og:site_name\" content=\"Tilti Multilingual\" \/>\n<meta property=\"article:modified_time\" content=\"2025-12-03T14:34:03+00:00\" \/>\n<meta property=\"og:image\" content=\"https:\/\/www.tilti.com\/at\/wp-content\/uploads\/2017\/07\/tilti-hero-15.jpg\" \/>\n\t<meta property=\"og:image:width\" content=\"2880\" \/>\n\t<meta property=\"og:image:height\" content=\"1693\" \/>\n\t<meta property=\"og:image:type\" content=\"image\/jpeg\" \/>\n<meta name=\"twitter:card\" content=\"summary_large_image\" \/>\n<meta name=\"twitter:label1\" content=\"Gesch\u00e4tzte Lesezeit\" \/>\n\t<meta name=\"twitter:data1\" content=\"3 Minuten\" \/>\n<script type=\"application\/ld+json\" class=\"yoast-schema-graph\">{\"@context\":\"https:\\\/\\\/schema.org\",\"@graph\":[{\"@type\":\"WebPage\",\"@id\":\"https:\\\/\\\/www.tilti.com\\\/at\\\/de\\\/kompetenzbereiche\\\/medizinische-uebersetzungen\\\/\",\"url\":\"https:\\\/\\\/www.tilti.com\\\/at\\\/de\\\/kompetenzbereiche\\\/medizinische-uebersetzungen\\\/\",\"name\":\"Medizinische \u00dcbersetzung - Tilti Multilingual\",\"isPartOf\":{\"@id\":\"https:\\\/\\\/www.tilti.com\\\/at\\\/en\\\/#website\"},\"primaryImageOfPage\":{\"@id\":\"https:\\\/\\\/www.tilti.com\\\/at\\\/de\\\/kompetenzbereiche\\\/medizinische-uebersetzungen\\\/#primaryimage\"},\"image\":{\"@id\":\"https:\\\/\\\/www.tilti.com\\\/at\\\/de\\\/kompetenzbereiche\\\/medizinische-uebersetzungen\\\/#primaryimage\"},\"thumbnailUrl\":\"https:\\\/\\\/www.tilti.com\\\/at\\\/wp-content\\\/uploads\\\/2017\\\/07\\\/tilti-hero-15.jpg\",\"datePublished\":\"2017-07-12T09:33:30+00:00\",\"dateModified\":\"2025-12-03T14:34:03+00:00\",\"description\":\"Ihr Partner f\u00fcr medizinische Fach\u00fcbersetzungen \u00bb Packungsbeilagen, med. Dokumentationen & mehr \u2713 hohe Qualit\u00e4tnormen \u2713 zertifiziert nach ISO 9001!\",\"breadcrumb\":{\"@id\":\"https:\\\/\\\/www.tilti.com\\\/at\\\/de\\\/kompetenzbereiche\\\/medizinische-uebersetzungen\\\/#breadcrumb\"},\"inLanguage\":\"de-AT\",\"potentialAction\":[{\"@type\":\"ReadAction\",\"target\":[\"https:\\\/\\\/www.tilti.com\\\/at\\\/de\\\/kompetenzbereiche\\\/medizinische-uebersetzungen\\\/\"]}]},{\"@type\":\"ImageObject\",\"inLanguage\":\"de-AT\",\"@id\":\"https:\\\/\\\/www.tilti.com\\\/at\\\/de\\\/kompetenzbereiche\\\/medizinische-uebersetzungen\\\/#primaryimage\",\"url\":\"https:\\\/\\\/www.tilti.com\\\/at\\\/wp-content\\\/uploads\\\/2017\\\/07\\\/tilti-hero-15.jpg\",\"contentUrl\":\"https:\\\/\\\/www.tilti.com\\\/at\\\/wp-content\\\/uploads\\\/2017\\\/07\\\/tilti-hero-15.jpg\",\"width\":2880,\"height\":1693,\"caption\":\"translators working in office\"},{\"@type\":\"BreadcrumbList\",\"@id\":\"https:\\\/\\\/www.tilti.com\\\/at\\\/de\\\/kompetenzbereiche\\\/medizinische-uebersetzungen\\\/#breadcrumb\",\"itemListElement\":[{\"@type\":\"ListItem\",\"position\":1,\"name\":\"Start\",\"item\":\"https:\\\/\\\/www.tilti.com\\\/at\\\/de\\\/\"},{\"@type\":\"ListItem\",\"position\":2,\"name\":\"Kompetenzbereiche\",\"item\":\"https:\\\/\\\/www.tilti.com\\\/at\\\/de\\\/kompetenzbereiche\\\/\"},{\"@type\":\"ListItem\",\"position\":3,\"name\":\"Medizin\"}]},{\"@type\":\"WebSite\",\"@id\":\"https:\\\/\\\/www.tilti.com\\\/at\\\/en\\\/#website\",\"url\":\"https:\\\/\\\/www.tilti.com\\\/at\\\/en\\\/\",\"name\":\"Tilti Multilingual\",\"description\":\"Language and Communication Solutions\",\"inLanguage\":\"de-AT\"}]}<\/script>\n<!-- \/ Yoast SEO plugin. -->","yoast_head_json":{"title":"Medizinische \u00dcbersetzung - Tilti Multilingual","description":"Ihr Partner f\u00fcr medizinische Fach\u00fcbersetzungen \u00bb Packungsbeilagen, med. Dokumentationen & mehr \u2713 hohe Qualit\u00e4tnormen \u2713 zertifiziert nach ISO 9001!","robots":{"index":"index","follow":"follow","max-snippet":"max-snippet:-1","max-image-preview":"max-image-preview:large","max-video-preview":"max-video-preview:-1"},"canonical":"https:\/\/www.tilti.com\/at\/de\/kompetenzbereiche\/medizinische-uebersetzungen\/","og_locale":"de_DE","og_type":"article","og_title":"Medizinische \u00dcbersetzung - Tilti Multilingual","og_description":"Ihr Partner f\u00fcr medizinische Fach\u00fcbersetzungen \u00bb Packungsbeilagen, med. Dokumentationen & mehr \u2713 hohe Qualit\u00e4tnormen \u2713 zertifiziert nach ISO 9001!","og_url":"https:\/\/www.tilti.com\/at\/de\/kompetenzbereiche\/medizinische-uebersetzungen\/","og_site_name":"Tilti Multilingual","article_modified_time":"2025-12-03T14:34:03+00:00","og_image":[{"width":2880,"height":1693,"url":"https:\/\/www.tilti.com\/at\/wp-content\/uploads\/2017\/07\/tilti-hero-15.jpg","type":"image\/jpeg"}],"twitter_card":"summary_large_image","twitter_misc":{"Gesch\u00e4tzte Lesezeit":"3 Minuten"},"schema":{"@context":"https:\/\/schema.org","@graph":[{"@type":"WebPage","@id":"https:\/\/www.tilti.com\/at\/de\/kompetenzbereiche\/medizinische-uebersetzungen\/","url":"https:\/\/www.tilti.com\/at\/de\/kompetenzbereiche\/medizinische-uebersetzungen\/","name":"Medizinische \u00dcbersetzung - Tilti Multilingual","isPartOf":{"@id":"https:\/\/www.tilti.com\/at\/en\/#website"},"primaryImageOfPage":{"@id":"https:\/\/www.tilti.com\/at\/de\/kompetenzbereiche\/medizinische-uebersetzungen\/#primaryimage"},"image":{"@id":"https:\/\/www.tilti.com\/at\/de\/kompetenzbereiche\/medizinische-uebersetzungen\/#primaryimage"},"thumbnailUrl":"https:\/\/www.tilti.com\/at\/wp-content\/uploads\/2017\/07\/tilti-hero-15.jpg","datePublished":"2017-07-12T09:33:30+00:00","dateModified":"2025-12-03T14:34:03+00:00","description":"Ihr Partner f\u00fcr medizinische Fach\u00fcbersetzungen \u00bb Packungsbeilagen, med. Dokumentationen & mehr \u2713 hohe Qualit\u00e4tnormen \u2713 zertifiziert nach ISO 9001!","breadcrumb":{"@id":"https:\/\/www.tilti.com\/at\/de\/kompetenzbereiche\/medizinische-uebersetzungen\/#breadcrumb"},"inLanguage":"de-AT","potentialAction":[{"@type":"ReadAction","target":["https:\/\/www.tilti.com\/at\/de\/kompetenzbereiche\/medizinische-uebersetzungen\/"]}]},{"@type":"ImageObject","inLanguage":"de-AT","@id":"https:\/\/www.tilti.com\/at\/de\/kompetenzbereiche\/medizinische-uebersetzungen\/#primaryimage","url":"https:\/\/www.tilti.com\/at\/wp-content\/uploads\/2017\/07\/tilti-hero-15.jpg","contentUrl":"https:\/\/www.tilti.com\/at\/wp-content\/uploads\/2017\/07\/tilti-hero-15.jpg","width":2880,"height":1693,"caption":"translators working in office"},{"@type":"BreadcrumbList","@id":"https:\/\/www.tilti.com\/at\/de\/kompetenzbereiche\/medizinische-uebersetzungen\/#breadcrumb","itemListElement":[{"@type":"ListItem","position":1,"name":"Start","item":"https:\/\/www.tilti.com\/at\/de\/"},{"@type":"ListItem","position":2,"name":"Kompetenzbereiche","item":"https:\/\/www.tilti.com\/at\/de\/kompetenzbereiche\/"},{"@type":"ListItem","position":3,"name":"Medizin"}]},{"@type":"WebSite","@id":"https:\/\/www.tilti.com\/at\/en\/#website","url":"https:\/\/www.tilti.com\/at\/en\/","name":"Tilti Multilingual","description":"Language and Communication Solutions","inLanguage":"de-AT"}]}},"_links":{"self":[{"href":"https:\/\/www.tilti.com\/at\/de\/wp-json\/wp\/v2\/pages\/664","targetHints":{"allow":["GET"]}}],"collection":[{"href":"https:\/\/www.tilti.com\/at\/de\/wp-json\/wp\/v2\/pages"}],"about":[{"href":"https:\/\/www.tilti.com\/at\/de\/wp-json\/wp\/v2\/types\/page"}],"author":[{"embeddable":true,"href":"https:\/\/www.tilti.com\/at\/de\/wp-json\/wp\/v2\/users\/1"}],"replies":[{"embeddable":true,"href":"https:\/\/www.tilti.com\/at\/de\/wp-json\/wp\/v2\/comments?post=664"}],"version-history":[{"count":11,"href":"https:\/\/www.tilti.com\/at\/de\/wp-json\/wp\/v2\/pages\/664\/revisions"}],"predecessor-version":[{"id":4203,"href":"https:\/\/www.tilti.com\/at\/de\/wp-json\/wp\/v2\/pages\/664\/revisions\/4203"}],"up":[{"embeddable":true,"href":"https:\/\/www.tilti.com\/at\/de\/wp-json\/wp\/v2\/pages\/660"}],"wp:featuredmedia":[{"embeddable":true,"href":"https:\/\/www.tilti.com\/at\/de\/wp-json\/wp\/v2\/media\/1214"}],"wp:attachment":[{"href":"https:\/\/www.tilti.com\/at\/de\/wp-json\/wp\/v2\/media?parent=664"}],"curies":[{"name":"wp","href":"https:\/\/api.w.org\/{rel}","templated":true}]}}