{"id":666,"date":"2017-07-12T11:33:58","date_gmt":"2017-07-12T09:33:58","guid":{"rendered":"http:\/\/www.tilti.com\/at\/?page_id=666\/"},"modified":"2025-12-03T15:37:51","modified_gmt":"2025-12-03T14:37:51","slug":"software-uebersetzungen","status":"publish","type":"page","link":"https:\/\/www.tilti.com\/at\/de\/kompetenzbereiche\/software-uebersetzungen\/","title":{"rendered":"Computer Science &#038; Tech"},"content":{"rendered":"<p data-start=\"420\" data-end=\"831\">Ob Betriebssysteme, Videospiele, Websites oder Apps \u2013 die \u00dcbersetzung technologischer L\u00f6sungen ist anspruchsvoll und setzt ein gutes Verst\u00e4ndnis der technischen und sprachlichen Anforderungen voraus. Dabei geht es nicht nur um den eigentlichen Text, sondern auch um Benutzeroberfl\u00e4chen, Grafiken, Befehle, Multimediainhalte und zugeh\u00f6rige Dokumentationen, die jeweils an den Zielmarkt angepasst werden m\u00fcssen.<\/p>\n<p data-start=\"833\" data-end=\"1122\">Aufgrund dieser Vielschichtigkeit handelt es sich h\u00e4ufig nicht um reine \u00dcbersetzungen, sondern um umfassende Lokalisierungsprozesse. Wir begleiten Sie bei Projekten im Bereich Software- und Hardwarelokalisierung und unterst\u00fctzen eine strukturierte Umsetzung \u00fcber alle Projektphasen hinweg.<\/p>\n<h2>Unsere Sprachdienstleistungen erfolgen im Rahmen von:<\/h2>\n<ul>\n<li>App-Entwicklung<\/li>\n<li>Consumer Technology<\/li>\n<li>Computer Science<\/li>\n<li>Robotics<\/li>\n<li>E-Commerce<\/li>\n<li>Gaming &amp; Entertainment<\/li>\n<li>Business Technology<\/li>\n<\/ul>\n<h2>Besonderheiten und Anforderungen<\/h2>\n<p>Rasante technische Entwicklungen sorgen f\u00fcr eine enorme \u00c4nderung der Marktnachfrage. Um Schritt halten zu k\u00f6nnen, m\u00fcssen Sie als Technologieunternehmen Ihre Software und Prozesse an diesen hohen Zeit- und Kostendruck anpassen. Zudem sind Sie aber auch mit den hohen Anforderungen an die Qualit\u00e4t Ihrer Produkte und Technologien konfrontiert \u2013 sowohl funktional als auch sprachlich.<\/p>\n<p>Technologiel\u00f6sungen sind im Gegensatz zu konventionellen Dokumenten lebendig und nach ihrer Markteinf\u00fchrung von st\u00e4ndigen Aktualisierungen und Optimierungen gepr\u00e4gt. Anpassungen an der Benutzeroberfl\u00e4che, zus\u00e4tzliche Funktionen oder Sprach\u00e4nderungen m\u00fcssen dauerhaft ber\u00fccksichtigt werden. F\u00fcr konstant optimale Qualit\u00e4t Ihrer Produkte, \u00fcbernehmen wir inhaltliche \u00c4nderungen aller Sprachvarianten auch kurzfristig.<\/p>\n<p>Starre Formulare, begrenzte Feldl\u00e4ngen, Unternavigationen, Hidden Text (wie bspw. Fehlermeldungen), kontextlose Feldbezeichnungen \u2013 das alles k\u00f6nnen typische Rahmenbedingungen f\u00fcr die \u00dcbersetzungen im Bereich Computer Science &amp; Tech sein. Alle Inhalte m\u00fcssen dabei ausnahmslos \u00fcbersetzt und auch bei unterschiedlichen Satzl\u00e4ngen in der vorgegeben Umgebung eingef\u00fcgt werden \u2013 das sind nur einige der Herausforderungen, die Software &#8211; \u00dcbersetzungen mit sich bringen.<\/p>\n<h2>Lokalisierungstools f\u00fcr konsistente Qualit\u00e4t<\/h2>\n<p data-start=\"379\" data-end=\"861\">Unser Team aus spezialisierten Fachkr\u00e4ften arbeitet daran, die Benutzerfreundlichkeit Ihrer Produkte bestm\u00f6glich zu unterst\u00fctzen und nutzt dabei Lokalisierung als wichtigen Bestandteil des Gesamtprozesses. Unsere Lokalisierungstools erleichtern die \u00fcbergreifende Bearbeitung und erm\u00f6glichen die Verarbeitung einer Vielzahl g\u00e4ngiger Ausgangsformate und webbasierter Systeme wie Magento, OXID, Shopware, WordPress, Joomla, HTML, Java, PHP, .po, C++, Silverlight und weiteren Formaten.<\/p>\n<p data-start=\"863\" data-end=\"1008\">Diese Technologien tragen dazu bei, den Lokalisierungsprozess effizient zu gestalten und eine konsistente Umsetzung der \u00dcbersetzungen zu f\u00f6rdern.<\/p>\n<p>Wir nutzen folgende Software f\u00fcr die erfolgreiche Umsetzung Ihrer Projekte:<\/p>\n<ul>\n<li>SDL Passolo<\/li>\n<li>Poedit<\/li>\n<li>Sisulizer<\/li>\n<li>Windows Visual Basic C++<\/li>\n<li>Adobe RoboHelp<\/li>\n<li>HelpQA etc.<\/li>\n<\/ul>\n<p data-start=\"408\" data-end=\"829\">Im Rahmen einer Software-\u00dcbersetzung sind h\u00e4ufig nicht nur sprachliche, sondern auch grafische, technische und kulturelle Anpassungen erforderlich. Dazu geh\u00f6ren beispielsweise typografisch anspruchsvolle Sprachen wie Chinesisch oder Rechts-nach-Links-Sprachen. Unsere IT-Fachkr\u00e4fte verf\u00fcgen \u00fcber Erfahrung im Umgang mit solchen Anforderungen und werden von Grafik-, Entwicklungs- und Qualit\u00e4tssicherungsteams unterst\u00fctzt.<\/p>\n<p data-start=\"831\" data-end=\"1037\">Nach Abschluss der \u00dcbersetzung werden f\u00fcr alle Sprachen Pr\u00fcfungen in den Bereichen Sprache, Layout und grundlegender Funktionalit\u00e4t vorgenommen, um eine konsistente und fachorientierte Umsetzung zu f\u00f6rdern.<\/p>\n<h2>Tilti Multilingual \u2013 zuverl\u00e4ssig und schnell<\/h2>\n<p>Vertrauen Sie einem Experten auf dem Gebiet der Software- sowie Hardware-\u00dcbersetzungen und profitieren Sie von der Erfahrung sowie dem sprachlichen Knowhow unserer Fach\u00fcbersetzer. Nutzen Sie unser <a href=\"https:\/\/www.tilti.com\/at\/de\/angebotsanfrage\/\">Anfrageformular<\/a> f\u00fcr eine einfache und schnelle Bearbeitung Ihrer \u00dcbersetzung. Da viele Projekte unterschiedliche Anspr\u00fcche an den \u00dcbersetzungsprozess haben, beraten wir Sie gern auch individuell und telefonisch.<\/p>\n","protected":false},"excerpt":{"rendered":"<p>Ob Betriebssysteme, Videospiele, Websites oder Apps \u2013 die \u00dcbersetzung technologischer L\u00f6sungen ist anspruchsvoll und setzt ein gutes Verst\u00e4ndnis der technischen und sprachlichen Anforderungen voraus. Dabei geht es nicht nur um den eigentlichen Text, sondern auch um Benutzeroberfl\u00e4chen, Grafiken, Befehle, Multimediainhalte und zugeh\u00f6rige Dokumentationen, die jeweils an den Zielmarkt angepasst werden m\u00fcssen. Aufgrund dieser Vielschichtigkeit handelt [&hellip;]<\/p>\n","protected":false},"author":1,"featured_media":1171,"parent":660,"menu_order":2,"comment_status":"closed","ping_status":"closed","template":"page-competence.php","meta":{"_acf_changed":false,"footnotes":""},"class_list":["post-666","page","type-page","status-publish","has-post-thumbnail","hentry"],"acf":[],"yoast_head":"<!-- This site is optimized with the Yoast SEO plugin v27.4 - https:\/\/yoast.com\/product\/yoast-seo-wordpress\/ -->\n<title>Software-\u00dcbersetzungen - Tilti Multilingual<\/title>\n<meta name=\"description\" content=\"\u00dcbersetzung von Soft- &amp; Hardware \u00bb Know-how u.a. im Bereich App-Entwicklung, Gaming &amp; Robotics \u2713 unter Einsatz leistungsf\u00e4hriger Tools \u2713 h\u00f6chste Qualit\u00e4t!\" \/>\n<meta name=\"robots\" content=\"index, follow, max-snippet:-1, max-image-preview:large, max-video-preview:-1\" \/>\n<link rel=\"canonical\" href=\"https:\/\/www.tilti.com\/at\/de\/kompetenzbereiche\/software-uebersetzungen\/\" \/>\n<meta property=\"og:locale\" content=\"de_DE\" \/>\n<meta property=\"og:type\" content=\"article\" \/>\n<meta property=\"og:title\" content=\"Software-\u00dcbersetzungen - Tilti Multilingual\" \/>\n<meta property=\"og:description\" content=\"\u00dcbersetzung von Soft- &amp; Hardware \u00bb Know-how u.a. im Bereich App-Entwicklung, Gaming &amp; Robotics \u2713 unter Einsatz leistungsf\u00e4hriger Tools \u2713 h\u00f6chste Qualit\u00e4t!\" \/>\n<meta property=\"og:url\" content=\"https:\/\/www.tilti.com\/at\/de\/kompetenzbereiche\/software-uebersetzungen\/\" \/>\n<meta property=\"og:site_name\" content=\"Tilti Multilingual\" \/>\n<meta property=\"article:modified_time\" content=\"2025-12-03T14:37:51+00:00\" \/>\n<meta property=\"og:image\" content=\"https:\/\/www.tilti.com\/at\/wp-content\/uploads\/2017\/07\/tilti-hero-03-1.jpg\" \/>\n\t<meta property=\"og:image:width\" content=\"2880\" \/>\n\t<meta property=\"og:image:height\" content=\"1763\" \/>\n\t<meta property=\"og:image:type\" content=\"image\/jpeg\" \/>\n<meta name=\"twitter:card\" content=\"summary_large_image\" \/>\n<meta name=\"twitter:label1\" content=\"Gesch\u00e4tzte Lesezeit\" \/>\n\t<meta name=\"twitter:data1\" content=\"3 Minuten\" \/>\n<script type=\"application\/ld+json\" class=\"yoast-schema-graph\">{\"@context\":\"https:\\\/\\\/schema.org\",\"@graph\":[{\"@type\":\"WebPage\",\"@id\":\"https:\\\/\\\/www.tilti.com\\\/at\\\/de\\\/kompetenzbereiche\\\/software-uebersetzungen\\\/\",\"url\":\"https:\\\/\\\/www.tilti.com\\\/at\\\/de\\\/kompetenzbereiche\\\/software-uebersetzungen\\\/\",\"name\":\"Software-\u00dcbersetzungen - Tilti Multilingual\",\"isPartOf\":{\"@id\":\"https:\\\/\\\/www.tilti.com\\\/at\\\/en\\\/#website\"},\"primaryImageOfPage\":{\"@id\":\"https:\\\/\\\/www.tilti.com\\\/at\\\/de\\\/kompetenzbereiche\\\/software-uebersetzungen\\\/#primaryimage\"},\"image\":{\"@id\":\"https:\\\/\\\/www.tilti.com\\\/at\\\/de\\\/kompetenzbereiche\\\/software-uebersetzungen\\\/#primaryimage\"},\"thumbnailUrl\":\"https:\\\/\\\/www.tilti.com\\\/at\\\/wp-content\\\/uploads\\\/2017\\\/07\\\/tilti-hero-03-1.jpg\",\"datePublished\":\"2017-07-12T09:33:58+00:00\",\"dateModified\":\"2025-12-03T14:37:51+00:00\",\"description\":\"\u00dcbersetzung von Soft- & Hardware \u00bb Know-how u.a. im Bereich App-Entwicklung, Gaming & Robotics \u2713 unter Einsatz leistungsf\u00e4hriger Tools \u2713 h\u00f6chste Qualit\u00e4t!\",\"breadcrumb\":{\"@id\":\"https:\\\/\\\/www.tilti.com\\\/at\\\/de\\\/kompetenzbereiche\\\/software-uebersetzungen\\\/#breadcrumb\"},\"inLanguage\":\"de-AT\",\"potentialAction\":[{\"@type\":\"ReadAction\",\"target\":[\"https:\\\/\\\/www.tilti.com\\\/at\\\/de\\\/kompetenzbereiche\\\/software-uebersetzungen\\\/\"]}]},{\"@type\":\"ImageObject\",\"inLanguage\":\"de-AT\",\"@id\":\"https:\\\/\\\/www.tilti.com\\\/at\\\/de\\\/kompetenzbereiche\\\/software-uebersetzungen\\\/#primaryimage\",\"url\":\"https:\\\/\\\/www.tilti.com\\\/at\\\/wp-content\\\/uploads\\\/2017\\\/07\\\/tilti-hero-03-1.jpg\",\"contentUrl\":\"https:\\\/\\\/www.tilti.com\\\/at\\\/wp-content\\\/uploads\\\/2017\\\/07\\\/tilti-hero-03-1.jpg\",\"width\":2880,\"height\":1763,\"caption\":\"tilti multilingual translators and freelancers\"},{\"@type\":\"BreadcrumbList\",\"@id\":\"https:\\\/\\\/www.tilti.com\\\/at\\\/de\\\/kompetenzbereiche\\\/software-uebersetzungen\\\/#breadcrumb\",\"itemListElement\":[{\"@type\":\"ListItem\",\"position\":1,\"name\":\"Start\",\"item\":\"https:\\\/\\\/www.tilti.com\\\/at\\\/de\\\/\"},{\"@type\":\"ListItem\",\"position\":2,\"name\":\"Kompetenzbereiche\",\"item\":\"https:\\\/\\\/www.tilti.com\\\/at\\\/de\\\/kompetenzbereiche\\\/\"},{\"@type\":\"ListItem\",\"position\":3,\"name\":\"Computer Science &#038; Tech\"}]},{\"@type\":\"WebSite\",\"@id\":\"https:\\\/\\\/www.tilti.com\\\/at\\\/en\\\/#website\",\"url\":\"https:\\\/\\\/www.tilti.com\\\/at\\\/en\\\/\",\"name\":\"Tilti Multilingual\",\"description\":\"Language and Communication Solutions\",\"inLanguage\":\"de-AT\"}]}<\/script>\n<!-- \/ Yoast SEO plugin. -->","yoast_head_json":{"title":"Software-\u00dcbersetzungen - Tilti Multilingual","description":"\u00dcbersetzung von Soft- & Hardware \u00bb Know-how u.a. im Bereich App-Entwicklung, Gaming & Robotics \u2713 unter Einsatz leistungsf\u00e4hriger Tools \u2713 h\u00f6chste Qualit\u00e4t!","robots":{"index":"index","follow":"follow","max-snippet":"max-snippet:-1","max-image-preview":"max-image-preview:large","max-video-preview":"max-video-preview:-1"},"canonical":"https:\/\/www.tilti.com\/at\/de\/kompetenzbereiche\/software-uebersetzungen\/","og_locale":"de_DE","og_type":"article","og_title":"Software-\u00dcbersetzungen - Tilti Multilingual","og_description":"\u00dcbersetzung von Soft- & Hardware \u00bb Know-how u.a. im Bereich App-Entwicklung, Gaming & Robotics \u2713 unter Einsatz leistungsf\u00e4hriger Tools \u2713 h\u00f6chste Qualit\u00e4t!","og_url":"https:\/\/www.tilti.com\/at\/de\/kompetenzbereiche\/software-uebersetzungen\/","og_site_name":"Tilti Multilingual","article_modified_time":"2025-12-03T14:37:51+00:00","og_image":[{"width":2880,"height":1763,"url":"https:\/\/www.tilti.com\/at\/wp-content\/uploads\/2017\/07\/tilti-hero-03-1.jpg","type":"image\/jpeg"}],"twitter_card":"summary_large_image","twitter_misc":{"Gesch\u00e4tzte Lesezeit":"3 Minuten"},"schema":{"@context":"https:\/\/schema.org","@graph":[{"@type":"WebPage","@id":"https:\/\/www.tilti.com\/at\/de\/kompetenzbereiche\/software-uebersetzungen\/","url":"https:\/\/www.tilti.com\/at\/de\/kompetenzbereiche\/software-uebersetzungen\/","name":"Software-\u00dcbersetzungen - Tilti Multilingual","isPartOf":{"@id":"https:\/\/www.tilti.com\/at\/en\/#website"},"primaryImageOfPage":{"@id":"https:\/\/www.tilti.com\/at\/de\/kompetenzbereiche\/software-uebersetzungen\/#primaryimage"},"image":{"@id":"https:\/\/www.tilti.com\/at\/de\/kompetenzbereiche\/software-uebersetzungen\/#primaryimage"},"thumbnailUrl":"https:\/\/www.tilti.com\/at\/wp-content\/uploads\/2017\/07\/tilti-hero-03-1.jpg","datePublished":"2017-07-12T09:33:58+00:00","dateModified":"2025-12-03T14:37:51+00:00","description":"\u00dcbersetzung von Soft- & Hardware \u00bb Know-how u.a. im Bereich App-Entwicklung, Gaming & Robotics \u2713 unter Einsatz leistungsf\u00e4hriger Tools \u2713 h\u00f6chste Qualit\u00e4t!","breadcrumb":{"@id":"https:\/\/www.tilti.com\/at\/de\/kompetenzbereiche\/software-uebersetzungen\/#breadcrumb"},"inLanguage":"de-AT","potentialAction":[{"@type":"ReadAction","target":["https:\/\/www.tilti.com\/at\/de\/kompetenzbereiche\/software-uebersetzungen\/"]}]},{"@type":"ImageObject","inLanguage":"de-AT","@id":"https:\/\/www.tilti.com\/at\/de\/kompetenzbereiche\/software-uebersetzungen\/#primaryimage","url":"https:\/\/www.tilti.com\/at\/wp-content\/uploads\/2017\/07\/tilti-hero-03-1.jpg","contentUrl":"https:\/\/www.tilti.com\/at\/wp-content\/uploads\/2017\/07\/tilti-hero-03-1.jpg","width":2880,"height":1763,"caption":"tilti multilingual translators and freelancers"},{"@type":"BreadcrumbList","@id":"https:\/\/www.tilti.com\/at\/de\/kompetenzbereiche\/software-uebersetzungen\/#breadcrumb","itemListElement":[{"@type":"ListItem","position":1,"name":"Start","item":"https:\/\/www.tilti.com\/at\/de\/"},{"@type":"ListItem","position":2,"name":"Kompetenzbereiche","item":"https:\/\/www.tilti.com\/at\/de\/kompetenzbereiche\/"},{"@type":"ListItem","position":3,"name":"Computer Science &#038; Tech"}]},{"@type":"WebSite","@id":"https:\/\/www.tilti.com\/at\/en\/#website","url":"https:\/\/www.tilti.com\/at\/en\/","name":"Tilti Multilingual","description":"Language and Communication Solutions","inLanguage":"de-AT"}]}},"_links":{"self":[{"href":"https:\/\/www.tilti.com\/at\/de\/wp-json\/wp\/v2\/pages\/666","targetHints":{"allow":["GET"]}}],"collection":[{"href":"https:\/\/www.tilti.com\/at\/de\/wp-json\/wp\/v2\/pages"}],"about":[{"href":"https:\/\/www.tilti.com\/at\/de\/wp-json\/wp\/v2\/types\/page"}],"author":[{"embeddable":true,"href":"https:\/\/www.tilti.com\/at\/de\/wp-json\/wp\/v2\/users\/1"}],"replies":[{"embeddable":true,"href":"https:\/\/www.tilti.com\/at\/de\/wp-json\/wp\/v2\/comments?post=666"}],"version-history":[{"count":10,"href":"https:\/\/www.tilti.com\/at\/de\/wp-json\/wp\/v2\/pages\/666\/revisions"}],"predecessor-version":[{"id":4205,"href":"https:\/\/www.tilti.com\/at\/de\/wp-json\/wp\/v2\/pages\/666\/revisions\/4205"}],"up":[{"embeddable":true,"href":"https:\/\/www.tilti.com\/at\/de\/wp-json\/wp\/v2\/pages\/660"}],"wp:featuredmedia":[{"embeddable":true,"href":"https:\/\/www.tilti.com\/at\/de\/wp-json\/wp\/v2\/media\/1171"}],"wp:attachment":[{"href":"https:\/\/www.tilti.com\/at\/de\/wp-json\/wp\/v2\/media?parent=666"}],"curies":[{"name":"wp","href":"https:\/\/api.w.org\/{rel}","templated":true}]}}