{"id":672,"date":"2017-07-12T11:35:58","date_gmt":"2017-07-12T09:35:58","guid":{"rendered":"http:\/\/www.tilti.com\/at\/?page_id=672\/"},"modified":"2025-12-03T16:02:59","modified_gmt":"2025-12-03T15:02:59","slug":"memoq","status":"publish","type":"page","link":"https:\/\/www.tilti.com\/at\/de\/cat-tools\/memoq\/","title":{"rendered":"MemoQ"},"content":{"rendered":"<p>MemoQ ist eines unser CAT Tools (Computer Assisted Translation), welches \u00fcber eine eigene Benutzeroberfl\u00e4che verf\u00fcgt und zudem datenbankgest\u00fctzte \u00dcbersetzungen erm\u00f6glicht. Der Einsatz dieses Tools ist dabei keinesfalls mit einer maschinellen \u00dcbersetzung zu verwechseln. Alle Hilfswerkzeuge werden von uns und unseren \u00dcbersetzern ausschlie\u00dflich in Ihrem Sinne, bewusst und in Abh\u00e4ngigkeit von Ihrem \u00dcbersetzungsprojekt eingesetzt.<\/p>\n<h2>Alle Vorteile im \u00dcberblick<\/h2>\n<ul>\n<li><strong>Projektautomatisierung<\/strong>: Automatisierung von administrativen Projektaufgaben. Mit schmalen Prozessen minimieren wir so nicht nur unseren Aufwand, sondern auch Ihre Kosten.<\/li>\n<li><strong>Projekt\u00fcbersicht<\/strong>: Wir beobachten, koordinieren und steuern so effizient den Fortschritt Ihrer \u00dcbersetzungsprojekte.<\/li>\n<li><strong>Umfassende Pr\u00fcfungen<\/strong>: Trotz globaler Vernetzung beziehen wir unsere \u00dcbersetzer und Pr\u00fcfer transparent in alle Phasen mit ein \u2013 f\u00fcr erh\u00f6hte Zeitersparnis w\u00e4hrend aller Korrekturen.<\/li>\n<li><strong>Dateiformate<\/strong>: MemoQ kann unter anderem folgende Formate verarbeiten: MS Office-Dateien, XLIFF, ttx, sdlxliff, Text, XML, HTML, OpenOffice, Java (*.properties), Windows NET (*.resx), TXML (Wordfast), Adobe Indesign, Adobe Framemaker, AuthorIT, Typo 3, MS Visio.<\/li>\n<li><strong>Terminologiemanagement<\/strong>: Durch integrierte Terminologiedatenbanken schl\u00e4gt MemoQ w\u00e4hrend der \u00dcbersetzung automatisch wiederkehrende Formulierungen oder gleiche Fachbegriffe vor.<\/li>\n<li><strong>Qualit\u00e4tssicherung<\/strong>: Durch Rechtschreib- und Formatkorrekturen pr\u00fcfen unsere \u00dcbersetzer mit MemoQ alle Inhalte hinsichtlich Terminologie-Verwendung, Formatierungen oder Schreibfehlern.<\/li>\n<\/ul>\n<h2>Umfassende Lokalisierungen<\/h2>\n<p>Aufgrund steigender Globalisierung entscheidet unter anderem die mehrsprachige Verf\u00fcgbarkeit einer Software oder Website \u00fcber den Erfolg Ihres Produktes. Softwareprodukte und Webseiten haben ganz besondere Eigenschaften, weshalb eine konventionelle \u00dcbersetzung hier an ihre Grenzen kommt. MemoQ hilft uns neben der Rechtschreibkorrektur und dem <a href=\"https:\/\/www.tilti.com\/at\/de\/dienstleistungen\/uebersetzungsservice\/terminologiemanagement\/\">Terminologiemanagement<\/a> auch bei der \u00dcberpr\u00fcfung von Textl\u00e4ngen, Platzhaltern, \u00dcberlappungen, Steuerzeichen oder verborgenem Text.<\/p>\n<p data-start=\"385\" data-end=\"661\">Durch den Einsatz dieses Tools kann der Text Ihrer Software oder Website extrahiert und anschlie\u00dfend in das Ausgangsmedium zur\u00fcckgef\u00fchrt werden. Auf diese Weise werden die einzelnen Schritte der \u00dcbersetzung und Lokalisierung technisch unterst\u00fctzt und strukturiert umgesetzt.<\/p>\n<p data-start=\"663\" data-end=\"818\">Dies erm\u00f6glicht eine effiziente Arbeitsweise und unterst\u00fctzt eine sprachlich pr\u00e4zise Umsetzung Ihres Projekts innerhalb der vereinbarten Rahmenbedingungen.<\/p>\n<h2>Qualit\u00e4tssicherung durch strukturierte Prozesse<\/h2>\n<p>F\u00fcr eine konsistente Umsetzung unserer \u00dcbersetzungen nutzen wir die Funktionen von MemoQ auch zur Unterst\u00fctzung unserer internen Qualit\u00e4tsprozesse. Unsere Lokalisierungsteams orientieren sich dabei an definierten Arbeitsschritten und Vorgaben der Qualit\u00e4tssicherung. Durch den Einsatz dieses Tools k\u00f6nnen Abl\u00e4ufe effizienter gestaltet und die Kommunikation innerhalb des Projektteams sowie mit unseren Kundinnen und Kunden erleichtert werden.<\/p>\n<h2>Unterst\u00fctzung f\u00fcr anspruchsvolle Lokalisierungsprojekte<\/h2>\n<p>Sie ben\u00f6tigen eine professionelle Lokalisierung oder \u00dcbersetzung? Von der \u00dcbertragung der Benutzeroberfl\u00e4che \u00fcber die Anpassung grafischer Elemente bis hin zur Verarbeitung webbasierter Anwendungen und funktionaler Pr\u00fcfungen begleiten wir Ihr Projekt mit unserer Erfahrung, unseren technischen Werkzeugen und muttersprachlichen Fach\u00fcbersetzerinnen und Fach\u00fcbersetzern.<\/p>\n<p>Kontaktieren Sie uns oder nutzen Sie unser <a href=\"https:\/\/www.tilti.com\/at\/de\/angebotsanfrage\/\">Anfrageformular<\/a> f\u00fcr einen ersten Kontakt.<\/p>\n","protected":false},"excerpt":{"rendered":"<p>MemoQ ist eines unser CAT Tools (Computer Assisted Translation), welches \u00fcber eine eigene Benutzeroberfl\u00e4che verf\u00fcgt und zudem datenbankgest\u00fctzte \u00dcbersetzungen erm\u00f6glicht. Der Einsatz dieses Tools ist dabei keinesfalls mit einer maschinellen \u00dcbersetzung zu verwechseln. Alle Hilfswerkzeuge werden von uns und unseren \u00dcbersetzern ausschlie\u00dflich in Ihrem Sinne, bewusst und in Abh\u00e4ngigkeit von Ihrem \u00dcbersetzungsprojekt eingesetzt. Alle Vorteile [&hellip;]<\/p>\n","protected":false},"author":1,"featured_media":1210,"parent":670,"menu_order":0,"comment_status":"closed","ping_status":"closed","template":"","meta":{"_acf_changed":false,"footnotes":""},"class_list":["post-672","page","type-page","status-publish","has-post-thumbnail","hentry"],"acf":[],"yoast_head":"<!-- This site is optimized with the Yoast SEO plugin v27.4 - https:\/\/yoast.com\/product\/yoast-seo-wordpress\/ -->\n<title>memoQ \u2013 \u00dcbersetzungssoftware - Tilti Multilingual<\/title>\n<meta name=\"description\" content=\"memoQ zur Qualit\u00e4tssicherung \u00bb Projektautomatisierung \u2713 Zeit einsparen \u2713 Wahrung der Terminologie \u2713 Produktivit\u00e4ssteigerung \u2713 Jetzt ausf\u00fchrlich informieren!\" \/>\n<meta name=\"robots\" content=\"index, follow, max-snippet:-1, max-image-preview:large, max-video-preview:-1\" \/>\n<link rel=\"canonical\" href=\"https:\/\/www.tilti.com\/at\/de\/cat-tools\/memoq\/\" \/>\n<meta property=\"og:locale\" content=\"de_DE\" \/>\n<meta property=\"og:type\" content=\"article\" \/>\n<meta property=\"og:title\" content=\"memoQ \u2013 \u00dcbersetzungssoftware - Tilti Multilingual\" \/>\n<meta property=\"og:description\" content=\"memoQ zur Qualit\u00e4tssicherung \u00bb Projektautomatisierung \u2713 Zeit einsparen \u2713 Wahrung der Terminologie \u2713 Produktivit\u00e4ssteigerung \u2713 Jetzt ausf\u00fchrlich informieren!\" \/>\n<meta property=\"og:url\" content=\"https:\/\/www.tilti.com\/at\/de\/cat-tools\/memoq\/\" \/>\n<meta property=\"og:site_name\" content=\"Tilti Multilingual\" \/>\n<meta property=\"article:modified_time\" content=\"2025-12-03T15:02:59+00:00\" \/>\n<meta property=\"og:image\" content=\"https:\/\/www.tilti.com\/at\/wp-content\/uploads\/2017\/07\/tilti-hero-13-1.jpg\" \/>\n\t<meta property=\"og:image:width\" content=\"2880\" \/>\n\t<meta property=\"og:image:height\" content=\"1597\" \/>\n\t<meta property=\"og:image:type\" content=\"image\/jpeg\" \/>\n<meta name=\"twitter:card\" content=\"summary_large_image\" \/>\n<meta name=\"twitter:label1\" content=\"Gesch\u00e4tzte Lesezeit\" \/>\n\t<meta name=\"twitter:data1\" content=\"3 Minuten\" \/>\n<script type=\"application\/ld+json\" class=\"yoast-schema-graph\">{\"@context\":\"https:\\\/\\\/schema.org\",\"@graph\":[{\"@type\":\"WebPage\",\"@id\":\"https:\\\/\\\/www.tilti.com\\\/at\\\/de\\\/cat-tools\\\/memoq\\\/\",\"url\":\"https:\\\/\\\/www.tilti.com\\\/at\\\/de\\\/cat-tools\\\/memoq\\\/\",\"name\":\"memoQ \u2013 \u00dcbersetzungssoftware - Tilti Multilingual\",\"isPartOf\":{\"@id\":\"https:\\\/\\\/www.tilti.com\\\/at\\\/en\\\/#website\"},\"primaryImageOfPage\":{\"@id\":\"https:\\\/\\\/www.tilti.com\\\/at\\\/de\\\/cat-tools\\\/memoq\\\/#primaryimage\"},\"image\":{\"@id\":\"https:\\\/\\\/www.tilti.com\\\/at\\\/de\\\/cat-tools\\\/memoq\\\/#primaryimage\"},\"thumbnailUrl\":\"https:\\\/\\\/www.tilti.com\\\/at\\\/wp-content\\\/uploads\\\/2017\\\/07\\\/tilti-hero-13-1.jpg\",\"datePublished\":\"2017-07-12T09:35:58+00:00\",\"dateModified\":\"2025-12-03T15:02:59+00:00\",\"description\":\"memoQ zur Qualit\u00e4tssicherung \u00bb Projektautomatisierung \u2713 Zeit einsparen \u2713 Wahrung der Terminologie \u2713 Produktivit\u00e4ssteigerung \u2713 Jetzt ausf\u00fchrlich informieren!\",\"breadcrumb\":{\"@id\":\"https:\\\/\\\/www.tilti.com\\\/at\\\/de\\\/cat-tools\\\/memoq\\\/#breadcrumb\"},\"inLanguage\":\"de-AT\",\"potentialAction\":[{\"@type\":\"ReadAction\",\"target\":[\"https:\\\/\\\/www.tilti.com\\\/at\\\/de\\\/cat-tools\\\/memoq\\\/\"]}]},{\"@type\":\"ImageObject\",\"inLanguage\":\"de-AT\",\"@id\":\"https:\\\/\\\/www.tilti.com\\\/at\\\/de\\\/cat-tools\\\/memoq\\\/#primaryimage\",\"url\":\"https:\\\/\\\/www.tilti.com\\\/at\\\/wp-content\\\/uploads\\\/2017\\\/07\\\/tilti-hero-13-1.jpg\",\"contentUrl\":\"https:\\\/\\\/www.tilti.com\\\/at\\\/wp-content\\\/uploads\\\/2017\\\/07\\\/tilti-hero-13-1.jpg\",\"width\":2880,\"height\":1597,\"caption\":\"translation agency tilti multilingual project manager\"},{\"@type\":\"BreadcrumbList\",\"@id\":\"https:\\\/\\\/www.tilti.com\\\/at\\\/de\\\/cat-tools\\\/memoq\\\/#breadcrumb\",\"itemListElement\":[{\"@type\":\"ListItem\",\"position\":1,\"name\":\"Start\",\"item\":\"https:\\\/\\\/www.tilti.com\\\/at\\\/de\\\/\"},{\"@type\":\"ListItem\",\"position\":2,\"name\":\"Tools\",\"item\":\"https:\\\/\\\/www.tilti.com\\\/at\\\/de\\\/cat-tools\\\/\"},{\"@type\":\"ListItem\",\"position\":3,\"name\":\"MemoQ\"}]},{\"@type\":\"WebSite\",\"@id\":\"https:\\\/\\\/www.tilti.com\\\/at\\\/en\\\/#website\",\"url\":\"https:\\\/\\\/www.tilti.com\\\/at\\\/en\\\/\",\"name\":\"Tilti Multilingual\",\"description\":\"Language and Communication Solutions\",\"inLanguage\":\"de-AT\"}]}<\/script>\n<!-- \/ Yoast SEO plugin. -->","yoast_head_json":{"title":"memoQ \u2013 \u00dcbersetzungssoftware - Tilti Multilingual","description":"memoQ zur Qualit\u00e4tssicherung \u00bb Projektautomatisierung \u2713 Zeit einsparen \u2713 Wahrung der Terminologie \u2713 Produktivit\u00e4ssteigerung \u2713 Jetzt ausf\u00fchrlich informieren!","robots":{"index":"index","follow":"follow","max-snippet":"max-snippet:-1","max-image-preview":"max-image-preview:large","max-video-preview":"max-video-preview:-1"},"canonical":"https:\/\/www.tilti.com\/at\/de\/cat-tools\/memoq\/","og_locale":"de_DE","og_type":"article","og_title":"memoQ \u2013 \u00dcbersetzungssoftware - Tilti Multilingual","og_description":"memoQ zur Qualit\u00e4tssicherung \u00bb Projektautomatisierung \u2713 Zeit einsparen \u2713 Wahrung der Terminologie \u2713 Produktivit\u00e4ssteigerung \u2713 Jetzt ausf\u00fchrlich informieren!","og_url":"https:\/\/www.tilti.com\/at\/de\/cat-tools\/memoq\/","og_site_name":"Tilti Multilingual","article_modified_time":"2025-12-03T15:02:59+00:00","og_image":[{"width":2880,"height":1597,"url":"https:\/\/www.tilti.com\/at\/wp-content\/uploads\/2017\/07\/tilti-hero-13-1.jpg","type":"image\/jpeg"}],"twitter_card":"summary_large_image","twitter_misc":{"Gesch\u00e4tzte Lesezeit":"3 Minuten"},"schema":{"@context":"https:\/\/schema.org","@graph":[{"@type":"WebPage","@id":"https:\/\/www.tilti.com\/at\/de\/cat-tools\/memoq\/","url":"https:\/\/www.tilti.com\/at\/de\/cat-tools\/memoq\/","name":"memoQ \u2013 \u00dcbersetzungssoftware - Tilti Multilingual","isPartOf":{"@id":"https:\/\/www.tilti.com\/at\/en\/#website"},"primaryImageOfPage":{"@id":"https:\/\/www.tilti.com\/at\/de\/cat-tools\/memoq\/#primaryimage"},"image":{"@id":"https:\/\/www.tilti.com\/at\/de\/cat-tools\/memoq\/#primaryimage"},"thumbnailUrl":"https:\/\/www.tilti.com\/at\/wp-content\/uploads\/2017\/07\/tilti-hero-13-1.jpg","datePublished":"2017-07-12T09:35:58+00:00","dateModified":"2025-12-03T15:02:59+00:00","description":"memoQ zur Qualit\u00e4tssicherung \u00bb Projektautomatisierung \u2713 Zeit einsparen \u2713 Wahrung der Terminologie \u2713 Produktivit\u00e4ssteigerung \u2713 Jetzt ausf\u00fchrlich informieren!","breadcrumb":{"@id":"https:\/\/www.tilti.com\/at\/de\/cat-tools\/memoq\/#breadcrumb"},"inLanguage":"de-AT","potentialAction":[{"@type":"ReadAction","target":["https:\/\/www.tilti.com\/at\/de\/cat-tools\/memoq\/"]}]},{"@type":"ImageObject","inLanguage":"de-AT","@id":"https:\/\/www.tilti.com\/at\/de\/cat-tools\/memoq\/#primaryimage","url":"https:\/\/www.tilti.com\/at\/wp-content\/uploads\/2017\/07\/tilti-hero-13-1.jpg","contentUrl":"https:\/\/www.tilti.com\/at\/wp-content\/uploads\/2017\/07\/tilti-hero-13-1.jpg","width":2880,"height":1597,"caption":"translation agency tilti multilingual project manager"},{"@type":"BreadcrumbList","@id":"https:\/\/www.tilti.com\/at\/de\/cat-tools\/memoq\/#breadcrumb","itemListElement":[{"@type":"ListItem","position":1,"name":"Start","item":"https:\/\/www.tilti.com\/at\/de\/"},{"@type":"ListItem","position":2,"name":"Tools","item":"https:\/\/www.tilti.com\/at\/de\/cat-tools\/"},{"@type":"ListItem","position":3,"name":"MemoQ"}]},{"@type":"WebSite","@id":"https:\/\/www.tilti.com\/at\/en\/#website","url":"https:\/\/www.tilti.com\/at\/en\/","name":"Tilti Multilingual","description":"Language and Communication Solutions","inLanguage":"de-AT"}]}},"_links":{"self":[{"href":"https:\/\/www.tilti.com\/at\/de\/wp-json\/wp\/v2\/pages\/672","targetHints":{"allow":["GET"]}}],"collection":[{"href":"https:\/\/www.tilti.com\/at\/de\/wp-json\/wp\/v2\/pages"}],"about":[{"href":"https:\/\/www.tilti.com\/at\/de\/wp-json\/wp\/v2\/types\/page"}],"author":[{"embeddable":true,"href":"https:\/\/www.tilti.com\/at\/de\/wp-json\/wp\/v2\/users\/1"}],"replies":[{"embeddable":true,"href":"https:\/\/www.tilti.com\/at\/de\/wp-json\/wp\/v2\/comments?post=672"}],"version-history":[{"count":10,"href":"https:\/\/www.tilti.com\/at\/de\/wp-json\/wp\/v2\/pages\/672\/revisions"}],"predecessor-version":[{"id":4210,"href":"https:\/\/www.tilti.com\/at\/de\/wp-json\/wp\/v2\/pages\/672\/revisions\/4210"}],"up":[{"embeddable":true,"href":"https:\/\/www.tilti.com\/at\/de\/wp-json\/wp\/v2\/pages\/670"}],"wp:featuredmedia":[{"embeddable":true,"href":"https:\/\/www.tilti.com\/at\/de\/wp-json\/wp\/v2\/media\/1210"}],"wp:attachment":[{"href":"https:\/\/www.tilti.com\/at\/de\/wp-json\/wp\/v2\/media?parent=672"}],"curies":[{"name":"wp","href":"https:\/\/api.w.org\/{rel}","templated":true}]}}