{"id":699,"date":"2017-07-12T12:25:48","date_gmt":"2017-07-12T10:25:48","guid":{"rendered":"http:\/\/www.tilti.com\/at\/?page_id=699\/"},"modified":"2025-12-03T18:57:21","modified_gmt":"2025-12-03T17:57:21","slug":"team","status":"publish","type":"page","link":"https:\/\/www.tilti.com\/at\/de\/ueber-uns\/team\/","title":{"rendered":"Team"},"content":{"rendered":"<p data-start=\"405\" data-end=\"857\">Unser stetig wachsendes Team umfasst mehr als 3.000 erfahrene und qualifizierte Fach\u00fcbersetzerinnen und Fach\u00fcbersetzer, Lektorinnen und Lektoren, Dolmetscherinnen und Dolmetscher, IT- und Terminologiespezialistinnen und -spezialisten, Projektmanagerinnen und Projektmanager sowie Pr\u00fcferinnen und Pr\u00fcfer. Gemeinsam unterst\u00fctzen wir unsere internationalen Kundinnen und Kunden mit professionellen Sprachdienstleistungen und praxisorientierten L\u00f6sungen.<\/p>\n<p data-start=\"859\" data-end=\"1008\">Unser globales Team bringt vielf\u00e4ltiges Know-how und Engagement in jedes Projekt ein \u2013 von der Planung \u00fcber die Umsetzung bis hin zum finalen Layout.<\/p>\n<h2>Muttersprachliche \u00dcbersetzer<\/h2>\n<p data-start=\"633\" data-end=\"1063\">Alle unsere \u00dcbersetzerinnen und \u00dcbersetzer verf\u00fcgen \u00fcber muttersprachliche Kompetenz in einer unserer \u00fcber 50 Zielsprachen und besitzen Fachkenntnisse in relevanten Kompetenzbereichen wie Computer Science &amp; Tech, Finance &amp; Legal sowie Medizin. Durch den fachgerechten Umgang mit branchenspezifischer Terminologie und die konsistente Verwendung entsprechender Begriffe wird eine pr\u00e4zise und fachorientierte \u00dcbersetzung unterst\u00fctzt.<\/p>\n<p data-start=\"1065\" data-end=\"1536\">Der Einsatz moderner Tools erm\u00f6glicht eine enge Vernetzung aller am \u00dcbersetzungsprozess Beteiligten und erleichtert die koordinierte Bearbeitung der Projekte \u2013 unabh\u00e4ngig von Ort und Zeit. Translation-Memory-Systeme (TMS) und Terminologiedatenbanken tragen zudem dazu bei, unternehmens- und branchenspezifische Terminologie konsistent abzubilden und sprachliche Aspekte wie Rechtschreibung, Zeichensetzung oder Textl\u00e4ngen in der jeweiligen Zielsprache zu ber\u00fccksichtigen.<\/p>\n<h2>Projektmanagement und Qualit\u00e4tssicherung<\/h2>\n<p data-start=\"346\" data-end=\"717\">Von der ersten Kontaktaufnahme bis hin zum finalen Produkt begleiten wir unsere Kundinnen und Kunden mit einem umfassenden Service. Dieser reicht von der \u00dcbersetzung und Pr\u00fcfung der Dokumente \u00fcber die Abstimmung und Pflege der Terminologie bis hin zu abschlie\u00dfenden Layoutarbeiten. Mit dem Team von Tilti Multilingual haben Sie einen verl\u00e4sslichen Partner an Ihrer Seite.<\/p>\n<p data-start=\"719\" data-end=\"1280\">Unsere Kundinnen und Kunden stehen im Mittelpunkt unserer Arbeit. Im direkten Austausch mit Ihrer pers\u00f6nlichen Projektmanagerin oder Ihrem Projektmanager koordinieren wir die Zusammenarbeit mit \u00dcbersetzerinnen, \u00dcbersetzern und Terminologiespezialistinnen und -spezialisten. Im Hintergrund unterst\u00fctzen Qualit\u00e4tsmanagerinnen und Qualit\u00e4tsmanager, Lektorinnen und Lektoren, Revisorinnen und Revisoren sowie DTP-Fachkr\u00e4fte die Umsetzung, um die \u00dcbersetzungen sorgf\u00e4ltig weiterzuentwickeln und sie entsprechend Ihren Vorgaben an Zielsprache und Medium auszurichten.<\/p>\n","protected":false},"excerpt":{"rendered":"<p>Unser stetig wachsendes Team umfasst mehr als 3.000 erfahrene und qualifizierte Fach\u00fcbersetzerinnen und Fach\u00fcbersetzer, Lektorinnen und Lektoren, Dolmetscherinnen und Dolmetscher, IT- und Terminologiespezialistinnen und -spezialisten, Projektmanagerinnen und Projektmanager sowie Pr\u00fcferinnen und Pr\u00fcfer. Gemeinsam unterst\u00fctzen wir unsere internationalen Kundinnen und Kunden mit professionellen Sprachdienstleistungen und praxisorientierten L\u00f6sungen. Unser globales Team bringt vielf\u00e4ltiges Know-how und Engagement in [&hellip;]<\/p>\n","protected":false},"author":1,"featured_media":1140,"parent":697,"menu_order":0,"comment_status":"closed","ping_status":"closed","template":"page-team.php","meta":{"_acf_changed":false,"footnotes":""},"class_list":["post-699","page","type-page","status-publish","has-post-thumbnail","hentry"],"acf":[],"yoast_head":"<!-- This site is optimized with the Yoast SEO plugin v27.5 - https:\/\/yoast.com\/product\/yoast-seo-wordpress\/ -->\n<title>Team - Tilti Multilingual<\/title>\n<meta name=\"description\" content=\"Tilti Multilingual stellt sich vor \u00bb ein professionelles Team u.a. aus Fach\u00fcbersetzern, Dolmetschern &amp; Projektmanagern\" \/>\n<meta name=\"robots\" content=\"index, follow, max-snippet:-1, max-image-preview:large, max-video-preview:-1\" \/>\n<link rel=\"canonical\" href=\"https:\/\/www.tilti.com\/at\/de\/ueber-uns\/team\/\" \/>\n<meta property=\"og:locale\" content=\"de_DE\" \/>\n<meta property=\"og:type\" content=\"article\" \/>\n<meta property=\"og:title\" content=\"Team - Tilti Multilingual\" \/>\n<meta property=\"og:description\" content=\"Tilti Multilingual stellt sich vor \u00bb ein professionelles Team u.a. aus Fach\u00fcbersetzern, Dolmetschern &amp; Projektmanagern\" \/>\n<meta property=\"og:url\" content=\"https:\/\/www.tilti.com\/at\/de\/ueber-uns\/team\/\" \/>\n<meta property=\"og:site_name\" content=\"Tilti Multilingual\" \/>\n<meta property=\"article:modified_time\" content=\"2025-12-03T17:57:21+00:00\" \/>\n<meta property=\"og:image\" content=\"https:\/\/www.tilti.com\/at\/wp-content\/uploads\/2017\/08\/tilti-hero-02.jpg\" \/>\n\t<meta property=\"og:image:width\" content=\"2879\" \/>\n\t<meta property=\"og:image:height\" content=\"654\" \/>\n\t<meta property=\"og:image:type\" content=\"image\/jpeg\" \/>\n<meta name=\"twitter:card\" content=\"summary_large_image\" \/>\n<meta name=\"twitter:label1\" content=\"Gesch\u00e4tzte Lesezeit\" \/>\n\t<meta name=\"twitter:data1\" content=\"2 Minuten\" \/>\n<script type=\"application\/ld+json\" class=\"yoast-schema-graph\">{\"@context\":\"https:\\\/\\\/schema.org\",\"@graph\":[{\"@type\":\"WebPage\",\"@id\":\"https:\\\/\\\/www.tilti.com\\\/at\\\/de\\\/ueber-uns\\\/team\\\/\",\"url\":\"https:\\\/\\\/www.tilti.com\\\/at\\\/de\\\/ueber-uns\\\/team\\\/\",\"name\":\"Team - Tilti Multilingual\",\"isPartOf\":{\"@id\":\"https:\\\/\\\/www.tilti.com\\\/at\\\/en\\\/#website\"},\"primaryImageOfPage\":{\"@id\":\"https:\\\/\\\/www.tilti.com\\\/at\\\/de\\\/ueber-uns\\\/team\\\/#primaryimage\"},\"image\":{\"@id\":\"https:\\\/\\\/www.tilti.com\\\/at\\\/de\\\/ueber-uns\\\/team\\\/#primaryimage\"},\"thumbnailUrl\":\"https:\\\/\\\/www.tilti.com\\\/at\\\/wp-content\\\/uploads\\\/2017\\\/08\\\/tilti-hero-02.jpg\",\"datePublished\":\"2017-07-12T10:25:48+00:00\",\"dateModified\":\"2025-12-03T17:57:21+00:00\",\"description\":\"Tilti Multilingual stellt sich vor \u00bb ein professionelles Team u.a. aus Fach\u00fcbersetzern, Dolmetschern & Projektmanagern\",\"breadcrumb\":{\"@id\":\"https:\\\/\\\/www.tilti.com\\\/at\\\/de\\\/ueber-uns\\\/team\\\/#breadcrumb\"},\"inLanguage\":\"de-AT\",\"potentialAction\":[{\"@type\":\"ReadAction\",\"target\":[\"https:\\\/\\\/www.tilti.com\\\/at\\\/de\\\/ueber-uns\\\/team\\\/\"]}]},{\"@type\":\"ImageObject\",\"inLanguage\":\"de-AT\",\"@id\":\"https:\\\/\\\/www.tilti.com\\\/at\\\/de\\\/ueber-uns\\\/team\\\/#primaryimage\",\"url\":\"https:\\\/\\\/www.tilti.com\\\/at\\\/wp-content\\\/uploads\\\/2017\\\/08\\\/tilti-hero-02.jpg\",\"contentUrl\":\"https:\\\/\\\/www.tilti.com\\\/at\\\/wp-content\\\/uploads\\\/2017\\\/08\\\/tilti-hero-02.jpg\",\"width\":2879,\"height\":654,\"caption\":\"translation agency tilti multilingual riga\"},{\"@type\":\"BreadcrumbList\",\"@id\":\"https:\\\/\\\/www.tilti.com\\\/at\\\/de\\\/ueber-uns\\\/team\\\/#breadcrumb\",\"itemListElement\":[{\"@type\":\"ListItem\",\"position\":1,\"name\":\"Start\",\"item\":\"https:\\\/\\\/www.tilti.com\\\/at\\\/de\\\/\"},{\"@type\":\"ListItem\",\"position\":2,\"name\":\"\u00dcber uns\",\"item\":\"https:\\\/\\\/www.tilti.com\\\/at\\\/de\\\/ueber-uns\\\/\"},{\"@type\":\"ListItem\",\"position\":3,\"name\":\"Team\"}]},{\"@type\":\"WebSite\",\"@id\":\"https:\\\/\\\/www.tilti.com\\\/at\\\/en\\\/#website\",\"url\":\"https:\\\/\\\/www.tilti.com\\\/at\\\/en\\\/\",\"name\":\"Tilti Multilingual\",\"description\":\"Language and Communication Solutions\",\"inLanguage\":\"de-AT\"}]}<\/script>\n<!-- \/ Yoast SEO plugin. -->","yoast_head_json":{"title":"Team - Tilti Multilingual","description":"Tilti Multilingual stellt sich vor \u00bb ein professionelles Team u.a. aus Fach\u00fcbersetzern, Dolmetschern & Projektmanagern","robots":{"index":"index","follow":"follow","max-snippet":"max-snippet:-1","max-image-preview":"max-image-preview:large","max-video-preview":"max-video-preview:-1"},"canonical":"https:\/\/www.tilti.com\/at\/de\/ueber-uns\/team\/","og_locale":"de_DE","og_type":"article","og_title":"Team - Tilti Multilingual","og_description":"Tilti Multilingual stellt sich vor \u00bb ein professionelles Team u.a. aus Fach\u00fcbersetzern, Dolmetschern & Projektmanagern","og_url":"https:\/\/www.tilti.com\/at\/de\/ueber-uns\/team\/","og_site_name":"Tilti Multilingual","article_modified_time":"2025-12-03T17:57:21+00:00","og_image":[{"width":2879,"height":654,"url":"https:\/\/www.tilti.com\/at\/wp-content\/uploads\/2017\/08\/tilti-hero-02.jpg","type":"image\/jpeg"}],"twitter_card":"summary_large_image","twitter_misc":{"Gesch\u00e4tzte Lesezeit":"2 Minuten"},"schema":{"@context":"https:\/\/schema.org","@graph":[{"@type":"WebPage","@id":"https:\/\/www.tilti.com\/at\/de\/ueber-uns\/team\/","url":"https:\/\/www.tilti.com\/at\/de\/ueber-uns\/team\/","name":"Team - Tilti Multilingual","isPartOf":{"@id":"https:\/\/www.tilti.com\/at\/en\/#website"},"primaryImageOfPage":{"@id":"https:\/\/www.tilti.com\/at\/de\/ueber-uns\/team\/#primaryimage"},"image":{"@id":"https:\/\/www.tilti.com\/at\/de\/ueber-uns\/team\/#primaryimage"},"thumbnailUrl":"https:\/\/www.tilti.com\/at\/wp-content\/uploads\/2017\/08\/tilti-hero-02.jpg","datePublished":"2017-07-12T10:25:48+00:00","dateModified":"2025-12-03T17:57:21+00:00","description":"Tilti Multilingual stellt sich vor \u00bb ein professionelles Team u.a. aus Fach\u00fcbersetzern, Dolmetschern & Projektmanagern","breadcrumb":{"@id":"https:\/\/www.tilti.com\/at\/de\/ueber-uns\/team\/#breadcrumb"},"inLanguage":"de-AT","potentialAction":[{"@type":"ReadAction","target":["https:\/\/www.tilti.com\/at\/de\/ueber-uns\/team\/"]}]},{"@type":"ImageObject","inLanguage":"de-AT","@id":"https:\/\/www.tilti.com\/at\/de\/ueber-uns\/team\/#primaryimage","url":"https:\/\/www.tilti.com\/at\/wp-content\/uploads\/2017\/08\/tilti-hero-02.jpg","contentUrl":"https:\/\/www.tilti.com\/at\/wp-content\/uploads\/2017\/08\/tilti-hero-02.jpg","width":2879,"height":654,"caption":"translation agency tilti multilingual riga"},{"@type":"BreadcrumbList","@id":"https:\/\/www.tilti.com\/at\/de\/ueber-uns\/team\/#breadcrumb","itemListElement":[{"@type":"ListItem","position":1,"name":"Start","item":"https:\/\/www.tilti.com\/at\/de\/"},{"@type":"ListItem","position":2,"name":"\u00dcber uns","item":"https:\/\/www.tilti.com\/at\/de\/ueber-uns\/"},{"@type":"ListItem","position":3,"name":"Team"}]},{"@type":"WebSite","@id":"https:\/\/www.tilti.com\/at\/en\/#website","url":"https:\/\/www.tilti.com\/at\/en\/","name":"Tilti Multilingual","description":"Language and Communication Solutions","inLanguage":"de-AT"}]}},"_links":{"self":[{"href":"https:\/\/www.tilti.com\/at\/de\/wp-json\/wp\/v2\/pages\/699","targetHints":{"allow":["GET"]}}],"collection":[{"href":"https:\/\/www.tilti.com\/at\/de\/wp-json\/wp\/v2\/pages"}],"about":[{"href":"https:\/\/www.tilti.com\/at\/de\/wp-json\/wp\/v2\/types\/page"}],"author":[{"embeddable":true,"href":"https:\/\/www.tilti.com\/at\/de\/wp-json\/wp\/v2\/users\/1"}],"replies":[{"embeddable":true,"href":"https:\/\/www.tilti.com\/at\/de\/wp-json\/wp\/v2\/comments?post=699"}],"version-history":[{"count":24,"href":"https:\/\/www.tilti.com\/at\/de\/wp-json\/wp\/v2\/pages\/699\/revisions"}],"predecessor-version":[{"id":4198,"href":"https:\/\/www.tilti.com\/at\/de\/wp-json\/wp\/v2\/pages\/699\/revisions\/4198"}],"up":[{"embeddable":true,"href":"https:\/\/www.tilti.com\/at\/de\/wp-json\/wp\/v2\/pages\/697"}],"wp:featuredmedia":[{"embeddable":true,"href":"https:\/\/www.tilti.com\/at\/de\/wp-json\/wp\/v2\/media\/1140"}],"wp:attachment":[{"href":"https:\/\/www.tilti.com\/at\/de\/wp-json\/wp\/v2\/media?parent=699"}],"curies":[{"name":"wp","href":"https:\/\/api.w.org\/{rel}","templated":true}]}}