{"id":901,"date":"2017-08-03T14:07:53","date_gmt":"2017-08-03T12:07:53","guid":{"rendered":"http:\/\/www.tilti.com\/at\/?page_id=901\/"},"modified":"2025-12-09T18:20:03","modified_gmt":"2025-12-09T17:20:03","slug":"terminologiemanagement","status":"publish","type":"page","link":"https:\/\/www.tilti.com\/at\/de\/dienstleistungen\/uebersetzungsservice\/terminologiemanagement\/","title":{"rendered":"Terminologiemanagement"},"content":{"rendered":"<p>\u00dcberzeugen Sie mit Ihrem Unternehmensauftritt und einer starken Kommunikation mit Hilfe einheitlicher Terminologien und gleichbleibender Qualit\u00e4t der Inhalte \u00fcber alle Kommunikationskan\u00e4le hinweg. Unser Terminologiemanagement erm\u00f6glicht eine konsequente Arbeit und somit h\u00f6chste Qualit\u00e4t unserer \u00dcbersetzungen f\u00fcr den Erfolg Ihrer Unternehmenskommunikation. Effiziente Terminologiearbeit tr\u00e4gt somit auch zum Fundament und der Konsistenz Ihrer Corporate Identity bei.<\/p>\n<p>Wir haben dem Terminologiemanagement in unserem t\u00e4glichen Streben nach einwandfreier \u00dcbersetzungsqualit\u00e4t einen besonderen Platz einger\u00e4umt.<\/p>\n<h2>Die Sicherung Ihrer Terminologie<\/h2>\n<h3>Individuelle Terminologiedatenbanken und Glossare<\/h3>\n<p>Unser Team aus qualifizierten Terminologiespezialisten k\u00fcmmert sich bei uns um die Aktualisierung und Pflege individueller Terminologiedatenbanken und firmenspezifischer Glossare. In Zusammenarbeit mit Ihnen, integrieren wir bestehende Terminologie bereits bei der ersten \u00dcbersetzung und bauen diese weiter aus, indem wir relevante Termini aus Folgeprojekten zu der bestehenden Datenbank erg\u00e4nzen.<\/p>\n<h3>Zuverl\u00e4ssige Translation-Memory-Systeme und Terminologiedatenbanken<\/h3>\n<p>Insbesondere f\u00fcr die \u00dcbersetzung von technischen Dokumentationen, Betriebsanleitungen, Softwareprogrammen oder auch Produktkatalogen, bei denen es h\u00e4ufig wiederkehrende Formulierungen gibt, ist der Einsatz von <a href=\"https:\/\/www.tilti.com\/at\/de\/cat-tools\/\">Tools<\/a> wie Translation-Memory-Systemen in Kombination mit einer Terminologiedatenbank sehr zu empfehlen. Softwareprogramme wie <a href=\"https:\/\/www.tilti.com\/at\/de\/cat-tools\/sdl-trados\/\">SDL Trados <\/a>oder <a href=\"https:\/\/www.tilti.com\/at\/de\/cat-tools\/star-transit\/\">Star Transit<\/a> k\u00f6nnen Textsegmente aus dem Ausgangstext und der fertigen \u00dcbersetzung paarweise abspeichern.<\/p>\n<p>Die gespeicherte \u00dcbersetzung dieser Textsegmente wird allgemein als Translation Memory (TM) bezeichnet. In Ihren n\u00e4chsten Projekten gibt das TM dem \u00dcbersetzer bei wiederkehrenden Formulierungen und Textsegmenten systemseitig Vorschl\u00e4ge und fungiert somit wie Ihr unternehmensspezifisches W\u00f6rterbuch. Der Einsatz von Translation-Memory-Systemen ist keinesfalls mit maschinellen \u00dcbersetzungen zu vergleichen.<\/p>\n<h3>Effektiv und konsequent \u2013 unsere \u00dcbersetzungstools<\/h3>\n<p>Wir verwenden im \u00dcbersetzungsprozess spezielle Hilfswerkzeuge zur Sicherung der Qualit\u00e4t und der Terminologie. Diese \u00dcbersetzungstools erzeugen keineswegs maschinelle \u00dcbersetzungen, sondern helfen ma\u00dfgeblich bei der Erstellung und Entwicklung Ihres individuellen Terminologiemanagements. Ihre unternehmensspezifische Terminologie kann bei Folgeprojekten einfach in unsere \u00dcbersetzungstools importiert werden und unterst\u00fctzt somit die Konsistenz aller Ihrer \u00dcbersetzungen. Wir verwenden unter anderem folgende <a href=\"https:\/\/www.tilti.com\/at\/de\/cat-tools\/\">CAT-Tools<\/a> f\u00fcr Ihr Translation Memory und als Terminologiedatenbank:<\/p>\n<ul>\n<li>SDL Trados<\/li>\n<li>SDL Multiterm<\/li>\n<li><a href=\"https:\/\/www.tilti.com\/at\/de\/cat-tools\/memoq\/\">memoQ<\/a><\/li>\n<li>D\u00e9j\u00e0 Vu<\/li>\n<li>Wordfast<\/li>\n<li>Transit<\/li>\n<\/ul>\n<h2>Unterschiedliche Anforderungen an Ihre Terminologie<\/h2>\n<p>Ob f\u00fcr ausl\u00e4ndische Zielm\u00e4rkte oder ausgelagerte Produktionsst\u00e4tten, der Bedarf an \u00dcbersetzungen w\u00e4chst mit zunehmender Globalisierung stetig und fordert vielf\u00e4ltige Sprachkombinationen. Die Erweiterung Ihrer Unternehmenskommunikation erh\u00f6ht die Komplexit\u00e4t Ihres Kommunikationsprozesses und verlangt h\u00f6chste Sorgfalt und Effizienz bei der Sicherung einer einheitlichen Qualit\u00e4t.<\/p>\n<h3>Unsere Kompetenzbereiche als qualitative Erg\u00e4nzung<\/h3>\n<p>Signifikante Fachausdr\u00fccke, abh\u00e4ngig von Branche und Zielgruppe, m\u00fcssen korrekt und konsistent in allen Ihren Dokumenten \u00fcbersetzt werden. Dar\u00fcber hinaus m\u00fcssen Sie auch die einheitliche Umsetzung Ihrer unternehmensinternen Termini ber\u00fccksichtigen, was oft eine untersch\u00e4tzte Schwierigkeit darstellt. Das Zusammenspiel fachlich perfekter Inhalte und einheitlicher Terminologie macht den Unterschied und somit den Erfolg Ihrer \u00dcbersetzungen aus. Diese sprachlichen Herausforderungen setzen unsere muttersprachlichen Fach\u00fcbersetzer und Terminologiespezialisten zuverl\u00e4ssig und in bester Qualit\u00e4t um.<\/p>\n<h2>Wir sorgen f\u00fcr Ihre \u00dcberzeugungskraft<\/h2>\n<p>Zu unserem Team geh\u00f6ren nicht nur \u00dcbersetzer und Fachexperten, sondern auch Lektoren, IT-Spezialisten, Revisoren, Qualit\u00e4tsmanager und Projektmanager. Alle Mitglieder unseres Unternehmens sind stets bem\u00fcht Sie zufriedenzustellen und Ihr Terminologiemanagement mit h\u00f6chstem Anspruch umzusetzen. Nutzen Sie unser <a href=\"https:\/\/www.tilti.com\/at\/de\/angebotsanfrage\/\">Anfrageformular<\/a> oder kontaktieren Sie uns telefonisch \u2013 wir beraten Sie gern.<\/p>\n","protected":false},"excerpt":{"rendered":"<p>\u00dcberzeugen Sie mit Ihrem Unternehmensauftritt und einer starken Kommunikation mit Hilfe einheitlicher Terminologien und gleichbleibender Qualit\u00e4t der Inhalte \u00fcber alle Kommunikationskan\u00e4le hinweg. Unser Terminologiemanagement erm\u00f6glicht eine konsequente Arbeit und somit h\u00f6chste Qualit\u00e4t unserer \u00dcbersetzungen f\u00fcr den Erfolg Ihrer Unternehmenskommunikation. Effiziente Terminologiearbeit tr\u00e4gt somit auch zum Fundament und der Konsistenz Ihrer Corporate Identity bei. Wir haben [&hellip;]<\/p>\n","protected":false},"author":1,"featured_media":1171,"parent":815,"menu_order":0,"comment_status":"closed","ping_status":"closed","template":"page-service.php","meta":{"_acf_changed":false,"footnotes":""},"class_list":["post-901","page","type-page","status-publish","has-post-thumbnail","hentry"],"acf":[],"yoast_head":"<!-- This site is optimized with the Yoast SEO plugin v27.4 - https:\/\/yoast.com\/product\/yoast-seo-wordpress\/ -->\n<title>Terminologiemanagement - Tilti Multilingual<\/title>\n<meta name=\"description\" content=\"Die \u00dcbersetzung Ihrer Terminologie hat hohe Priorit\u00e4t \u00bb Pflege &amp; Aktualisierung Ihrer Terminologiedatenbank \u2713 durch erfahrene Terminologiespezialist:innen!\" \/>\n<meta name=\"robots\" content=\"index, follow, max-snippet:-1, max-image-preview:large, max-video-preview:-1\" \/>\n<link rel=\"canonical\" href=\"https:\/\/www.tilti.com\/at\/de\/dienstleistungen\/uebersetzungsservice\/terminologiemanagement\/\" \/>\n<meta property=\"og:locale\" content=\"de_DE\" \/>\n<meta property=\"og:type\" content=\"article\" \/>\n<meta property=\"og:title\" content=\"Terminologiemanagement - Tilti Multilingual\" \/>\n<meta property=\"og:description\" content=\"Die \u00dcbersetzung Ihrer Terminologie hat hohe Priorit\u00e4t \u00bb Pflege &amp; Aktualisierung Ihrer Terminologiedatenbank \u2713 durch erfahrene Terminologiespezialist:innen!\" \/>\n<meta property=\"og:url\" content=\"https:\/\/www.tilti.com\/at\/de\/dienstleistungen\/uebersetzungsservice\/terminologiemanagement\/\" \/>\n<meta property=\"og:site_name\" content=\"Tilti Multilingual\" \/>\n<meta property=\"article:modified_time\" content=\"2025-12-09T17:20:03+00:00\" \/>\n<meta property=\"og:image\" content=\"https:\/\/www.tilti.com\/at\/wp-content\/uploads\/2017\/07\/tilti-hero-03-1.jpg\" \/>\n\t<meta property=\"og:image:width\" content=\"2880\" \/>\n\t<meta property=\"og:image:height\" content=\"1763\" \/>\n\t<meta property=\"og:image:type\" content=\"image\/jpeg\" \/>\n<meta name=\"twitter:card\" content=\"summary_large_image\" \/>\n<meta name=\"twitter:label1\" content=\"Gesch\u00e4tzte Lesezeit\" \/>\n\t<meta name=\"twitter:data1\" content=\"3 Minuten\" \/>\n<script type=\"application\/ld+json\" class=\"yoast-schema-graph\">{\"@context\":\"https:\\\/\\\/schema.org\",\"@graph\":[{\"@type\":\"WebPage\",\"@id\":\"https:\\\/\\\/www.tilti.com\\\/at\\\/de\\\/dienstleistungen\\\/uebersetzungsservice\\\/terminologiemanagement\\\/\",\"url\":\"https:\\\/\\\/www.tilti.com\\\/at\\\/de\\\/dienstleistungen\\\/uebersetzungsservice\\\/terminologiemanagement\\\/\",\"name\":\"Terminologiemanagement - Tilti Multilingual\",\"isPartOf\":{\"@id\":\"https:\\\/\\\/www.tilti.com\\\/at\\\/en\\\/#website\"},\"primaryImageOfPage\":{\"@id\":\"https:\\\/\\\/www.tilti.com\\\/at\\\/de\\\/dienstleistungen\\\/uebersetzungsservice\\\/terminologiemanagement\\\/#primaryimage\"},\"image\":{\"@id\":\"https:\\\/\\\/www.tilti.com\\\/at\\\/de\\\/dienstleistungen\\\/uebersetzungsservice\\\/terminologiemanagement\\\/#primaryimage\"},\"thumbnailUrl\":\"https:\\\/\\\/www.tilti.com\\\/at\\\/wp-content\\\/uploads\\\/2017\\\/07\\\/tilti-hero-03-1.jpg\",\"datePublished\":\"2017-08-03T12:07:53+00:00\",\"dateModified\":\"2025-12-09T17:20:03+00:00\",\"description\":\"Die \u00dcbersetzung Ihrer Terminologie hat hohe Priorit\u00e4t \u00bb Pflege & Aktualisierung Ihrer Terminologiedatenbank \u2713 durch erfahrene Terminologiespezialist:innen!\",\"breadcrumb\":{\"@id\":\"https:\\\/\\\/www.tilti.com\\\/at\\\/de\\\/dienstleistungen\\\/uebersetzungsservice\\\/terminologiemanagement\\\/#breadcrumb\"},\"inLanguage\":\"de-AT\",\"potentialAction\":[{\"@type\":\"ReadAction\",\"target\":[\"https:\\\/\\\/www.tilti.com\\\/at\\\/de\\\/dienstleistungen\\\/uebersetzungsservice\\\/terminologiemanagement\\\/\"]}]},{\"@type\":\"ImageObject\",\"inLanguage\":\"de-AT\",\"@id\":\"https:\\\/\\\/www.tilti.com\\\/at\\\/de\\\/dienstleistungen\\\/uebersetzungsservice\\\/terminologiemanagement\\\/#primaryimage\",\"url\":\"https:\\\/\\\/www.tilti.com\\\/at\\\/wp-content\\\/uploads\\\/2017\\\/07\\\/tilti-hero-03-1.jpg\",\"contentUrl\":\"https:\\\/\\\/www.tilti.com\\\/at\\\/wp-content\\\/uploads\\\/2017\\\/07\\\/tilti-hero-03-1.jpg\",\"width\":2880,\"height\":1763,\"caption\":\"tilti multilingual translators and freelancers\"},{\"@type\":\"BreadcrumbList\",\"@id\":\"https:\\\/\\\/www.tilti.com\\\/at\\\/de\\\/dienstleistungen\\\/uebersetzungsservice\\\/terminologiemanagement\\\/#breadcrumb\",\"itemListElement\":[{\"@type\":\"ListItem\",\"position\":1,\"name\":\"Start\",\"item\":\"https:\\\/\\\/www.tilti.com\\\/at\\\/de\\\/\"},{\"@type\":\"ListItem\",\"position\":2,\"name\":\"Dienstleistungen\",\"item\":\"https:\\\/\\\/www.tilti.com\\\/at\\\/de\\\/dienstleistungen\\\/\"},{\"@type\":\"ListItem\",\"position\":3,\"name\":\"\u00dcbersetzung\",\"item\":\"https:\\\/\\\/www.tilti.com\\\/at\\\/de\\\/dienstleistungen\\\/uebersetzungsservice\\\/\"},{\"@type\":\"ListItem\",\"position\":4,\"name\":\"Terminologiemanagement\"}]},{\"@type\":\"WebSite\",\"@id\":\"https:\\\/\\\/www.tilti.com\\\/at\\\/en\\\/#website\",\"url\":\"https:\\\/\\\/www.tilti.com\\\/at\\\/en\\\/\",\"name\":\"Tilti Multilingual\",\"description\":\"Language and Communication Solutions\",\"inLanguage\":\"de-AT\"}]}<\/script>\n<!-- \/ Yoast SEO plugin. -->","yoast_head_json":{"title":"Terminologiemanagement - Tilti Multilingual","description":"Die \u00dcbersetzung Ihrer Terminologie hat hohe Priorit\u00e4t \u00bb Pflege & Aktualisierung Ihrer Terminologiedatenbank \u2713 durch erfahrene Terminologiespezialist:innen!","robots":{"index":"index","follow":"follow","max-snippet":"max-snippet:-1","max-image-preview":"max-image-preview:large","max-video-preview":"max-video-preview:-1"},"canonical":"https:\/\/www.tilti.com\/at\/de\/dienstleistungen\/uebersetzungsservice\/terminologiemanagement\/","og_locale":"de_DE","og_type":"article","og_title":"Terminologiemanagement - Tilti Multilingual","og_description":"Die \u00dcbersetzung Ihrer Terminologie hat hohe Priorit\u00e4t \u00bb Pflege & Aktualisierung Ihrer Terminologiedatenbank \u2713 durch erfahrene Terminologiespezialist:innen!","og_url":"https:\/\/www.tilti.com\/at\/de\/dienstleistungen\/uebersetzungsservice\/terminologiemanagement\/","og_site_name":"Tilti Multilingual","article_modified_time":"2025-12-09T17:20:03+00:00","og_image":[{"width":2880,"height":1763,"url":"https:\/\/www.tilti.com\/at\/wp-content\/uploads\/2017\/07\/tilti-hero-03-1.jpg","type":"image\/jpeg"}],"twitter_card":"summary_large_image","twitter_misc":{"Gesch\u00e4tzte Lesezeit":"3 Minuten"},"schema":{"@context":"https:\/\/schema.org","@graph":[{"@type":"WebPage","@id":"https:\/\/www.tilti.com\/at\/de\/dienstleistungen\/uebersetzungsservice\/terminologiemanagement\/","url":"https:\/\/www.tilti.com\/at\/de\/dienstleistungen\/uebersetzungsservice\/terminologiemanagement\/","name":"Terminologiemanagement - Tilti Multilingual","isPartOf":{"@id":"https:\/\/www.tilti.com\/at\/en\/#website"},"primaryImageOfPage":{"@id":"https:\/\/www.tilti.com\/at\/de\/dienstleistungen\/uebersetzungsservice\/terminologiemanagement\/#primaryimage"},"image":{"@id":"https:\/\/www.tilti.com\/at\/de\/dienstleistungen\/uebersetzungsservice\/terminologiemanagement\/#primaryimage"},"thumbnailUrl":"https:\/\/www.tilti.com\/at\/wp-content\/uploads\/2017\/07\/tilti-hero-03-1.jpg","datePublished":"2017-08-03T12:07:53+00:00","dateModified":"2025-12-09T17:20:03+00:00","description":"Die \u00dcbersetzung Ihrer Terminologie hat hohe Priorit\u00e4t \u00bb Pflege & Aktualisierung Ihrer Terminologiedatenbank \u2713 durch erfahrene Terminologiespezialist:innen!","breadcrumb":{"@id":"https:\/\/www.tilti.com\/at\/de\/dienstleistungen\/uebersetzungsservice\/terminologiemanagement\/#breadcrumb"},"inLanguage":"de-AT","potentialAction":[{"@type":"ReadAction","target":["https:\/\/www.tilti.com\/at\/de\/dienstleistungen\/uebersetzungsservice\/terminologiemanagement\/"]}]},{"@type":"ImageObject","inLanguage":"de-AT","@id":"https:\/\/www.tilti.com\/at\/de\/dienstleistungen\/uebersetzungsservice\/terminologiemanagement\/#primaryimage","url":"https:\/\/www.tilti.com\/at\/wp-content\/uploads\/2017\/07\/tilti-hero-03-1.jpg","contentUrl":"https:\/\/www.tilti.com\/at\/wp-content\/uploads\/2017\/07\/tilti-hero-03-1.jpg","width":2880,"height":1763,"caption":"tilti multilingual translators and freelancers"},{"@type":"BreadcrumbList","@id":"https:\/\/www.tilti.com\/at\/de\/dienstleistungen\/uebersetzungsservice\/terminologiemanagement\/#breadcrumb","itemListElement":[{"@type":"ListItem","position":1,"name":"Start","item":"https:\/\/www.tilti.com\/at\/de\/"},{"@type":"ListItem","position":2,"name":"Dienstleistungen","item":"https:\/\/www.tilti.com\/at\/de\/dienstleistungen\/"},{"@type":"ListItem","position":3,"name":"\u00dcbersetzung","item":"https:\/\/www.tilti.com\/at\/de\/dienstleistungen\/uebersetzungsservice\/"},{"@type":"ListItem","position":4,"name":"Terminologiemanagement"}]},{"@type":"WebSite","@id":"https:\/\/www.tilti.com\/at\/en\/#website","url":"https:\/\/www.tilti.com\/at\/en\/","name":"Tilti Multilingual","description":"Language and Communication Solutions","inLanguage":"de-AT"}]}},"_links":{"self":[{"href":"https:\/\/www.tilti.com\/at\/de\/wp-json\/wp\/v2\/pages\/901","targetHints":{"allow":["GET"]}}],"collection":[{"href":"https:\/\/www.tilti.com\/at\/de\/wp-json\/wp\/v2\/pages"}],"about":[{"href":"https:\/\/www.tilti.com\/at\/de\/wp-json\/wp\/v2\/types\/page"}],"author":[{"embeddable":true,"href":"https:\/\/www.tilti.com\/at\/de\/wp-json\/wp\/v2\/users\/1"}],"replies":[{"embeddable":true,"href":"https:\/\/www.tilti.com\/at\/de\/wp-json\/wp\/v2\/comments?post=901"}],"version-history":[{"count":14,"href":"https:\/\/www.tilti.com\/at\/de\/wp-json\/wp\/v2\/pages\/901\/revisions"}],"predecessor-version":[{"id":4233,"href":"https:\/\/www.tilti.com\/at\/de\/wp-json\/wp\/v2\/pages\/901\/revisions\/4233"}],"up":[{"embeddable":true,"href":"https:\/\/www.tilti.com\/at\/de\/wp-json\/wp\/v2\/pages\/815"}],"wp:featuredmedia":[{"embeddable":true,"href":"https:\/\/www.tilti.com\/at\/de\/wp-json\/wp\/v2\/media\/1171"}],"wp:attachment":[{"href":"https:\/\/www.tilti.com\/at\/de\/wp-json\/wp\/v2\/media?parent=901"}],"curies":[{"name":"wp","href":"https:\/\/api.w.org\/{rel}","templated":true}]}}